{"id":518,"date":"2020-07-01T03:17:47","date_gmt":"2020-07-01T07:17:47","guid":{"rendered":"https:\/\/weddingpackagesnyc.com\/?post_type=product&#038;p=518"},"modified":"2024-03-05T12:18:08","modified_gmt":"2024-03-05T17:18:08","slug":"church-wedding-package","status":"publish","type":"product","link":"https:\/\/weddingpackagesnyc.com\/es\/producto\/church-wedding-package\/","title":{"rendered":"Boda en la iglesia en Manhattan"},"content":{"rendered":"<h4><strong>Celebre la boda de sus sue\u00f1os en la incre\u00edble \"<em>Todas las almas\"<\/em>\u00a0iglesia<\/strong><\/h4>\n<p>Disfrute de la hermosa y edificante experiencia de decir \"<em>s\u00ed, quiero<\/em>\u201da la manera tradicional.<\/p>\n<p>\u00a1Esta es realmente la mejor oferta de la ciudad! Eliminamos de toda la burocracia y la interminable molestia de reservar su\u00a0<strong>boda en una iglesia<\/strong>. \u00a1Nos ocupamos de absolutamente todo por usted! Esta joya est\u00e1 ubicada en el coraz\u00f3n de Nueva York, en Lexington y calle 79. A pocas cuadras de Central Park. Despu\u00e9s de su ceremonia, puede caminar hasta el parque y coronar su d\u00eda con hermosas fotograf\u00edas.<\/p>\n<h4>Beneficios:<\/h4>\n<p>No hay asesoramiento o Pre-Cana antes de su boda<br \/>\nNo es necesario ser de ninguna religi\u00f3n espec\u00edfica<br \/>\nLas parejas interreligiosas son bienvenidos<br \/>\nParejas del mismo sexo tambi\u00e9n son bienvenidos<br \/>\nUsted elige a su ministro: hombre o mujer<br \/>\nUsted elige su estilo de ceremonia: cristiano, interreligioso, agn\u00f3stico<\/p>\n<p>Procesaremos todo el papeleo para usted despu\u00e9s de su boda, firmaremos su licencia y la enviaremos a las autoridades.<\/p>\n<p>Recibir\u00e1 su certificado de matrimonio por correo unas semanas despu\u00e9s de su boda. Si tiene prisa y necesita su certificado de inmediato, puede obtenerlo en persona el siguiente d\u00eda h\u00e1bil.<\/p>\n<p>Este paquete de bodas tiene todo lo que necesita para completar su d\u00eda especial. Creamos un paquete con todo lo esencial: su ministro, sus flores y su m\u00fasica para la ceremonia. Puede agregar otros servicios como fot\u00f3grafo, peluquer\u00eda y maquillaje, limusina\u2026 bajo pedido.<\/p>","protected":false},"excerpt":{"rendered":"<p>The traditional route<\/p>","protected":false},"featured_media":519,"template":"","meta":{"_acf_changed":false},"product_brand":[],"product_cat":[18],"product_tag":[404,403,405,406],"class_list":{"0":"post-518","1":"product","2":"type-product","3":"status-publish","4":"has-post-thumbnail","6":"product_cat-uncategorized","7":"product_tag-church-in-new-york-city","8":"product_tag-church-wedding","9":"product_tag-church-wedding-in-new-york-city","10":"product_tag-get-married-in-a-church","11":"wpbf-post","14":"instock","15":"virtual","16":"sold-individually","17":"purchasable","18":"product-type-simple"},"acf":[],"_links":{"self":[{"href":"https:\/\/weddingpackagesnyc.com\/es\/wp-json\/wp\/v2\/product\/518","targetHints":{"allow":["GET"]}}],"collection":[{"href":"https:\/\/weddingpackagesnyc.com\/es\/wp-json\/wp\/v2\/product"}],"about":[{"href":"https:\/\/weddingpackagesnyc.com\/es\/wp-json\/wp\/v2\/types\/product"}],"wp:featuredmedia":[{"embeddable":true,"href":"https:\/\/weddingpackagesnyc.com\/es\/wp-json\/wp\/v2\/media\/519"}],"wp:attachment":[{"href":"https:\/\/weddingpackagesnyc.com\/es\/wp-json\/wp\/v2\/media?parent=518"}],"wp:term":[{"taxonomy":"product_brand","embeddable":true,"href":"https:\/\/weddingpackagesnyc.com\/es\/wp-json\/wp\/v2\/product_brand?post=518"},{"taxonomy":"product_cat","embeddable":true,"href":"https:\/\/weddingpackagesnyc.com\/es\/wp-json\/wp\/v2\/product_cat?post=518"},{"taxonomy":"product_tag","embeddable":true,"href":"https:\/\/weddingpackagesnyc.com\/es\/wp-json\/wp\/v2\/product_tag?post=518"}],"curies":[{"name":"wp","href":"https:\/\/api.w.org\/{rel}","templated":true}]}}