{"id":512,"date":"2020-07-01T03:00:50","date_gmt":"2020-07-01T07:00:50","guid":{"rendered":"https:\/\/weddingpackagesnyc.com\/?post_type=product&#038;p=512"},"modified":"2026-01-08T21:44:45","modified_gmt":"2026-01-09T02:44:45","slug":"rooftop-wedding-at-620-loft-garden","status":"publish","type":"product","link":"https:\/\/weddingpackagesnyc.com\/es\/producto\/rooftop-wedding-at-620-loft-garden\/","title":{"rendered":"Ceremonia en la azotea de 620 Loft &amp; Garden"},"content":{"rendered":"<p>Este es una de las azoteas al aire libre m\u00e1s lujosas del Midtown Manhattan. Este espacio, que es a su vez \u00fanico y muy distintivo, ofrece extraordinarias posibilidades para este d\u00eda tan especial. Las vistas de St. Patrick's Cathedral desde esta maravillosa azotea son impresionantes. A su vez la cercan\u00eda con la belleza natural del Central Park la transforman en el escenario ideal para las fotos m\u00e1s originales, que solo la Gran Manzana puede ofrecer.<\/p>\n<p><strong>Importante:<\/strong>\u00a0<strong>This Package is ONLY available Monday through Fridays from 9:00AM to 12:00 noon.\u00a0<\/strong><\/p>","protected":false},"excerpt":{"rendered":"<p>620 Loft &amp; Garden<\/p>","protected":false},"featured_media":513,"template":"","meta":{"_acf_changed":false},"product_brand":[],"product_cat":[26],"product_tag":[566,564,567,334,565],"class_list":{"0":"post-512","1":"product","2":"type-product","3":"status-publish","4":"has-post-thumbnail","6":"product_cat-other-nyc-locations","7":"product_tag-620-5th-ave","8":"product_tag-620-loft-garden","9":"product_tag-620-loft-garden-wedding","10":"product_tag-rockefeller-center","11":"product_tag-rooftop-wedding-in-new-york-city","12":"wpbf-post","15":"instock","16":"virtual","17":"sold-individually","18":"purchasable","19":"product-type-simple"},"acf":[],"_links":{"self":[{"href":"https:\/\/weddingpackagesnyc.com\/es\/wp-json\/wp\/v2\/product\/512","targetHints":{"allow":["GET"]}}],"collection":[{"href":"https:\/\/weddingpackagesnyc.com\/es\/wp-json\/wp\/v2\/product"}],"about":[{"href":"https:\/\/weddingpackagesnyc.com\/es\/wp-json\/wp\/v2\/types\/product"}],"wp:featuredmedia":[{"embeddable":true,"href":"https:\/\/weddingpackagesnyc.com\/es\/wp-json\/wp\/v2\/media\/513"}],"wp:attachment":[{"href":"https:\/\/weddingpackagesnyc.com\/es\/wp-json\/wp\/v2\/media?parent=512"}],"wp:term":[{"taxonomy":"product_brand","embeddable":true,"href":"https:\/\/weddingpackagesnyc.com\/es\/wp-json\/wp\/v2\/product_brand?post=512"},{"taxonomy":"product_cat","embeddable":true,"href":"https:\/\/weddingpackagesnyc.com\/es\/wp-json\/wp\/v2\/product_cat?post=512"},{"taxonomy":"product_tag","embeddable":true,"href":"https:\/\/weddingpackagesnyc.com\/es\/wp-json\/wp\/v2\/product_tag?post=512"}],"curies":[{"name":"wp","href":"https:\/\/api.w.org\/{rel}","templated":true}]}}