{"id":510,"date":"2020-07-01T02:54:01","date_gmt":"2020-07-01T06:54:01","guid":{"rendered":"https:\/\/weddingpackagesnyc.com\/?post_type=product&#038;p=510"},"modified":"2026-01-18T19:24:42","modified_gmt":"2026-01-19T00:24:42","slug":"top-of-the-rock-wedding","status":"publish","type":"product","link":"https:\/\/weddingpackagesnyc.com\/es\/producto\/top-of-the-rock-wedding\/","title":{"rendered":"Paquete en el Top of the Rock"},"content":{"rendered":"<p>Decir \"<strong>s\u00ed, quiero<\/strong>\" en la azotea de uno de los edificios m\u00e1s ic\u00f3nicos de Nueva York! El Top of the Rock Observation Deck es una de las principales atracciones de la ciudad. Se encuentra en el Coraz\u00f3n del Rockefeller Center. Le proporcionaremos la persona perfecta para realizar su ceremonia. Tambi\u00e9n con un testigo si es necesario. Sin embargo, usted es responsable de obtener su Licencia de Matrimonio antes del d\u00eda de la ceremonia. Puede comenzar el proceso online haciendo click aqu\u00ed:\u00a0<strong><a href=\"https:\/\/www1.nyc.gov\/cityclerkformsonline\/formslist.htm?recordType=MARRIAGE\" target=\"_blank\" rel=\"noopener noreferrer\">LICENCIA DE MATRIMONIO<\/a><\/strong><\/p>\n<p>Obtendr\u00e1 el \u2018Tratamiento de las Estrellas en la Alfombra Roja\u2019 los 7 d\u00edas de la semana. Elige el d\u00eda y el horario de la ceremonia: noche, atardecer, a la tarde o durante la ma\u00f1ana.<\/p>\n<p>Depende de usted. Elige el d\u00eda, \u00a1nosotros lo hacemos posible!<\/p>","protected":false},"excerpt":{"rendered":"<p>Edificio Iconico en Nueva York<\/p>","protected":false},"featured_media":15809,"template":"","meta":{"_acf_changed":false},"product_brand":[],"product_cat":[26,634],"product_tag":[407,293,294,334,333,335],"class_list":{"0":"post-510","1":"product","2":"type-product","3":"status-publish","4":"has-post-thumbnail","6":"product_cat-other-nyc-locations","7":"product_cat-wedding-packages-in-nyc","8":"product_tag-elopement-in-new-york-city","9":"product_tag-micro-wedding","10":"product_tag-micro-wedding-in-new-york-city","11":"product_tag-rockefeller-center","12":"product_tag-top-of-the-rock","13":"product_tag-top-of-the-rock-nyc","14":"wpbf-post","17":"instock","18":"virtual","19":"sold-individually","20":"purchasable","21":"product-type-simple"},"acf":[],"_links":{"self":[{"href":"https:\/\/weddingpackagesnyc.com\/es\/wp-json\/wp\/v2\/product\/510","targetHints":{"allow":["GET"]}}],"collection":[{"href":"https:\/\/weddingpackagesnyc.com\/es\/wp-json\/wp\/v2\/product"}],"about":[{"href":"https:\/\/weddingpackagesnyc.com\/es\/wp-json\/wp\/v2\/types\/product"}],"wp:featuredmedia":[{"embeddable":true,"href":"https:\/\/weddingpackagesnyc.com\/es\/wp-json\/wp\/v2\/media\/15809"}],"wp:attachment":[{"href":"https:\/\/weddingpackagesnyc.com\/es\/wp-json\/wp\/v2\/media?parent=510"}],"wp:term":[{"taxonomy":"product_brand","embeddable":true,"href":"https:\/\/weddingpackagesnyc.com\/es\/wp-json\/wp\/v2\/product_brand?post=510"},{"taxonomy":"product_cat","embeddable":true,"href":"https:\/\/weddingpackagesnyc.com\/es\/wp-json\/wp\/v2\/product_cat?post=510"},{"taxonomy":"product_tag","embeddable":true,"href":"https:\/\/weddingpackagesnyc.com\/es\/wp-json\/wp\/v2\/product_tag?post=510"}],"curies":[{"name":"wp","href":"https:\/\/api.w.org\/{rel}","templated":true}]}}