{"id":508,"date":"2020-07-01T02:45:52","date_gmt":"2020-07-01T06:45:52","guid":{"rendered":"https:\/\/weddingpackagesnyc.com\/?post_type=product&#038;p=508"},"modified":"2026-01-21T17:56:50","modified_gmt":"2026-01-21T22:56:50","slug":"checker-cab-ceremony","status":"publish","type":"product","link":"https:\/\/weddingpackagesnyc.com\/es\/producto\/checker-cab-ceremony\/","title":{"rendered":"Paquete Taxi Clasico &amp; Ceremonia"},"content":{"rendered":"<p>\u00a1Este es el paquete PERFECTO! Le ofrece los tres\u00a0<em>servicios<\/em>\u00a0mas necesarios:\u00a0<strong>el oficiante,\u00a0<\/strong><strong>el fot\u00f3grafo y<\/strong>\u00a0<strong>su transporte<\/strong>\u00a0en un taxi cl\u00e1sico (Cabina Checker). Tendr\u00e1 el taxi por una hora, y podr\u00e1 utilizarlo como quiera. Le recoger\u00e1 donde usted indique y le llevar\u00e1 al lugar donde se celebrar\u00e1 la ceremonia. Tambi\u00e9n puede dar una vuelta por la ciudad para sacar fotos.<br \/>\nPodr\u00e1 visitar todos los lugares de inter\u00e9s de Nueva York. Puede tener su ceremonia al principio, a la mitad o al final de su paseo en el lugar que elija. Los lugares sugeridos son: Central Park, Brooklyn Bridge, Times Square, las escaleras del Public Library, o cualquier otro lugar que su coraz\u00f3n desee. Este paquete incluye un testigo, si lo necesita. Usted es responsable de obtener su licencia de matrimonio antes del d\u00eda de la boda. Haga clic aqu\u00ed para saber m\u00e1s: <a href=\"https:\/\/www1.nyc.gov\/cityclerkformsonline\/formslist.htm?recordType=MARRIAGE\" target=\"_blank\" rel=\"noopener noreferrer\">LICENCIA DE MATRIMONIO<\/a><\/p>","protected":false},"excerpt":{"rendered":"<p>Taxi cl\u00e1sico en Nueva York<\/p>","protected":false},"featured_media":16350,"template":"","meta":{"_acf_changed":false},"product_brand":[],"product_cat":[26,634],"product_tag":[674,417,416,293,294,409,295,415,413,410,408,414,412,411],"class_list":{"0":"post-508","1":"product","2":"type-product","3":"status-publish","4":"has-post-thumbnail","6":"product_cat-other-nyc-locations","7":"product_cat-wedding-packages-in-nyc","8":"product_tag-checker-cab","9":"product_tag-elopement-wedding-in-manhattan","10":"product_tag-get-married-in-new-york-city","11":"product_tag-micro-wedding","12":"product_tag-micro-wedding-in-new-york-city","13":"product_tag-new-york-city-taxi","14":"product_tag-new-york-city-wedding","15":"product_tag-ny-taxi","16":"product_tag-nyc-taxi","17":"product_tag-old-fashion-taxi-cab","18":"product_tag-taxi-cab","19":"product_tag-taxi-in-new-york-city","20":"product_tag-vintage-taxi","21":"product_tag-vintage-taxi-cab","22":"wpbf-post","25":"instock","26":"virtual","27":"sold-individually","28":"purchasable","29":"product-type-simple"},"acf":[],"_links":{"self":[{"href":"https:\/\/weddingpackagesnyc.com\/es\/wp-json\/wp\/v2\/product\/508","targetHints":{"allow":["GET"]}}],"collection":[{"href":"https:\/\/weddingpackagesnyc.com\/es\/wp-json\/wp\/v2\/product"}],"about":[{"href":"https:\/\/weddingpackagesnyc.com\/es\/wp-json\/wp\/v2\/types\/product"}],"wp:featuredmedia":[{"embeddable":true,"href":"https:\/\/weddingpackagesnyc.com\/es\/wp-json\/wp\/v2\/media\/16350"}],"wp:attachment":[{"href":"https:\/\/weddingpackagesnyc.com\/es\/wp-json\/wp\/v2\/media?parent=508"}],"wp:term":[{"taxonomy":"product_brand","embeddable":true,"href":"https:\/\/weddingpackagesnyc.com\/es\/wp-json\/wp\/v2\/product_brand?post=508"},{"taxonomy":"product_cat","embeddable":true,"href":"https:\/\/weddingpackagesnyc.com\/es\/wp-json\/wp\/v2\/product_cat?post=508"},{"taxonomy":"product_tag","embeddable":true,"href":"https:\/\/weddingpackagesnyc.com\/es\/wp-json\/wp\/v2\/product_tag?post=508"}],"curies":[{"name":"wp","href":"https:\/\/api.w.org\/{rel}","templated":true}]}}