{"id":500,"date":"2020-07-01T01:37:18","date_gmt":"2020-07-01T05:37:18","guid":{"rendered":"https:\/\/weddingpackagesnyc.com\/?post_type=product&#038;p=500"},"modified":"2026-02-07T13:22:39","modified_gmt":"2026-02-07T18:22:39","slug":"silver-package","status":"publish","type":"product","link":"https:\/\/weddingpackagesnyc.com\/es\/producto\/silver-package\/","title":{"rendered":"Paquete Deluxe"},"content":{"rendered":"<h2>EL M\u00c1S VENDIDO!!!<\/h2>\n<p>Si hay mal clima usted puede usar nuestra <a href=\"https:\/\/weddingpackagesnyc.com\/love-chapel-nyc-2\/\" target=\"_blank\" rel=\"noopener\">Capilla del Amor en Nueva York<\/a> Gratis! Sin costo adicional.<\/p>\n<p>This is our most popular package! It offers all the services that you need for the perfect micro-wedding in New York city! The Officiant, The Photographer, the flowers, the musician, the videographer &amp; even the Coordinator are included in this outstanding package! It includes all permits for the park and a witness if you need it. We want you to have an awesome experience, so the pampering starts as soon as you place your order. You have a Wedding Team at your disposal, which reacts to your commands without a delay.<\/p>\n<p>You will have your bridal bouquet delivered to your hotel room. Wedding Packages NYC secures a park permit for 2 full hours and our team arrives at the wedding location 40 minutes earlier to set up the signs and to make sure that your chosen Central Park location is clean and clear of people. A Ceremony assistant will be with you at all times to provide you with water, tissues, help with your dress or anything else you might need.<\/p>\n<p>Este paquete est\u00e1 disponible los 7 d\u00edas de la semana, a cualquier hora del d\u00eda, incluidos los d\u00edas festivos nacionales. \u00bfNos visitas desde el Reino Unido? \u00a1Excelente! Leer <a href=\"https:\/\/weddingpackagesnyc.com\/how-couples-from-the-uk-get-married-in-nyc\/\" target=\"_blank\" rel=\"noopener\">Aqui.<\/a>Usted es responsable de obtener su licencia de matrimonio antes del d\u00eda de su boda. Haga clic aqu\u00ed para iniciar su solicitud de Licencia de matrimonio: <a href=\"https:\/\/www1.nyc.gov\/cityclerkformsonline\/formslist.htm?recordType=MARRIAGE\" target=\"_blank\" rel=\"noopener noreferrer\">LICENCIA DE MATRIMONIO<\/a><\/p>","protected":false},"excerpt":{"rendered":"<p>Paquete de bodas en el Parque Central con Todo Incluido.<\/p>","protected":false},"featured_media":501,"template":"","meta":{"_acf_changed":false},"product_brand":[],"product_cat":[19,634],"product_tag":[506,516,511,514,656,515,331,505,293,664,517,670,655,592,513],"class_list":{"0":"post-500","1":"product","2":"type-product","3":"status-publish","4":"has-post-thumbnail","6":"product_cat-central-park-wedding-packages","7":"product_cat-wedding-packages-in-nyc","8":"product_tag-a-central-park-wedding","9":"product_tag-affordable-wedding-in-central-park","10":"product_tag-all-inclusive-central-park-wedding","11":"product_tag-central-park-wedding-ceremony","12":"product_tag-central-park-wedding-nyc","13":"product_tag-cheap-wedding-in-new-york-city","14":"product_tag-get-married-in-central-park","15":"product_tag-micro-wedding-in-central-park","16":"product_tag-micro-wedding","17":"product_tag-micro-wedding-nyc","18":"product_tag-perfect-wedding-nyc","19":"product_tag-the-everything-wedding-package","20":"product_tag-wedding-chapel-nyc","21":"product_tag-wedding-coordinator","22":"product_tag-wedding-video","23":"wpbf-post","26":"instock","27":"virtual","28":"sold-individually","29":"purchasable","30":"product-type-simple"},"acf":[],"_links":{"self":[{"href":"https:\/\/weddingpackagesnyc.com\/es\/wp-json\/wp\/v2\/product\/500","targetHints":{"allow":["GET"]}}],"collection":[{"href":"https:\/\/weddingpackagesnyc.com\/es\/wp-json\/wp\/v2\/product"}],"about":[{"href":"https:\/\/weddingpackagesnyc.com\/es\/wp-json\/wp\/v2\/types\/product"}],"wp:featuredmedia":[{"embeddable":true,"href":"https:\/\/weddingpackagesnyc.com\/es\/wp-json\/wp\/v2\/media\/501"}],"wp:attachment":[{"href":"https:\/\/weddingpackagesnyc.com\/es\/wp-json\/wp\/v2\/media?parent=500"}],"wp:term":[{"taxonomy":"product_brand","embeddable":true,"href":"https:\/\/weddingpackagesnyc.com\/es\/wp-json\/wp\/v2\/product_brand?post=500"},{"taxonomy":"product_cat","embeddable":true,"href":"https:\/\/weddingpackagesnyc.com\/es\/wp-json\/wp\/v2\/product_cat?post=500"},{"taxonomy":"product_tag","embeddable":true,"href":"https:\/\/weddingpackagesnyc.com\/es\/wp-json\/wp\/v2\/product_tag?post=500"}],"curies":[{"name":"wp","href":"https:\/\/api.w.org\/{rel}","templated":true}]}}