{"id":16451,"date":"2024-08-10T22:11:40","date_gmt":"2024-08-11T02:11:40","guid":{"rendered":"https:\/\/weddingpackagesnyc.com\/?post_type=product&#038;p=16451"},"modified":"2026-04-11T15:28:23","modified_gmt":"2026-04-11T19:28:23","slug":"perfect-pair","status":"publish","type":"product","link":"https:\/\/weddingpackagesnyc.com\/es\/producto\/perfect-pair\/","title":{"rendered":"El Par Perfecto"},"content":{"rendered":"<h2>Paquete de Oficiante y Fotografo<\/h2>\n<p>Si hay mal clima usted puede usar nuestra <a href=\"https:\/\/weddingpackagesnyc.com\/love-chapel-nyc-2\/\" target=\"_blank\" rel=\"noopener\">Capilla del Amor en Nueva York<\/a> Gratis! Sin costo adicional.<\/p>\n<p>This package offers the 2 main services that you need: The Officiant &amp; The Photographer.\u00a0 It includes a wedding manager and a witness if you need it. We want you to have an outstanding experience, so the pampering starts as soon as you place your order. As a special treat, and to ensure your peace of mind,\u00a0 we will also request a park permit for your chosen location.<\/p>\n<p>Este paquete est\u00e1 disponible los 7 d\u00edas de la semana, a cualquier hora del d\u00eda, incluidos los d\u00edas festivos nacionales. \u00bfNos visitas desde el Reino Unido? \u00a1Excelente! Leer <a href=\"https:\/\/weddingpackagesnyc.com\/how-couples-from-the-uk-get-married-in-nyc\/\" target=\"_blank\" rel=\"noopener\">Aqui.<\/a>Usted es responsable de obtener su licencia de matrimonio antes del d\u00eda de su boda. Haga clic aqu\u00ed para iniciar su solicitud de Licencia de matrimonio: <a href=\"https:\/\/www1.nyc.gov\/cityclerkformsonline\/formslist.htm?recordType=MARRIAGE\" target=\"_blank\" rel=\"noopener noreferrer\">LICENCIA DE MATRIMONIO<\/a><\/p>","protected":false},"excerpt":{"rendered":"<p>Ceremonia &amp; Fotografia en el Parque Central.<\/p>","protected":false},"featured_media":15900,"template":"","meta":{"_acf_changed":false},"product_brand":[],"product_cat":[19,634],"product_tag":[506,516,511,514,656,515,331,668,293,667,517,669,655,592,513],"class_list":{"0":"post-16451","1":"product","2":"type-product","3":"status-publish","4":"has-post-thumbnail","6":"product_cat-central-park-wedding-packages","7":"product_cat-wedding-packages-in-nyc","8":"product_tag-a-central-park-wedding","9":"product_tag-affordable-wedding-in-central-park","10":"product_tag-all-inclusive-central-park-wedding","11":"product_tag-central-park-wedding-ceremony","12":"product_tag-central-park-wedding-nyc","13":"product_tag-cheap-wedding-in-new-york-city","14":"product_tag-get-married-in-central-park","15":"product_tag-how-to-get-married-in-central-park","16":"product_tag-micro-wedding","17":"product_tag-micro-wedding-in-nyc","18":"product_tag-perfect-wedding-nyc","19":"product_tag-the-perfect-wedding","20":"product_tag-wedding-chapel-nyc","21":"product_tag-wedding-coordinator","22":"product_tag-wedding-video","23":"wpbf-post","26":"instock","27":"virtual","28":"sold-individually","29":"purchasable","30":"product-type-simple"},"acf":[],"_links":{"self":[{"href":"https:\/\/weddingpackagesnyc.com\/es\/wp-json\/wp\/v2\/product\/16451","targetHints":{"allow":["GET"]}}],"collection":[{"href":"https:\/\/weddingpackagesnyc.com\/es\/wp-json\/wp\/v2\/product"}],"about":[{"href":"https:\/\/weddingpackagesnyc.com\/es\/wp-json\/wp\/v2\/types\/product"}],"wp:featuredmedia":[{"embeddable":true,"href":"https:\/\/weddingpackagesnyc.com\/es\/wp-json\/wp\/v2\/media\/15900"}],"wp:attachment":[{"href":"https:\/\/weddingpackagesnyc.com\/es\/wp-json\/wp\/v2\/media?parent=16451"}],"wp:term":[{"taxonomy":"product_brand","embeddable":true,"href":"https:\/\/weddingpackagesnyc.com\/es\/wp-json\/wp\/v2\/product_brand?post=16451"},{"taxonomy":"product_cat","embeddable":true,"href":"https:\/\/weddingpackagesnyc.com\/es\/wp-json\/wp\/v2\/product_cat?post=16451"},{"taxonomy":"product_tag","embeddable":true,"href":"https:\/\/weddingpackagesnyc.com\/es\/wp-json\/wp\/v2\/product_tag?post=16451"}],"curies":[{"name":"wp","href":"https:\/\/api.w.org\/{rel}","templated":true}]}}