{"id":611,"date":"2020-07-24T14:49:06","date_gmt":"2020-07-24T18:49:06","guid":{"rendered":"https:\/\/weddingpackagesnyc.com\/?page_id=611"},"modified":"2024-05-02T22:59:17","modified_gmt":"2024-05-03T02:59:17","slug":"faq-to-getting-married-in-new-york","status":"publish","type":"page","link":"https:\/\/weddingpackagesnyc.com\/es\/faq-to-getting-married-in-new-york\/","title":{"rendered":"Preguntas M\u00e1s Frecuentes (FAQ)"},"content":{"rendered":"<h2>\n\t\tPreguntas M\u00e1s Frecuentes (FAQ)\n\t<\/h2>\n\t\t\t\t\u00bfQu\u00e9 tipo de paquetes de boda ofrecen?\n\t\t\t\t<p>We offer all inclusive &#8220;Elopement&#8221; packages. That means done-for-you wedding services for couples who want to have a SMALL wedding in NYC. We do not offer reception packages. All our ceremonies are done either in Central Park, or other iconic locations in the City. <div class=\"wpbf-responsive-embed\"><iframe loading=\"lazy\" title=\"Affordable wedding packages in New York City\" width=\"1200\" height=\"675\" src=\"https:\/\/www.youtube.com\/embed\/37Sijtz2Tf8?feature=oembed\" frameborder=\"0\" allow=\"accelerometer; autoplay; clipboard-write; encrypted-media; gyroscope; picture-in-picture; web-share\" allowfullscreen><\/iframe><\/div><\/p>\n\t\t\t\tUna vez que reservamos, \u00bfcu\u00e1les son los pr\u00f3ximos pasos para avanzar? \n\t\t\t\t<p><div class=\"wpbf-responsive-embed\"><iframe loading=\"lazy\" title=\"Wedding Packages NYC - What to expect? How do we work? And other Frequently asked questions. \ud83d\ude0d\" width=\"1200\" height=\"675\" src=\"https:\/\/www.youtube.com\/embed\/s6Sj-DVxiyI?feature=oembed\" frameborder=\"0\" allow=\"accelerometer; autoplay; clipboard-write; encrypted-media; gyroscope; picture-in-picture; web-share\" allowfullscreen><\/iframe><\/div><\/p>\n<p>Tan pronto como recibamos su reservaci\u00f3n, le enviaremos un correo electr\u00f3nico confirmando los detalles de su evento y le daremos un resumen del d\u00eda, con cronogramas y otros detalles, para que sepa qu\u00e9 esperar.<\/p>\n<p>Tambi\u00e9n solicitaremos su permiso de Central Park para la ubicaci\u00f3n elegida y la hora y fecha que especific\u00f3 en su reservaci\u00f3n.<\/p>\n<p>If your chosen time or location is already taken by someone else, the park&#8217;s department will let us know within a couple of days, and you will have the chance to pick a different time of the day (at the same location) or a different location in the park.<br \/>It&#8217;s always up to you. Some couples also choose to change the date, so long as they can keep the location of their choice.<\/p>\n\t\t\t\t\u00bfQu\u00e9 tipo de m\u00fasicos hay disponibles y qu\u00e9 canciones pueden tocar?\n\t\t\t\t<p>We typically work with violinists, cellists, guitarists and a harpist. With your wedding package, you choose three songs for your ceremony: one for your bridal entrance, another for the end of the ceremony and the last one can be played while your friends and family congratulate you! We have a list of songs on our website you can choose from. Still don&#8217;t see what you&#8217;re looking for? Let us know and we can arrange it so your musician plays your favorite song. Here is a link to our repertoire &amp; videos of our musicians: <a href=\"https:\/\/weddingpackagesnyc.com\/musician-for-your-ceremony\/\">https:\/\/weddingpackagesnyc.com\/musician-for-your-ceremony\/<\/a><\/p>\n\t\t\t\t\u00bfPuedo tener damas de honor y caballeros de honor mi ceremonia de boda?\n\t\t\t\t<p>Your wedding party can be as big or as small as you like! Be sure to choose a Central Park venue that accommodates your group size comfortably. We do not limit the number of guests or the style of the ceremony, wedding party, etc. It&#8217;s all up to you.<\/p>\n\t\t\t\t\u00bfCu\u00e1nto suele durar una ceremonia de boda?\n\t\t\t\t<p>Our wedding ceremonies typically last 15 &#8211; 20 minutes. It all depends on you and what you envision for your ceremony. And whether you&#8217;ll have some participation from your friends and family members, extra rituals, etc.<\/p>\n\t\t\t\t\u00bfExiste alguna restricci\u00f3n para una ceremonia de boda en Central Park? \n\t\t\t\t<p>Para preserver y mantener la belleza natural de Central Park, el Conservancy implementa las siguientes restricciones:<\/p>\n<ul>\n<li>No se permite el establecimiento (incluye carpas\/mesas\/sillas)<\/li>\n<li>No se permite sonido amplificado (se permite la m\u00fasica ac\u00fastica)<\/li>\n<li>No se permite la entrega de veh\u00edculos o pedicabs<\/li>\n<li>No se permite el alcohol<\/li>\n<li>No se permiten flores, globos o decoraciones<\/li>\n<li>No se permite la instalaci\u00f3n de banners o se\u00f1ales en la propiedad del parque o en los \u00e1rboles; no se pueden clavar estacas en el suelo<\/li>\n<li>El p\u00fablico siempre debe tener acceso al parque<\/li>\n<li>La limpieza es necesaria; el espacio debe estar en las mismas condiciones que ten\u00eda antes del evento<\/li>\n<\/ul>\n\t\t\t\t\u00bfPuedo casarme en vacaciones?\n\t\t\t\t<p>S\u00ed, por supuesto. Trabajamos cada d\u00eda del a\u00f1o, incluyendo los d\u00edas festivos nacionales. En Wedding Packages NYC, creemos que cada d\u00eda es un gran d\u00eda para casarse.<\/p>\n\t\t\t\tWhat if I&#8217;m getting married in Central Park and it&#8217;s raining or snowing?\n\t\t\t\t<p>As they say on Broadway, the show must go on! If it&#8217;s raining or snowing at the time of your ceremony, we have several options that you can choose from. You can postpone the ceremony until the weather clears up. You can move the ceremony to an indoor venue, like a restaurant, cafe or hotel lobby near Central Park. Or our favorite option! You can pull out the umbrellas and have a memorable ceremony anyway! For more information on that please visit: <a href=\"https:\/\/weddingpackagesnyc.com\/what-happens-if-it-rains-on-your-wedding-day\/\">\u00bfQu\u00e9 sucede si llueve?<\/a><\/p>\n\t\t\t\t\u00bfRealizan ceremonias de boda religiosa?\n\t\t\t\t<p>S\u00ed, todos nuestros oficiantes de bodas son ministros interreligiosos ordenados y son versos en varias religiones y tradiciones. Desde bodas hind\u00faes hasta musulmanas y jud\u00edas. Nos especializamos en la creaci\u00f3n de hermosas ceremonias ecl\u00e9cticas que se centran en su amor y compromiso y siempre nos complace incluir algunos elementos de su religi\u00f3n cuando lo solicite.<\/p>\n\t\t\t\t\u00bfTengo que usar su fot\u00f3grafo de bodas?\n\t\t\t\t<p>If you want to hire your own wedding photographer, you can. However, most of our packages already include photography. If you don&#8217;t want to use our photographer, I would recommend purchasing the &#8220;<a href=\"https:\/\/weddingpackagesnyc.com\/product\/just-the-ceremony\/\">\"Solo la Ceremonia.\"<\/a>&#8221; package.<\/p>\n<p>In addition, we stand behind the experience, quality and expertise of our wedding photographers. Hiring a wedding photographer is one of the most important decisions you&#8217;ll make for your wedding ceremony. Leave it to us, the experts, to take care of this for you!<\/p>\n\t\t\t\t\u00a1Su matrimonio es legal en cualquier otro lugar!\n\t\t\t\t<p>Si tiene alguna duda sobre la legalidad de sus nupcias en Nueva York, por favor consulte con su consulado en caso de que ellos necesiten que usted tenga su licencia notariada. Pero en general eso no es necesario. Todos los matrimonios celebrados aqu\u00ed son v\u00e1lidos en todo el mundo.<\/p>\n\t\t\t\tNo es residente en EE.UU:\n\t\t\t\t<p>No hay requisitos de residencia o ciudadan\u00eda para casarse en Nueva York. Solo hay que traer su pasaporte.<\/p>\n\t\t\t\t\u00bfC\u00f3mo obtengo mi licencia de matrimonio?\n\t\t\t\t<p>\u00a0<\/p>\n<p>\u00a1Casarse en la ciudad de Nueva York es realmente muy f\u00e1cil! Le brindamos toda la informaci\u00f3n que necesita, haga clic aqui <a href=\"https:\/\/weddingpackagesnyc.com\/the-process-of-getting-married-in-new-york\/\" target=\"_blank\" rel=\"noopener\">Aqui.<\/a> to learn how to make your wedding legal!\u00a0<\/p>\n<p><div class=\"wpbf-responsive-embed\"><iframe loading=\"lazy\" title=\"All you need to know to be legally married in New York City. Step by Step explanation.\" width=\"1200\" height=\"675\" src=\"https:\/\/www.youtube.com\/embed\/1FFzwYlgrEk?feature=oembed\" frameborder=\"0\" allow=\"accelerometer; autoplay; clipboard-write; encrypted-media; gyroscope; picture-in-picture; web-share\" allowfullscreen><\/iframe><\/div><\/p>\n\t\t\t\tQue lugares recomiendan para casarse en el parque Central?\n\t\t\t\t<p>Wedding Packages NYC se especializa en ceremonias de boda en el distrito de Manhattan. C\u00e1sese en Times Square, Brooklyn Bridge Park, Top of the Rock y otros lugares. Si hay un lugar que le gustar\u00eda usar, sin duda podemos ir all\u00ed. P\u00f3ngase en contacto con nosotros para obtener m\u00e1s informaci\u00f3n en: <a href=\"mailto:info@weddingpackagesnyc.com\">info@weddingpackagesnyc.com<\/a><\/p>\n\t\t\t\tWhat locations in Central Park are available for my wedding ceremony?\n\t\t\t\t<p>There are so many locations in Central Park to choose from for your ceremony. Here&#8217;s a list of some of our favorites:<\/p>\n<ul>\n<li>Cop Cot (60 personas m\u00e1ximo).<\/li>\n<li>Ladies Pavilion (Gazebo, max 25 ppl.)<\/li>\n<li>Wagner Cove (Gazebo, 10-15 personas m\u00e1ximo).<\/li>\n<li>Shakespeare Garden (20-25 personas m\u00e1ximo).<\/li>\n<li>Bethesda Terrace \/Fountain (65 ppl.)<\/li>\n<li>Bow Bridge (30-35 personas m\u00e1ximo).<\/li>\n<li>Gapstow Bridge (60 personas m\u00e1ximo).<br \/>You can see photos and videos of each location HERE: <blockquote class=\"wp-embedded-content\" data-secret=\"auqWYpsVZb\"><a href=\"https:\/\/weddingpackagesnyc.com\/central-park-weddings-nyc\/\">Paquetes de Boda en el Parque Central<\/a><\/blockquote><iframe loading=\"lazy\" class=\"wp-embedded-content\" sandbox=\"allow-scripts\" security=\"restricted\" style=\"position: absolute; clip: rect(1px, 1px, 1px, 1px);\" title=\"&#8220;Central Park Wedding Packages&#8221; &#8212; Wedding Packages NYC\" src=\"https:\/\/weddingpackagesnyc.com\/central-park-weddings-nyc\/embed\/#?secret=E2qwSwQheo#?secret=auqWYpsVZb\" data-secret=\"auqWYpsVZb\" width=\"600\" height=\"338\" frameborder=\"0\" marginwidth=\"0\" marginheight=\"0\" scrolling=\"no\"><\/iframe><\/li>\n<\/ul>\n\t\t\t\t\u00bfCu\u00e1nto suele durar una ceremonia de boda?\n\t\t\t\t<p>Our wedding ceremonies typically last 10-15 minutes. It all depends on YOU and what you envision for your ceremony. You can have a simple, straight forward civil ceremony, or you could have a bilingual ceremony with additional rituals, reading, etc. It&#8217;s really up to you. You will discuss all these details with your officiant once we start working together.\u00a0<\/p>\n\t\t\t\t\u00bfExiste alguna restricci\u00f3n para una ceremonia de boda en Central Park? \n\t\t\t\t<p>Para preserver y mantener la belleza natural de Central Park, el Conservancy implementa las siguientes restricciones:<\/p>\n<ul>\n<li>No se permite el establecimiento (incluye carpas\/mesas\/sillas)<\/li>\n<li>No se permite sonido amplificado (se permite la m\u00fasica ac\u00fastica)<\/li>\n<li>No se permite la entrega de veh\u00edculos o pedicabs<\/li>\n<li>No se permite el alcohol<\/li>\n<li>No se permiten flores, globos o decoraciones<\/li>\n<li>No se permite la instalaci\u00f3n de banners o se\u00f1ales en la propiedad del parque o en los \u00e1rboles; no se pueden clavar estacas en el suelo<\/li>\n<li>El p\u00fablico siempre debe tener acceso al parque<\/li>\n<li>La limpieza es necesaria; el espacio debe estar en las mismas condiciones que ten\u00eda antes del evento<\/li>\n<\/ul>\n\t\t\t\t\u00bfPuedo personalizar mi ceremonia de boda?\n\t\t\t\t<p>Absolutely! It&#8217;s your special day. Just remember the focus of your wedding ceremony is you and your significant other! We recommend to keep it simple and to trust our seasoned wedding officiants. We do recommend writing your own vows though.<\/p>\n\t\t\t\t\u00bfTiene oficiantes de boda biling\u00fces?\n\t\t\t\t<p>S\u00ed, tenemos oficiantes biling\u00fces en espa\u00f1ol, franc\u00e9s y portugu\u00e9s. \u00bfNecesita otro idioma? H\u00e1blanos.<\/p>\n\t\t\t\t\u00bfPuedo casarme en vacaciones?\n\t\t\t\t<p>S\u00ed, por supuesto. Trabajamos cada d\u00eda del a\u00f1o, incluyendo los d\u00edas festivos nacionales. En Wedding Packages NYC, creemos que cada d\u00eda es un gran d\u00eda para casarse.<\/p>\n\t\t\t\tWhat happens if it&#8217;s raining or snowing?\n\t\t\t\t<p><blockquote class=\"wp-embedded-content\" data-secret=\"3rVYtOUtBs\"><a href=\"https:\/\/weddingpackagesnyc.com\/what-happens-if-it-rains-on-your-wedding-day\/\">\u00bfQu\u00e9 pasa si llueve el d\u00eda de su boda?<\/a><\/blockquote><iframe loading=\"lazy\" class=\"wp-embedded-content\" sandbox=\"allow-scripts\" security=\"restricted\" style=\"position: absolute; clip: rect(1px, 1px, 1px, 1px);\" title=\"&#8220;What happens if it rains on your wedding day?&#8221; &#8212; Wedding Packages NYC\" src=\"https:\/\/weddingpackagesnyc.com\/what-happens-if-it-rains-on-your-wedding-day\/embed\/#?secret=chdwkvUmcG#?secret=3rVYtOUtBs\" data-secret=\"3rVYtOUtBs\" width=\"600\" height=\"338\" frameborder=\"0\" marginwidth=\"0\" marginheight=\"0\" scrolling=\"no\"><\/iframe><\/p>\n<p>As they say on Broadway, the show must go on! If it&#8217;s raining or snowing at the time of your ceremony, we have several options that you can choose from. You can postpone the ceremony until the weather clears up. You can move the ceremony to an indoor venue, like a restaurant, cafe or hotel lobby near Central Park. Or our favorite option! You can pull out the umbrellas and have a memorable ceremony anyway! For more information on that please visit: <a href=\"https:\/\/weddingpackagesnyc.com\/what-happens-if-it-rains-on-your-wedding-day\/\">\u00bfQu\u00e9 sucede si llueve?<\/a><\/p>\n\t\t\t\t\u00a1Su matrimonio es legal en cualquier otro lugar!\n\t\t\t\t<p>Si tiene alguna duda sobre la legalidad de sus nupcias en Nueva York, por favor consulte con su consulado en caso de que ellos necesiten que usted tenga su licencia notariada. Pero en general eso no es necesario. Todos los matrimonios celebrados aqu\u00ed son v\u00e1lidos en todo el mundo.<\/p>\n\t\t\t\tSi esta divorciado\n\t\t\t\t<p>If you were married before, you must list all prior marriages. You must include your previous spouse&#8217;s full name; the date the divorce decree was granted; and the city, state, and country where the divorce was issued.<\/p>\n<p>Todos los divorcios y disoluciones tienen que estar finalizados antes de solicitar una nueva licencia de matrimonio. Es posible que se le pida que presente la declaraci\u00f3n final de divorcio.<\/p>\n\t\t\t\tIdentificaci\u00f3n apropiada\n\t\t\t\t<p>Usted y su futuro c\u00f3nyuge necesita una forma de identificaci\u00f3n apropriada para solicitar una licencia de matrimonio. Si es extranjero, su pasaporte ser\u00e1 suficiente.<\/p>\n\t\t\t\tNo se requiere an\u00e1lisis de sangre\n\t\t\t\t<p>No necesita un an\u00e1lisis de sangre para obtener una licencia de matrimonio en el estado de Nueva York.<\/p>","protected":false},"excerpt":{"rendered":"<p>FAQs What kind of wedding packages do you offer? We offer all inclusive &#8220;Elopement&#8221; packages. That means done-for-you&#8230;<\/p>","protected":false},"author":1,"featured_media":0,"parent":0,"menu_order":0,"comment_status":"closed","ping_status":"closed","template":"","meta":{"_acf_changed":false,"footnotes":""},"class_list":["post-611","page","type-page","status-publish","hentry","wpbf-post"],"acf":[],"_links":{"self":[{"href":"https:\/\/weddingpackagesnyc.com\/es\/wp-json\/wp\/v2\/pages\/611","targetHints":{"allow":["GET"]}}],"collection":[{"href":"https:\/\/weddingpackagesnyc.com\/es\/wp-json\/wp\/v2\/pages"}],"about":[{"href":"https:\/\/weddingpackagesnyc.com\/es\/wp-json\/wp\/v2\/types\/page"}],"author":[{"embeddable":true,"href":"https:\/\/weddingpackagesnyc.com\/es\/wp-json\/wp\/v2\/users\/1"}],"replies":[{"embeddable":true,"href":"https:\/\/weddingpackagesnyc.com\/es\/wp-json\/wp\/v2\/comments?post=611"}],"version-history":[{"count":14,"href":"https:\/\/weddingpackagesnyc.com\/es\/wp-json\/wp\/v2\/pages\/611\/revisions"}],"predecessor-version":[{"id":16299,"href":"https:\/\/weddingpackagesnyc.com\/es\/wp-json\/wp\/v2\/pages\/611\/revisions\/16299"}],"wp:attachment":[{"href":"https:\/\/weddingpackagesnyc.com\/es\/wp-json\/wp\/v2\/media?parent=611"}],"curies":[{"name":"wp","href":"https:\/\/api.w.org\/{rel}","templated":true}]}}