{"id":588,"date":"2020-07-24T13:42:51","date_gmt":"2020-07-24T17:42:51","guid":{"rendered":"https:\/\/weddingpackagesnyc.com\/?page_id=588"},"modified":"2026-04-03T08:52:29","modified_gmt":"2026-04-03T12:52:29","slug":"upgrade","status":"publish","type":"page","link":"https:\/\/weddingpackagesnyc.com\/es\/upgrade\/","title":{"rendered":"Adicionales"},"content":{"rendered":"<h1>\n\t\t\tActualizaciones del paquete de bodas\t<\/h1>\n<h4>\n\t\t\tLos siguientes servicios se pueden agregar a cualquiera de nuestros paquetes:\t<\/h4>\n<figure data-animation-delay=\"0\" data-animation-duration=\"1\" itemscope itemtype=\"https:\/\/schema.org\/ImageObject\">\n\t\t\t\t<a href=\"https:\/\/weddingpackagesnyc.com\/product\/rose-petals\/\"  target=\"_self\" itemprop=\"url\">\n\t\t\t\t<img decoding=\"async\" src=\"https:\/\/weddingpackagesnyc.com\/wp-content\/uploads\/2020\/10\/rose-petals-150x150.png\" alt=\"Rose petals upgrade Wedding Packages NYC\" height=\"150\" width=\"150\" title=\"p\u00e9talos de rosa\" onerror=\"this.style.display='none'\" loading=\"lazy\" \/>\n\t\t\t\t<\/a>\n\t<\/figure>\n<h3>\n\t\t\tP\u00e9talos de rosa\t<\/h3>\n<h4>\n\t\t\t$150\t<\/h4>\n<figure data-animation-delay=\"0\" data-animation-duration=\"1\" itemscope itemtype=\"https:\/\/schema.org\/ImageObject\">\n\t\t\t\t<a href=\"https:\/\/weddingpackagesnyc.com\/product\/aisle-runner\/\"  target=\"_self\" itemprop=\"url\">\n\t\t\t\t<img decoding=\"async\" src=\"https:\/\/weddingpackagesnyc.com\/wp-content\/uploads\/2020\/10\/aisle-runner-150x150.png\" alt=\"aisle runner upgrade Wedding Packages NYC\" height=\"150\" width=\"150\" title=\"aisle-runner\" onerror=\"this.style.display='none'\" loading=\"lazy\" \/>\n\t\t\t\t<\/a>\n\t<\/figure>\n<h3>\n\t\t\tCorredores de pasillo\t<\/h3>\n<h4>\n\t\t\t$120\t<\/h4>\n<figure data-animation-delay=\"0\" data-animation-duration=\"1\" itemscope itemtype=\"https:\/\/schema.org\/ImageObject\">\n\t\t\t\t<a href=\"https:\/\/weddingpackagesnyc.com\/product\/wedding-arch\/\"  target=\"_self\" itemprop=\"url\">\n\t\t\t\t<img decoding=\"async\" src=\"https:\/\/weddingpackagesnyc.com\/wp-content\/uploads\/2022\/03\/Arch-150x150.png\" alt=\"wedding arch upgrade Wedding Packages NYC\" height=\"150\" width=\"150\" title=\"Wedding Arch\" onerror=\"this.style.display='none'\" loading=\"lazy\" \/>\n\t\t\t\t<\/a>\n\t<\/figure>\n<h3>\n\t\t\tWedding Arch\t<\/h3>\n<h4>\n\t\t\t$925\t<\/h4>\n<figure data-animation-delay=\"0\" data-animation-duration=\"1\" itemscope itemtype=\"https:\/\/schema.org\/ImageObject\">\n\t\t\t\t<a href=\"https:\/\/weddingpackagesnyc.com\/product\/hair-and-makeup-styling\/\"  target=\"_blank\" rel=\"noopener\"  itemprop=\"url\">\n\t\t\t\t<img decoding=\"async\" src=\"https:\/\/weddingpackagesnyc.com\/wp-content\/uploads\/2020\/10\/Hair-makeup-150x150.png\" alt=\"hair and make-up upgrade Wedding Packages NYC\" height=\"150\" width=\"150\" title=\"Hair and make-up\" onerror=\"this.style.display='none'\" loading=\"lazy\" \/>\n\t\t\t\t<\/a>\n\t<\/figure>\n<h3>\n\t\t\tHair &#038; Makeup <br \/>maquillaje\t<\/h3>\n<h4>\n\t\t\t$500\t<\/h4>\n<figure data-animation-delay=\"0\" data-animation-duration=\"1\" itemscope itemtype=\"https:\/\/schema.org\/ImageObject\">\n\t\t\t\t<a href=\"https:\/\/weddingpackagesnyc.com\/product\/cello-violin-or-guitar-player\/\"  target=\"_blank\" rel=\"noopener\"  itemprop=\"url\">\n\t\t\t\t<img decoding=\"async\" src=\"https:\/\/weddingpackagesnyc.com\/wp-content\/uploads\/2020\/10\/violin-player-150x150.jpg\" alt=\"Violin Player upgrade Wedding Package NYC\" height=\"150\" width=\"150\" title=\"violin player\" onerror=\"this.style.display='none'\" loading=\"lazy\" \/>\n\t\t\t\t<\/a>\n\t<\/figure>\n<h3>\n\t\t\tViolin,<br \/> o guitarrista\t<\/h3>\n<h4>\n\t\t\t$325\t<\/h4>\n<figure data-animation-delay=\"0\" data-animation-duration=\"1\" itemscope itemtype=\"https:\/\/schema.org\/ImageObject\">\n\t\t\t\t<a href=\"https:\/\/weddingpackagesnyc.com\/product\/extra-hour-of-photography\/\"  target=\"_blank\" rel=\"noopener\"  itemprop=\"url\">\n\t\t\t\t<img decoding=\"async\" src=\"https:\/\/weddingpackagesnyc.com\/wp-content\/uploads\/2020\/10\/photos-150x150.png\" alt=\"photographer upgrade Wedding Packages NYC\" height=\"150\" width=\"150\" title=\"el fot\u00f3grafo\" onerror=\"this.style.display='none'\" loading=\"lazy\" \/>\n\t\t\t\t<\/a>\n\t<\/figure>\n<h3>\n\t\t\tHora extra de fotograf\u00eda\t<\/h3>\n<h4>\n\t\t\t$400\t<\/h4>\n<figure data-animation-delay=\"0\" data-animation-duration=\"1\" itemscope itemtype=\"https:\/\/schema.org\/ImageObject\">\n\t\t\t\t<a href=\"https:\/\/weddingpackagesnyc.com\/product\/old-time-checker-cab\/\"  target=\"_blank\" rel=\"noopener\"  itemprop=\"url\">\n\t\t\t\t<img decoding=\"async\" src=\"https:\/\/weddingpackagesnyc.com\/wp-content\/uploads\/2020\/10\/Taxi-old-fashion-150x150.png\" alt=\"Old fashioned checkered cab upgrade Wedding Packages NYC\" height=\"150\" width=\"150\" title=\"old-fashioned Taxi\" onerror=\"this.style.display='none'\" loading=\"lazy\" \/>\n\t\t\t\t<\/a>\n\t<\/figure>\n<h3>\n\t\t\tChecker Cab 1 hora\t<\/h3>\n<h4>\n\t\t\t$650\t<\/h4>\n<figure data-animation-delay=\"0\" data-animation-duration=\"1\" itemscope itemtype=\"https:\/\/schema.org\/ImageObject\">\n\t\t\t\t<a href=\"https:\/\/weddingpackagesnyc.com\/product\/harp-player\/\"  target=\"_blank\" rel=\"noopener\"  itemprop=\"url\">\n\t\t\t\t<img decoding=\"async\" src=\"https:\/\/weddingpackagesnyc.com\/wp-content\/uploads\/2020\/10\/harp-150x150.png\" alt=\"harp player upgrade Wedding Packages NYC\" height=\"150\" width=\"150\" title=\"harp\" onerror=\"this.style.display='none'\" loading=\"lazy\" \/>\n\t\t\t\t<\/a>\n\t<\/figure>\n<h3>\n\t\t\tArpista\t<\/h3>\n<h4>\n\t\t\t$650\t<\/h4>\n<figure data-animation-delay=\"0\" data-animation-duration=\"1\" itemscope itemtype=\"https:\/\/schema.org\/ImageObject\">\n\t\t\t\t<a href=\"https:\/\/weddingpackagesnyc.com\/product\/limousine-service\/\"  target=\"_blank\" rel=\"noopener\"  itemprop=\"url\">\n\t\t\t\t<img decoding=\"async\" src=\"https:\/\/weddingpackagesnyc.com\/wp-content\/uploads\/2023\/04\/Untitled-design-2-150x150.png\" alt=\"Untitled design (2)\" height=\"150\" width=\"150\" title=\"Untitled design (2)\" onerror=\"this.style.display='none'\" loading=\"lazy\" \/>\n\t\t\t\t<\/a>\n\t<\/figure>\n<h3>\n\t\t\tCello Player\t<\/h3>\n<h4>\n\t\t\t$400\t<\/h4>\n<figure itemscope itemtype=\"https:\/\/schema.org\/ImageObject\">\n\t\t\t\t<a href=\"https:\/\/weddingpackagesnyc.com\/product\/wedding-assistant\/\"  target=\"_blank\" rel=\"noopener\"  itemprop=\"url\">\n\t\t\t\t<img decoding=\"async\" src=\"https:\/\/weddingpackagesnyc.com\/wp-content\/uploads\/2021\/01\/Untitled-design-2-150x150.png\" alt=\"Wedding Packages NYC Central Park Permit\" height=\"150\" width=\"150\" title=\"2 hours of park permit\" onerror=\"this.style.display='none'\" loading=\"lazy\" \/>\n\t\t\t\t<\/a>\n\t<\/figure>\n<h3>\n\t\t\tPermisos para el Parque <br \/>2 horas\t<\/h3>\n<h4>\n\t\t\t$80\t<\/h4>\n<figure data-animation-delay=\"0\" data-animation-duration=\"1\" itemscope itemtype=\"https:\/\/schema.org\/ImageObject\">\n\t\t\t\t<a href=\"https:\/\/weddingpackagesnyc.com\/product\/wedding-ceremony-video\/\"  target=\"_self\" itemprop=\"url\">\n\t\t\t\t<img decoding=\"async\" src=\"https:\/\/weddingpackagesnyc.com\/wp-content\/uploads\/2020\/10\/videographer-150x150.png\" alt=\"Videographer upgrade Wedding Packages NYC\" height=\"150\" width=\"150\" title=\"videographer\" onerror=\"this.style.display='none'\" loading=\"lazy\" \/>\n\t\t\t\t<\/a>\n\t<\/figure>\n<h3>\n\t\t\tV\u00eddeo de la <br \/>ceremonia de boda\t<\/h3>\n<h4>\n\t\t\t$1350\t<\/h4>\n<figure itemscope itemtype=\"https:\/\/schema.org\/ImageObject\">\n\t\t\t\t<a href=\"https:\/\/weddingpackagesnyc.com\/product\/bridal-attendant\/\"  target=\"_self\" itemprop=\"url\">\n\t\t\t\t<img decoding=\"async\" src=\"https:\/\/weddingpackagesnyc.com\/wp-content\/uploads\/2020\/10\/Untitled-design-5-150x150.png\" alt=\"Bridal attendant\/bridal assistant upgrade Wedding Packages NYC\" height=\"150\" width=\"150\" title=\"Bridal attendant\/bridal assistant\" onerror=\"this.style.display='none'\" loading=\"lazy\" \/>\n\t\t\t\t<\/a>\n\t<\/figure>\n<h3>\n\t\t\tAsistente de novia\/ <br \/>asistente de boda\t<\/h3>\n<h4>\n\t\t\t$400\t<\/h4>\n<figure itemscope itemtype=\"https:\/\/schema.org\/ImageObject\">\n\t\t\t\t<a href=\"https:\/\/trust-your-heart.square.site\/product\/bouquet-boutonni-re\/19?cs=true&#038;cst=custom\" target=\"_self\" itemprop=\"url\" rel=\"noopener\">\n\t\t\t\t<img decoding=\"async\" src=\"https:\/\/weddingpackagesnyc.com\/wp-content\/uploads\/2020\/10\/Untitled-design-7-150x150.png\" alt=\"Bridal Bouquet upgrade Wedding Packages NYC\" height=\"150\" width=\"150\" title=\"Ramo de novia\" onerror=\"this.style.display='none'\" loading=\"lazy\" \/>\n\t\t\t\t<\/a>\n\t<\/figure>\n<h3>\n\t\t\tBouquet <br \/>&#038; Bouttonnier\t<\/h3>\n<h4>\n\t\t\t$350\t<\/h4>\n<figure data-animation-delay=\"0\" data-animation-duration=\"1\" itemscope itemtype=\"https:\/\/schema.org\/ImageObject\">\n\t\t\t\t<a href=\"https:\/\/trust-your-heart.square.site\/product\/photographer\/23?cs=true&amp;cst=custom\" target=\"_self\" itemprop=\"url\" rel=\"noopener\">\n\t\t\t\t<img decoding=\"async\" src=\"https:\/\/weddingpackagesnyc.com\/wp-content\/uploads\/2020\/10\/photos-150x150.png\" alt=\"photographer upgrade Wedding Packages NYC\" height=\"150\" width=\"150\" title=\"el fot\u00f3grafo\" onerror=\"this.style.display='none'\" loading=\"lazy\" \/>\n\t\t\t\t<\/a>\n\t<\/figure>\n<h3>\n\t\t\tFirst Hour <br \/>of Photography\t<\/h3>\n<h4>\n\t\t\t$650\t<\/h4>\n<figure itemscope itemtype=\"https:\/\/schema.org\/ImageObject\">\n\t\t\t\t<a href=\"https:\/\/weddingpackagesnyc.com\/product\/day-of-coordinator\/\" target=\"_self\" itemprop=\"url\">\n\t\t\t\t<img decoding=\"async\" src=\"https:\/\/weddingpackagesnyc.com\/wp-content\/uploads\/2020\/10\/Untitled-design-6-150x150.png\" alt=\"Bridal attendant\/ Bridal assistant upgrade Wedding Packages NYC\" height=\"150\" width=\"150\" title=\"Bridal attendant\/ Bridal assistant\" onerror=\"this.style.display='none'\" loading=\"lazy\" \/>\n\t\t\t\t<\/a>\n\t<\/figure>\n<h3>\n\t\t<a href=\"https:\/\/weddingpackagesnyc.com\/product\/day-of-coordinator\/\" title=\"Day of Wedding Coordinator\" target=\"_blank\" rel=\"noopener\">\n\t\t\tDay of Wedding <br \/>Coordinator\t\t<\/a>\n\t<\/h3>\n<h4>\n\t\t\t$700\t<\/h4>\n\t<h3>Este v\u00eddeo es una muestra de 3 minutos de lo que puede esperar al comprar nuestro servicio de v\u00eddeo para su ceremonia.<\/h3>\n<p><em>Ver\u00f3nica Moya explica lo que puede esperar al comprar nuestros servicios de v\u00eddeo de bodas:<\/em><\/p>\n\t<iframe loading=\"lazy\" title=\"Wedding Videographer provided by Wedding Packages NYC\" width=\"1200\" height=\"675\" src=\"https:\/\/www.youtube.com\/embed\/dsB12nO9c9U?feature=oembed\" frameborder=\"0\" allow=\"accelerometer; autoplay; clipboard-write; encrypted-media; gyroscope; picture-in-picture\" allowfullscreen><\/iframe>\n\t<p>\u00a1Tener la boda de sus sue\u00f1os se volvi\u00f3 s\u00faper f\u00e1cil! Lo hicimos <br \/>todo el trabajo pesado para usted. Todo lo que tiene que hacer ahora es:<\/p>\n    Elige su <br \/>Paquete\n\t<p>Puede contactarnos usando nuestro formulario en l\u00ednea, llamarnos al 646-592-0125 o seleccionar <a href=\"\/packages\">un paquete en esta p\u00e1gina.<\/a><\/p>\n    Haga su<br \/> Reserva\n\t<p>\u00a1Es hora de planificar la boda de sus sue\u00f1os! Seleccione uno de nuestros paquetes, \u00a1podemos crear uno nuevo solo para usted!<\/p>\n    Ser <br \/>Mimada\n\t<p>\u00a1Abre el champagne y disfruta de uno de los d\u00edas m\u00e1s memorables de su vida mientras nosotros nos ocupamos de todos los detalles!<\/p>\n<h1>\n\t\t<a href=\"https:\/\/weddingpackagesnyc.com\/central-park-wedding-packages\/\" title=\"Bodas en Central Park\" target=\"_self\">\n\t\t\tParque Central <br \/>Central Park\t\t<\/a>\n\t<\/h1>\n<h1>\n\t\t\tOtras ubicaciones<br \/> de Nueva York\t<\/h1>","protected":false},"excerpt":{"rendered":"<p>Wedding Package Upgrades The following services can be added to any of our packages: Rose Petals $150 Aisle&#8230;<\/p>","protected":false},"author":1,"featured_media":12915,"parent":0,"menu_order":1,"comment_status":"closed","ping_status":"closed","template":"","meta":{"_acf_changed":false,"footnotes":""},"class_list":["post-588","page","type-page","status-publish","has-post-thumbnail","hentry","wpbf-post"],"acf":[],"_links":{"self":[{"href":"https:\/\/weddingpackagesnyc.com\/es\/wp-json\/wp\/v2\/pages\/588","targetHints":{"allow":["GET"]}}],"collection":[{"href":"https:\/\/weddingpackagesnyc.com\/es\/wp-json\/wp\/v2\/pages"}],"about":[{"href":"https:\/\/weddingpackagesnyc.com\/es\/wp-json\/wp\/v2\/types\/page"}],"author":[{"embeddable":true,"href":"https:\/\/weddingpackagesnyc.com\/es\/wp-json\/wp\/v2\/users\/1"}],"replies":[{"embeddable":true,"href":"https:\/\/weddingpackagesnyc.com\/es\/wp-json\/wp\/v2\/comments?post=588"}],"version-history":[{"count":19,"href":"https:\/\/weddingpackagesnyc.com\/es\/wp-json\/wp\/v2\/pages\/588\/revisions"}],"predecessor-version":[{"id":17121,"href":"https:\/\/weddingpackagesnyc.com\/es\/wp-json\/wp\/v2\/pages\/588\/revisions\/17121"}],"wp:featuredmedia":[{"embeddable":true,"href":"https:\/\/weddingpackagesnyc.com\/es\/wp-json\/wp\/v2\/media\/12915"}],"wp:attachment":[{"href":"https:\/\/weddingpackagesnyc.com\/es\/wp-json\/wp\/v2\/media?parent=588"}],"curies":[{"name":"wp","href":"https:\/\/api.w.org\/{rel}","templated":true}]}}