{"id":296,"date":"2020-06-15T16:48:55","date_gmt":"2020-06-15T16:48:55","guid":{"rendered":"https:\/\/weddingpackagesnyc.com\/?page_id=296"},"modified":"2026-04-25T15:12:35","modified_gmt":"2026-04-25T19:12:35","slug":"central-park-weddings-nyc-old","status":"publish","type":"page","link":"https:\/\/weddingpackagesnyc.com\/es\/central-park-weddings-nyc-old\/","title":{"rendered":"Central Park Wedding Packages Old"},"content":{"rendered":"<h1>\n\t\tLos Expertos en Bodas!\n\t<\/h1>\n\n<h4>\n\t\tCon un respaldo en caso de lluvia.\n\t<\/h4>\n\t<p>Nuestros paquetes de boda hacen todo m\u00e1s f\u00e1cil! Creamos paquetes econ\u00f3micos, con excelentes profesionales de boda que har\u00e1n de su sue\u00f1o una realidad. <strong>No hay limite de invitados. Puede invitar a la cantidad de gente que quiera<\/strong>.<\/p>\n\t<meta itemscope itemprop=\"mainEntityOfPage\" itemtype=\"https:\/\/schema.org\/WebPage\" itemid=\"http:\/\/315\" content=\"Just the Ceremony\" \/><meta itemprop=\"datePublished\" content=\"2020-06-14\" \/><meta itemprop=\"dateModified\" content=\"2023-10-27\" \/><meta itemprop=\"name\" content=\"Wedding Packages NYC\"\/><meta itemprop=\"url\" content=\"https:\/\/weddingpackagesnyc.com\/wp-content\/uploads\/2020\/06\/logo.png\"\/><meta itemprop=\"url\" content=\"https:\/\/weddingpackagesnyc.com\/author\/zack\/\" \/><meta itemprop=\"name\" content=\"zack\" \/><meta itemprop=\"url\" content=\"https:\/\/weddingpackagesnyc.com\/wp-content\/uploads\/2020\/06\/just-the-ceremony-package-nyc.jpg\" \/><meta itemprop=\"width\" content=\"600\" \/><meta itemprop=\"height\" content=\"500\" \/><meta itemprop=\"interactionType\" content=\"https:\/\/schema.org\/CommentAction\" \/><meta itemprop=\"userInteractionCount\" content=\"0\" \/><a href=\"https:\/\/weddingpackagesnyc.com\/product\/just-the-ceremony-package\/\">\n            <img decoding=\"async\" src=\"https:\/\/weddingpackagesnyc.com\/wp-content\/uploads\/2020\/06\/just-the-ceremony-package-nyc-400x267.jpg\" alt=\"\" title=\"\">\n            <h2>\"Solo la Ceremonia.\"<\/h2>\n\t<p>Ceremonia de bodas en el Parque Central en Nueva York.<\/p>\n\t<bdi>&#36;750.00<\/bdi>\n<\/a>\n\t<meta itemscope itemprop=\"mainEntityOfPage\" itemtype=\"https:\/\/schema.org\/WebPage\" itemid=\"http:\/\/500\" content=\"Silver Package\" \/><meta itemprop=\"datePublished\" content=\"2020-07-01\" \/><meta itemprop=\"dateModified\" content=\"2023-10-09\" \/><meta itemprop=\"name\" content=\"Wedding Packages NYC\"\/><meta itemprop=\"url\" content=\"https:\/\/weddingpackagesnyc.com\/wp-content\/uploads\/2020\/06\/logo.png\"\/><meta itemprop=\"url\" content=\"https:\/\/weddingpackagesnyc.com\/author\/andrea\/\" \/><meta itemprop=\"name\" content=\"Andrea Garret\" \/><meta itemprop=\"url\" content=\"https:\/\/weddingpackagesnyc.com\/wp-content\/uploads\/2020\/07\/silver-wedding-package-ladies-pavilion-new-york-city-400x267-1.jpg\" \/><meta itemprop=\"width\" content=\"400\" \/><meta itemprop=\"height\" content=\"267\" \/><meta itemprop=\"interactionType\" content=\"https:\/\/schema.org\/CommentAction\" \/><meta itemprop=\"userInteractionCount\" content=\"0\" \/><a href=\"https:\/\/weddingpackagesnyc.com\/product\/silver-package\/\">\n            <img decoding=\"async\" src=\"https:\/\/weddingpackagesnyc.com\/wp-content\/uploads\/2020\/07\/silver-wedding-package-ladies-pavilion-new-york-city-400x267-1.jpg\" alt=\"\" title=\"\">\n            <h2>Paquete Deluxe<\/h2>\n\t<p>Paquete de bodas en el Parque Central con Todo Incluido.<\/p>\n\t<bdi>&#36;2,850.00<\/bdi>\n<\/a>\n\t<meta itemscope itemprop=\"mainEntityOfPage\" itemtype=\"https:\/\/schema.org\/WebPage\" itemid=\"http:\/\/503\" content=\"Carriage Ride Package\" \/><meta itemprop=\"datePublished\" content=\"2020-07-01\" \/><meta itemprop=\"dateModified\" content=\"2023-10-09\" \/><meta itemprop=\"name\" content=\"Wedding Packages NYC\"\/><meta itemprop=\"url\" content=\"https:\/\/weddingpackagesnyc.com\/wp-content\/uploads\/2020\/06\/logo.png\"\/><meta itemprop=\"url\" content=\"https:\/\/weddingpackagesnyc.com\/author\/andrea\/\" \/><meta itemprop=\"name\" content=\"Andrea Garret\" \/><meta itemprop=\"url\" content=\"https:\/\/weddingpackagesnyc.com\/wp-content\/uploads\/2020\/07\/carriage-ride-ceremony-in-central-park-400x267-1.jpg\" \/><meta itemprop=\"width\" content=\"400\" \/><meta itemprop=\"height\" content=\"267\" \/><meta itemprop=\"interactionType\" content=\"https:\/\/schema.org\/CommentAction\" \/><meta itemprop=\"userInteractionCount\" content=\"0\" \/><a href=\"https:\/\/weddingpackagesnyc.com\/product\/carriage-ride-package\/\">\n            <img decoding=\"async\" src=\"https:\/\/weddingpackagesnyc.com\/wp-content\/uploads\/2020\/07\/carriage-ride-ceremony-in-central-park-400x267-1.jpg\" alt=\"\" title=\"\">\n            <h2>Paquete \u2018Viaje en Carruaje\u2019<\/h2>\n\t<p>Paquete de Ceremonia, Flores y Fotograf\u00eda<\/p>\n\t<bdi>&#36;4,950.00<\/bdi>\n<\/a>\n\t\t<!-- .pp-content-posts -->\n\t<iframe loading=\"lazy\" width=\"560\" height=\"315\" src=\"https:\/\/www.youtube.com\/embed\/s6Sj-DVxiyI\" title=\"YouTube video player\" frameborder=\"0\" allow=\"accelerometer; autoplay; clipboard-write; encrypted-media; gyroscope; picture-in-picture\" allowfullscreen><\/iframe>\n<h2>\n\t\tSee what our couples are saying about us:\n\t<\/h2>\n\t<iframe loading=\"lazy\" width=\"560\" height=\"315\" src=\"https:\/\/www.youtube.com\/embed\/lxp8CA9JdCw\" title=\"YouTube video player\" frameborder=\"0\" allow=\"accelerometer; autoplay; clipboard-write; encrypted-media; gyroscope; picture-in-picture\" allowfullscreen><\/iframe>\n\t<iframe loading=\"lazy\" width=\"560\" height=\"315\" src=\"https:\/\/www.youtube.com\/embed\/o06FtAAPaZQ\" title=\"YouTube video player\" frameborder=\"0\" allow=\"accelerometer; autoplay; clipboard-write; encrypted-media; gyroscope; picture-in-picture\" allowfullscreen><\/iframe>\n\t<iframe loading=\"lazy\" width=\"560\" height=\"315\" src=\"https:\/\/www.youtube.com\/embed\/Sp-Uf_k29hM\" title=\"YouTube video player\" frameborder=\"0\" allow=\"accelerometer; autoplay; clipboard-write; encrypted-media; gyroscope; picture-in-picture\" allowfullscreen><\/iframe>\n\t\t\t<a href=\"https:\/\/youtube.com\/playlist?list=PLLoZXVBvUCXKZXQv7Dbo1i61heRKvg8jL\" target=\"_blank\" rel=\"noopener\">\n\t\t\t\t\t\t\tTestimoniales de nuestras parejas\n\t\t\t\t\t<\/a>\n\t<p>Central Park es uno de los lugares m\u00e1s ic\u00f3nicos y pintorescos del <strong>mundo<\/strong> para celebrar su boda. Crearemos una experiencia \u00fanica para usted y su familia. Su boda ser\u00e1 la \u00fanica de la que todo el mundo hablar\u00e1.<\/p>\n<p>Estos son algunos de nuestros lugares m\u00e1s populares para celebrar bodas:<\/p>\n<h2>\n\t\tLugares Ideales para su Boda en Central Park\n\t<\/h2>\n\t<meta itemscope itemprop=\"mainEntityOfPage\" itemtype=\"https:\/\/schema.org\/WebPage\" itemid=\"http:\/\/260\" content=\"West Drive Boat Landing\" \/><meta itemprop=\"datePublished\" content=\"2020-06-15\" \/><meta itemprop=\"dateModified\" content=\"2020-06-30\" \/><meta itemprop=\"name\" content=\"Wedding Packages NYC\"\/><meta itemprop=\"url\" content=\"https:\/\/weddingpackagesnyc.com\/wp-content\/uploads\/2020\/06\/logo.png\"\/><meta itemprop=\"url\" content=\"https:\/\/weddingpackagesnyc.com\/author\/zack\/\" \/><meta itemprop=\"name\" content=\"zack\" \/><meta itemprop=\"url\" content=\"https:\/\/weddingpackagesnyc.com\/wp-content\/uploads\/2020\/06\/West-drive-boat-landing-rose-petals-scaled.jpg\" \/><meta itemprop=\"width\" content=\"2560\" \/><meta itemprop=\"height\" content=\"1707\" \/><meta itemprop=\"interactionType\" content=\"https:\/\/schema.org\/CommentAction\" \/><meta itemprop=\"userInteractionCount\" content=\"0\" \/><a href=\"https:\/\/weddingpackagesnyc.com\/location\/west-drive-boat-landing\/\">\n        <img decoding=\"async\" src=\"https:\/\/weddingpackagesnyc.com\/wp-content\/uploads\/2020\/06\/West-drive-boat-landing-rose-petals-658x438.jpg\" alt=\"\" title=\"\">\n        <h4>West Drive Boat Landing<\/h4>\n<\/a>\n\t<meta itemscope itemprop=\"mainEntityOfPage\" itemtype=\"https:\/\/schema.org\/WebPage\" itemid=\"http:\/\/409\" content=\"Wagner Cove\" \/><meta itemprop=\"datePublished\" content=\"2020-06-30\" \/><meta itemprop=\"dateModified\" content=\"2021-04-12\" \/><meta itemprop=\"name\" content=\"Wedding Packages NYC\"\/><meta itemprop=\"url\" content=\"https:\/\/weddingpackagesnyc.com\/wp-content\/uploads\/2020\/06\/logo.png\"\/><meta itemprop=\"url\" content=\"https:\/\/weddingpackagesnyc.com\/author\/andrea\/\" \/><meta itemprop=\"name\" content=\"Andrea Garret\" \/><meta itemprop=\"url\" content=\"https:\/\/weddingpackagesnyc.com\/wp-content\/uploads\/2020\/06\/wagner-cove-central-park-summer-wedding.jpg\" \/><meta itemprop=\"width\" content=\"1021\" \/><meta itemprop=\"height\" content=\"680\" \/><meta itemprop=\"interactionType\" content=\"https:\/\/schema.org\/CommentAction\" \/><meta itemprop=\"userInteractionCount\" content=\"0\" \/><a href=\"https:\/\/weddingpackagesnyc.com\/location\/wagner-cove\/\">\n        <img decoding=\"async\" src=\"https:\/\/weddingpackagesnyc.com\/wp-content\/uploads\/2020\/06\/wagner-cove-central-park-summer-wedding-658x438.jpg\" alt=\"\" title=\"\">\n        <h4>Wagner Cove<\/h4>\n<\/a>\n\t<meta itemscope itemprop=\"mainEntityOfPage\" itemtype=\"https:\/\/schema.org\/WebPage\" itemid=\"http:\/\/418\" content=\"Shakespeare Garden\" \/><meta itemprop=\"datePublished\" content=\"2020-06-30\" \/><meta itemprop=\"dateModified\" content=\"2021-06-29\" \/><meta itemprop=\"name\" content=\"Wedding Packages NYC\"\/><meta itemprop=\"url\" content=\"https:\/\/weddingpackagesnyc.com\/wp-content\/uploads\/2020\/06\/logo.png\"\/><meta itemprop=\"url\" content=\"https:\/\/weddingpackagesnyc.com\/author\/andrea\/\" \/><meta itemprop=\"name\" content=\"Andrea Garret\" \/><meta itemprop=\"url\" content=\"https:\/\/weddingpackagesnyc.com\/wp-content\/uploads\/2020\/06\/shakespeare-gardens-central-park-weddings-photos03.jpg\" \/><meta itemprop=\"width\" content=\"2048\" \/><meta itemprop=\"height\" content=\"1365\" \/><meta itemprop=\"interactionType\" content=\"https:\/\/schema.org\/CommentAction\" \/><meta itemprop=\"userInteractionCount\" content=\"0\" \/><a href=\"https:\/\/weddingpackagesnyc.com\/location\/shakespeare-garden\/\">\n        <img decoding=\"async\" src=\"https:\/\/weddingpackagesnyc.com\/wp-content\/uploads\/2020\/06\/shakespeare-gardens-central-park-weddings-photos03-658x438.jpg\" alt=\"\" title=\"\">\n        <h4>Shakespeare Garden<\/h4>\n<\/a>\n\t<meta itemscope itemprop=\"mainEntityOfPage\" itemtype=\"https:\/\/schema.org\/WebPage\" itemid=\"http:\/\/427\" content=\"Ladies Pavilion\" \/><meta itemprop=\"datePublished\" content=\"2020-06-30\" \/><meta itemprop=\"dateModified\" content=\"2020-06-30\" \/><meta itemprop=\"name\" content=\"Wedding Packages NYC\"\/><meta itemprop=\"url\" content=\"https:\/\/weddingpackagesnyc.com\/wp-content\/uploads\/2020\/06\/logo.png\"\/><meta itemprop=\"url\" content=\"https:\/\/weddingpackagesnyc.com\/author\/andrea\/\" \/><meta itemprop=\"name\" content=\"Andrea Garret\" \/><meta itemprop=\"url\" content=\"https:\/\/weddingpackagesnyc.com\/wp-content\/uploads\/2020\/06\/ladies-pavilion-wedding-photos-nyc.jpg\" \/><meta itemprop=\"width\" content=\"2048\" \/><meta itemprop=\"height\" content=\"1365\" \/><meta itemprop=\"interactionType\" content=\"https:\/\/schema.org\/CommentAction\" \/><meta itemprop=\"userInteractionCount\" content=\"0\" \/><a href=\"https:\/\/weddingpackagesnyc.com\/location\/ladies-pavilion\/\">\n        <img decoding=\"async\" src=\"https:\/\/weddingpackagesnyc.com\/wp-content\/uploads\/2020\/06\/ladies-pavilion-wedding-photos-nyc-658x438.jpg\" alt=\"\" title=\"\">\n        <h4>Ladies Pavilion<\/h4>\n<\/a>\n\t<meta itemscope itemprop=\"mainEntityOfPage\" itemtype=\"https:\/\/schema.org\/WebPage\" itemid=\"http:\/\/437\" content=\"Gapstow Bridge\" \/><meta itemprop=\"datePublished\" content=\"2020-06-30\" \/><meta itemprop=\"dateModified\" content=\"2022-07-03\" \/><meta itemprop=\"name\" content=\"Wedding Packages NYC\"\/><meta itemprop=\"url\" content=\"https:\/\/weddingpackagesnyc.com\/wp-content\/uploads\/2020\/06\/logo.png\"\/><meta itemprop=\"url\" content=\"https:\/\/weddingpackagesnyc.com\/author\/andrea\/\" \/><meta itemprop=\"name\" content=\"Andrea Garret\" \/><meta itemprop=\"url\" content=\"https:\/\/weddingpackagesnyc.com\/wp-content\/uploads\/2020\/12\/NYC6129-scaled.jpg\" \/><meta itemprop=\"width\" content=\"2560\" \/><meta itemprop=\"height\" content=\"1707\" \/><meta itemprop=\"interactionType\" content=\"https:\/\/schema.org\/CommentAction\" \/><meta itemprop=\"userInteractionCount\" content=\"0\" \/><a href=\"https:\/\/weddingpackagesnyc.com\/location\/gapstow-bridge\/\">\n        <img decoding=\"async\" src=\"https:\/\/weddingpackagesnyc.com\/wp-content\/uploads\/2020\/12\/NYC6129-658x438.jpg\" alt=\"\" title=\"\">\n        <h4>Gapstow Bridge<\/h4>\n<\/a>\n\t<meta itemscope itemprop=\"mainEntityOfPage\" itemtype=\"https:\/\/schema.org\/WebPage\" itemid=\"http:\/\/445\" content=\"Cop Cot\" \/><meta itemprop=\"datePublished\" content=\"2020-06-30\" \/><meta itemprop=\"dateModified\" content=\"2022-06-29\" \/><meta itemprop=\"name\" content=\"Wedding Packages NYC\"\/><meta itemprop=\"url\" content=\"https:\/\/weddingpackagesnyc.com\/wp-content\/uploads\/2020\/06\/logo.png\"\/><meta itemprop=\"url\" content=\"https:\/\/weddingpackagesnyc.com\/author\/andrea\/\" \/><meta itemprop=\"name\" content=\"Andrea Garret\" \/><meta itemprop=\"url\" content=\"https:\/\/weddingpackagesnyc.com\/wp-content\/uploads\/2020\/06\/cop-cot-central-park-wedding-packages-NYC-sml.jpg\" \/><meta itemprop=\"width\" content=\"1200\" \/><meta itemprop=\"height\" content=\"800\" \/><meta itemprop=\"interactionType\" content=\"https:\/\/schema.org\/CommentAction\" \/><meta itemprop=\"userInteractionCount\" content=\"0\" \/><a href=\"https:\/\/weddingpackagesnyc.com\/location\/cop-cot\/\">\n        <img decoding=\"async\" src=\"https:\/\/weddingpackagesnyc.com\/wp-content\/uploads\/2020\/06\/cop-cot-central-park-wedding-packages-NYC-sml-658x438.jpg\" alt=\"\" title=\"\">\n        <h4>Cop Cot<\/h4>\n<\/a>\n\t<meta itemscope itemprop=\"mainEntityOfPage\" itemtype=\"https:\/\/schema.org\/WebPage\" itemid=\"http:\/\/456\" content=\"Chambers Landing\" \/><meta itemprop=\"datePublished\" content=\"2020-06-30\" \/><meta itemprop=\"dateModified\" content=\"2020-06-30\" \/><meta itemprop=\"name\" content=\"Wedding Packages NYC\"\/><meta itemprop=\"url\" content=\"https:\/\/weddingpackagesnyc.com\/wp-content\/uploads\/2020\/06\/logo.png\"\/><meta itemprop=\"url\" content=\"https:\/\/weddingpackagesnyc.com\/author\/andrea\/\" \/><meta itemprop=\"name\" content=\"Andrea Garret\" \/><meta itemprop=\"url\" content=\"https:\/\/weddingpackagesnyc.com\/wp-content\/uploads\/2020\/06\/chambers-landing-wedding-elopement.jpg\" \/><meta itemprop=\"width\" content=\"1400\" \/><meta itemprop=\"height\" content=\"1000\" \/><meta itemprop=\"interactionType\" content=\"https:\/\/schema.org\/CommentAction\" \/><meta itemprop=\"userInteractionCount\" content=\"0\" \/><a href=\"https:\/\/weddingpackagesnyc.com\/location\/chambers-landing\/\">\n        <img decoding=\"async\" src=\"https:\/\/weddingpackagesnyc.com\/wp-content\/uploads\/2020\/06\/chambers-landing-wedding-elopement-658x438.jpg\" alt=\"\" title=\"\">\n        <h4>Chambers Landing<\/h4>\n<\/a>\n\t<meta itemscope itemprop=\"mainEntityOfPage\" itemtype=\"https:\/\/schema.org\/WebPage\" itemid=\"http:\/\/465\" content=\"Bow Bridge\" \/><meta itemprop=\"datePublished\" content=\"2020-06-30\" \/><meta itemprop=\"dateModified\" content=\"2023-04-04\" \/><meta itemprop=\"name\" content=\"Wedding Packages NYC\"\/><meta itemprop=\"url\" content=\"https:\/\/weddingpackagesnyc.com\/wp-content\/uploads\/2020\/06\/logo.png\"\/><meta itemprop=\"url\" content=\"https:\/\/weddingpackagesnyc.com\/author\/andrea\/\" \/><meta itemprop=\"name\" content=\"Andrea Garret\" \/><meta itemprop=\"url\" content=\"https:\/\/weddingpackagesnyc.com\/wp-content\/uploads\/2020\/06\/bow-bridge-central-park-wedding-in-fall.jpg\" \/><meta itemprop=\"width\" content=\"971\" \/><meta itemprop=\"height\" content=\"648\" \/><meta itemprop=\"interactionType\" content=\"https:\/\/schema.org\/CommentAction\" \/><meta itemprop=\"userInteractionCount\" content=\"0\" \/><a href=\"https:\/\/weddingpackagesnyc.com\/location\/bow-bridge\/\">\n        <img decoding=\"async\" src=\"https:\/\/weddingpackagesnyc.com\/wp-content\/uploads\/2020\/06\/bow-bridge-central-park-wedding-in-fall-658x438.jpg\" alt=\"\" title=\"\">\n        <h4>Bow Bridge<\/h4>\n<\/a>\n\t<meta itemscope itemprop=\"mainEntityOfPage\" itemtype=\"https:\/\/schema.org\/WebPage\" itemid=\"http:\/\/480\" content=\"Bethesda Terrace\" \/><meta itemprop=\"datePublished\" content=\"2020-06-30\" \/><meta itemprop=\"dateModified\" content=\"2023-10-08\" \/><meta itemprop=\"name\" content=\"Wedding Packages NYC\"\/><meta itemprop=\"url\" content=\"https:\/\/weddingpackagesnyc.com\/wp-content\/uploads\/2020\/06\/logo.png\"\/><meta itemprop=\"url\" content=\"https:\/\/weddingpackagesnyc.com\/author\/andrea\/\" \/><meta itemprop=\"name\" content=\"Andrea Garret\" \/><meta itemprop=\"url\" content=\"https:\/\/weddingpackagesnyc.com\/wp-content\/uploads\/2023\/07\/GF1_5555-min-scaled.jpg\" \/><meta itemprop=\"width\" content=\"1707\" \/><meta itemprop=\"height\" content=\"2560\" \/><meta itemprop=\"interactionType\" content=\"https:\/\/schema.org\/CommentAction\" \/><meta itemprop=\"userInteractionCount\" content=\"0\" \/><a href=\"https:\/\/weddingpackagesnyc.com\/location\/bethesda-terrace\/\">\n        <img decoding=\"async\" src=\"https:\/\/weddingpackagesnyc.com\/wp-content\/uploads\/2023\/07\/GF1_5555-min-658x438.jpg\" alt=\"\" title=\"\">\n        <h4>Bethesda Terrace<\/h4>\n<\/a>\n\t<meta itemscope itemprop=\"mainEntityOfPage\" itemtype=\"https:\/\/schema.org\/WebPage\" itemid=\"http:\/\/490\" content=\"Belvedere Castle\" \/><meta itemprop=\"datePublished\" content=\"2020-06-30\" \/><meta itemprop=\"dateModified\" content=\"2023-01-24\" \/><meta itemprop=\"name\" content=\"Wedding Packages NYC\"\/><meta itemprop=\"url\" content=\"https:\/\/weddingpackagesnyc.com\/wp-content\/uploads\/2020\/06\/logo.png\"\/><meta itemprop=\"url\" content=\"https:\/\/weddingpackagesnyc.com\/author\/andrea\/\" \/><meta itemprop=\"name\" content=\"Andrea Garret\" \/><meta itemprop=\"url\" content=\"https:\/\/weddingpackagesnyc.com\/wp-content\/uploads\/2020\/06\/belvedere-castle-central-park-wedding.jpg\" \/><meta itemprop=\"width\" content=\"1024\" \/><meta itemprop=\"height\" content=\"683\" \/><meta itemprop=\"interactionType\" content=\"https:\/\/schema.org\/CommentAction\" \/><meta itemprop=\"userInteractionCount\" content=\"0\" \/><a href=\"https:\/\/weddingpackagesnyc.com\/location\/belvedere-castle\/\">\n        <img decoding=\"async\" src=\"https:\/\/weddingpackagesnyc.com\/wp-content\/uploads\/2020\/06\/belvedere-castle-central-park-wedding-658x438.jpg\" alt=\"\" title=\"\">\n        <h4>Belvedere Castle<\/h4>\n<\/a>\n\t<meta itemscope itemprop=\"mainEntityOfPage\" itemtype=\"https:\/\/schema.org\/WebPage\" itemid=\"http:\/\/14046\" content=\"Conservatory Gardens\" \/><meta itemprop=\"datePublished\" content=\"2021-07-17\" \/><meta itemprop=\"dateModified\" content=\"2021-07-17\" \/><meta itemprop=\"name\" content=\"Wedding Packages NYC\"\/><meta itemprop=\"url\" content=\"https:\/\/weddingpackagesnyc.com\/wp-content\/uploads\/2020\/06\/logo.png\"\/><meta itemprop=\"url\" content=\"https:\/\/weddingpackagesnyc.com\/author\/vemoya\/\" \/><meta itemprop=\"name\" content=\"Veronica Moya\" \/><meta itemprop=\"url\" content=\"https:\/\/weddingpackagesnyc.com\/wp-content\/uploads\/2021\/07\/ConservatoryGradensMainGate-2-scaled.jpg\" \/><meta itemprop=\"width\" content=\"2560\" \/><meta itemprop=\"height\" content=\"1707\" \/><meta itemprop=\"interactionType\" content=\"https:\/\/schema.org\/CommentAction\" \/><meta itemprop=\"userInteractionCount\" content=\"0\" \/><a href=\"https:\/\/weddingpackagesnyc.com\/location\/conservatory-gardens\/\">\n        <img decoding=\"async\" src=\"https:\/\/weddingpackagesnyc.com\/wp-content\/uploads\/2021\/07\/ConservatoryGradensMainGate-2-658x438.jpg\" alt=\"\" title=\"\">\n        <h4>Conservatory Gardens<\/h4>\n<\/a>\n\t<meta itemscope itemprop=\"mainEntityOfPage\" itemtype=\"https:\/\/schema.org\/WebPage\" itemid=\"http:\/\/14053\" content=\"Dene Summerhouse\" \/><meta itemprop=\"datePublished\" content=\"2021-07-17\" \/><meta itemprop=\"dateModified\" content=\"2022-06-29\" \/><meta itemprop=\"name\" content=\"Wedding Packages NYC\"\/><meta itemprop=\"url\" content=\"https:\/\/weddingpackagesnyc.com\/wp-content\/uploads\/2020\/06\/logo.png\"\/><meta itemprop=\"url\" content=\"https:\/\/weddingpackagesnyc.com\/author\/vemoya\/\" \/><meta itemprop=\"name\" content=\"Veronica Moya\" \/><meta itemprop=\"url\" content=\"https:\/\/weddingpackagesnyc.com\/wp-content\/uploads\/2021\/07\/Summerhousedreaming-scaled.jpg\" \/><meta itemprop=\"width\" content=\"1707\" \/><meta itemprop=\"height\" content=\"2560\" \/><meta itemprop=\"interactionType\" content=\"https:\/\/schema.org\/CommentAction\" \/><meta itemprop=\"userInteractionCount\" content=\"0\" \/><a href=\"https:\/\/weddingpackagesnyc.com\/location\/dene-summerhouse-for-dreaming\/\">\n        <img decoding=\"async\" src=\"https:\/\/weddingpackagesnyc.com\/wp-content\/uploads\/2021\/07\/Summerhousedreaming-658x438.jpg\" alt=\"\" title=\"\">\n        <h4>Dene Summerhouse<\/h4>\n<\/a>\n\t\t<!-- .pp-content-posts -->\n\t<p>\u00a1Tener la boda de sus sue\u00f1os se volvi\u00f3 s\u00faper f\u00e1cil! Lo hicimos <br \/>todo el trabajo pesado para usted. Todo lo que tiene que hacer ahora es:<\/p>\n\t<a href=\"https:\/\/weddingpackagesnyc.com\/wedding-packages-nyc\/\">\n    Elige su <br \/>Paquete\n<\/a>\n\t<p>Utilice nuestro formulario de contacto, ll\u00e1manos (917)-300-3034, o seleccione <a href=\"\/packages\">un paquete en esta p\u00e1gina.<\/a><\/p>\n\t<a href=\"https:\/\/weddingpackagesnyc.com\/product\/just-the-ceremony\/#booknow\/\">\n    Haga su<br \/> Reserva\n<\/a>\n\t<p>\u00a1Es hora de planificar la boda de sus sue\u00f1os! Seleccione uno de nuestros paquetes, \u00a1podemos crear uno nuevo solo para usted!<\/p>\n\t<a href=\"https:\/\/weddingpackagesnyc.com\/about\/\">\n    Ser <br \/>Mimada\n<\/a>\n\t<p>\u00a1Abre el champagne y disfruta de uno de los d\u00edas m\u00e1s memorables de su vida mientras nosotros nos ocupamos de todos los detalles!<\/p>","protected":false},"excerpt":{"rendered":"<p>NYC #1 Elopement Experts! With a backup location in case of rain. Our all inclusive Wedding Packages make&#8230;<\/p>","protected":false},"author":1,"featured_media":13393,"parent":0,"menu_order":0,"comment_status":"closed","ping_status":"closed","template":"","meta":{"_acf_changed":false,"footnotes":""},"class_list":["post-296","page","type-page","status-publish","has-post-thumbnail","hentry","wpbf-post"],"acf":[],"_links":{"self":[{"href":"https:\/\/weddingpackagesnyc.com\/es\/wp-json\/wp\/v2\/pages\/296","targetHints":{"allow":["GET"]}}],"collection":[{"href":"https:\/\/weddingpackagesnyc.com\/es\/wp-json\/wp\/v2\/pages"}],"about":[{"href":"https:\/\/weddingpackagesnyc.com\/es\/wp-json\/wp\/v2\/types\/page"}],"author":[{"embeddable":true,"href":"https:\/\/weddingpackagesnyc.com\/es\/wp-json\/wp\/v2\/users\/1"}],"replies":[{"embeddable":true,"href":"https:\/\/weddingpackagesnyc.com\/es\/wp-json\/wp\/v2\/comments?post=296"}],"version-history":[{"count":5,"href":"https:\/\/weddingpackagesnyc.com\/es\/wp-json\/wp\/v2\/pages\/296\/revisions"}],"predecessor-version":[{"id":17239,"href":"https:\/\/weddingpackagesnyc.com\/es\/wp-json\/wp\/v2\/pages\/296\/revisions\/17239"}],"wp:featuredmedia":[{"embeddable":true,"href":"https:\/\/weddingpackagesnyc.com\/es\/wp-json\/wp\/v2\/media\/13393"}],"wp:attachment":[{"href":"https:\/\/weddingpackagesnyc.com\/es\/wp-json\/wp\/v2\/media?parent=296"}],"curies":[{"name":"wp","href":"https:\/\/api.w.org\/{rel}","templated":true}]}}