{"id":21,"date":"2020-06-05T18:01:02","date_gmt":"2020-06-05T18:01:02","guid":{"rendered":"https:\/\/weddingpackagesnyc.com\/?page_id=21"},"modified":"2026-04-24T17:51:17","modified_gmt":"2026-04-24T21:51:17","slug":"contact-us-central-park-wedding-in-new-york-city","status":"publish","type":"page","link":"https:\/\/weddingpackagesnyc.com\/es\/contact-us-central-park-wedding-in-new-york-city\/","title":{"rendered":"Contacto"},"content":{"rendered":"<h2>\n\t\t<a href=\"https:\/\/weddingpackagesnyc.com\/central-park-weddings-nyc\/\" title=\"Paquetes de boda en Nueva York\"  target=\"_self\">\n\t\t\tPaquetes de boda en Nueva York\t\t<\/a>\n\t<\/h2>\n                <form method='post' enctype='multipart\/form-data' target='gform_ajax_frame_1' id='gform_1'  action='https:\/\/weddingpackagesnyc.com\/contact-us-central-park-wedding-in-new-york-city\/?fl_builder&#038;fl_builder_ui_iframe#gf_1' data-formid='1' novalidate data-trp-original-action=\"https:\/\/weddingpackagesnyc.com\/contact-us-central-park-wedding-in-new-york-city\/?fl_builder&#038;fl_builder_ui_iframe#gf_1\">\n                        <ul id='gform_fields_1' class='gform_fields top_label form_sublabel_below description_below validation_below'><li id=\"field_1_7\"><label class='gfield_label gform-field-label' for='input_1_7'>Company<\/label><input name='input_7' id='input_1_7' type='text' value='' autocomplete='new-password'\/>This field is for validation purposes and should be left unchanged.<\/li><li id=\"field_1_1\"><label class='gfield_label gform-field-label gfield_label_before_complex'>Name*<\/label>\n                                                    <input type='text' name='input_1.3' id='input_1_1_3' value='' tabindex='101'  aria-required='true'     \/>\n                                                    <label for='input_1_1_3' class='gform-field-label gform-field-label--type-sub'>First<\/label>\n                                                    <input type='text' name='input_1.6' id='input_1_1_6' value='' tabindex='103'  aria-required='true'     \/>\n                                                    <label for='input_1_1_6' class='gform-field-label gform-field-label--type-sub'>Last<\/label>\n                        <\/li><li id=\"field_1_2\"><label class='gfield_label gform-field-label gfield_label_before_complex'>Email*<\/label>\n                                    <input class='' type='email' name='input_2' id='input_1_2' value='' tabindex='105'   aria-required=\"true\" aria-invalid=\"false\"  \/>\n                                    <label for='input_1_2' class='gform-field-label gform-field-label--type-sub'>Enter Email<\/label>\n                                    <input class='' type='email' name='input_2_2' id='input_1_2_2' value='' tabindex='106'   aria-required=\"true\" aria-invalid=\"false\"  \/>\n                                    <label for='input_1_2_2' class='gform-field-label gform-field-label--type-sub'>Confirm Email<\/label>\n                            <\/li><li id=\"field_1_5\"><label class='gfield_label gform-field-label' for='input_1_5'>Phone*<\/label><input name='input_5' id='input_1_5' type='tel' value='' class='medium' tabindex='107'  aria-required=\"true\" aria-invalid=\"false\"   \/><\/li><li id=\"field_1_3\"><label class='gfield_label gform-field-label' for='input_1_3'>Subject*<\/label><input name='input_3' id='input_1_3' type='text' value='' class='large'   tabindex='108'  aria-required=\"true\" aria-invalid=\"false\"   \/><\/li><li id=\"field_1_4\"><label class='gfield_label gform-field-label' for='input_1_4'>Message*<\/label><textarea name='input_4' id='input_1_4' class='textarea medium' tabindex='109'    aria-required=\"true\" aria-invalid=\"false\"   rows='10' cols='50'><\/textarea><\/li><li id=\"field_1_6\"><label class='gfield_label gform-field-label' for='input_1_6'>\u00bfEs humano? Pru\u00e9balo.<\/label><img loading=\"lazy\" decoding=\"async\" class=\"gfield_captcha\" src=\"https:\/\/weddingpackagesnyc.com\/index.php?gf-download=1911816421.png&#038;form-id=captcha&#038;field-id=6&#038;hash=28e3d2a0b376a91608bceb22f3e1087f697105f936c96bdce464c121aaaa6f5e\" alt=\"\" width=\"200\" height=\"56\" title=\"\"><input type='text' autocomplete='off' name='input_6' id='input_1_6' tabindex='110'\/><input type='hidden' name='input_captcha_prefix_6' value='1911816421' \/><\/li><\/ul>\n         <input type='submit' id='gform_submit_button_1' class='gform_button button' onclick='gform.submission.handleButtonClick(this);' data-submission-type='submit' value='Enviar' tabindex='111' \/> <input type='hidden' name='gform_ajax' value='form_id=1&amp;title=&amp;description=&amp;tabindex=100&amp;theme=legacy&amp;styles=[]&amp;hash=8ebf9ee32f3f5b77bd00d91b7c7e472b' \/>\n            <input type='hidden' class='gform_hidden' name='gform_submission_method' data-js='gform_submission_method_1' value='iframe' \/>\n            <input type='hidden' class='gform_hidden' name='gform_theme' data-js='gform_theme_1' id='gform_theme_1' value='legacy' \/>\n            <input type='hidden' class='gform_hidden' name='gform_style_settings' data-js='gform_style_settings_1' id='gform_style_settings_1' value='[]' \/>\n            <input type='hidden' class='gform_hidden' name='is_submit_1' value='1' \/>\n            <input type='hidden' class='gform_hidden' name='gform_submit' value='1' \/>\n            <input type='hidden' class='gform_hidden' name='gform_currency' data-currency='USD' value='6VEdW74tACKnWvJtMtzfL+9ksw7W\/TRg5iB\/srBNohdI7Eo7clP3l4MEGKufE+SjrF1kh6Hbfq4dL3lrARgmj5Ug8vAdOewQR5GMBeYPTiA8G2c=' \/>\n            <input type='hidden' class='gform_hidden' name='gform_unique_id' value='' \/>\n            <input type='hidden' class='gform_hidden' name='state_1' value='WyJbXSIsIjRhMjRkOTYwMmFlNzIzMTVmNzk1YjhiYmRiY2Y1NjE1Il0=' \/>\n            <input type='hidden' autocomplete='off' class='gform_hidden' name='gform_target_page_number_1' id='gform_target_page_number_1' value='0' \/>\n            <input type='hidden' autocomplete='off' class='gform_hidden' name='gform_source_page_number_1' id='gform_source_page_number_1' value='1' \/>\n            <input type='hidden' name='gform_field_values' value='' \/>\n                        <input type=\"hidden\" name=\"trp-form-language\" value=\"es\"\/><\/form>\n\t\t                <iframe style='display:none;width:0px;height:0px;' src='about:blank' name='gform_ajax_frame_1' id='gform_ajax_frame_1' title='This iframe contains the logic required to handle Ajax powered Gravity Forms.'><\/iframe>\n\t<h5><em>Llamenos en cualquier momento:<\/em><\/h5>\n<h5><strong>New York: 917-300-3034<\/strong><\/h5>\n<h5><strong>Correo electr\u00f3nico:<\/strong>\u00a0<strong><a href=\"mailto:info@weddingpackagesnyc.com\">info@weddingpackagesnyc.com<\/a><\/strong><\/h5>\n<h5><strong>Chapel: 939 8th Ave. suite 206 NYC 10019<\/strong><\/h5>\n\t<iframe src=\"https:\/\/www.google.com\/maps\/embed\/v1\/place?q=30+W+60th+St.%2C+New+York%2C+NY+10023&#038;key=AIzaSyD09zQ9PNDNNy9TadMuzRV_UsPUoWKntt8\" aria-hidden=\"true\"><\/iframe>\n\t\t<iframe loading=\"lazy\" width=\"560\" height=\"315\" src=\"https:\/\/www.youtube.com\/embed\/l7UuGABec4s\" frameborder=\"0\" allow=\"accelerometer; autoplay; clipboard-write; encrypted-media; gyroscope; picture-in-picture\" allowfullscreen><\/iframe>\t\n\t<h3>La due\u00f1a:<\/h3>\n<h4><a href=\"https:\/\/www.linkedin.com\/in\/veronica-moya\/\" target=\"_blank\" rel=\"noopener\">Veronica Moya &#8211; Wedding Officiant<\/a><\/h4>\n<p>I personally guarantee a personalized service and a level of dedication that you won&#8217;t find anywhere else.<\/p>\n<p>Over the years I&#8217;ve gained a wealth of knowledge and an impressive database of the most reliable and outstanding <strong>paquetes de boda<\/strong>\u00a0<strong>y excepcionales<\/strong>\u00a0en\u00a0<strong>la ciudad de Nueva York<\/strong>. Today I am happy to call them &#8220;My Team.&#8221; <\/p>\n<p>Mi objetivo es simplificar la experiencia de uno de los d\u00edas m\u00e1s importantes de su vida; mi misi\u00f3n es ofrecer un servicio excepcional con nada menos que lo mejor.<\/p>\n<p>Acquiring my services will guarantee you peace of mind in knowing that &#8220;every little detail&#8221; is taken care of on your wedding day.<\/p>\n<p>Si nos contrata para\u00a0<a href=\"https:\/\/weddingpackagesnyc.com\/central-park-weddings-nyc\/\"><strong>su<\/strong><\/a>\u00a0o su<a href=\"https:\/\/weddingpackagesnyc.com\/marriage-proposals-nyc\/\">\u00a0<strong>propuesta<\/strong>,<\/a> I will personally work with you on every aspect of the process.<\/p>\n<p>No quiero nada m\u00e1s que hacer que este d\u00eda sea lo m\u00e1s m\u00e1gico de su vida.<\/p>\n<figure itemscope itemtype=\"https:\/\/schema.org\/ImageObject\">\n\t\t\t\t<img decoding=\"async\" src=\"https:\/\/weddingpackagesnyc.com\/wp-content\/uploads\/2019\/06\/MyBeautifulWife_P_5731-scaled.jpg\" alt=\"Contact Wedding Packages in New York City\" height=\"2560\" width=\"2048\" title=\"Paquetes de boda en Nueva York\" onerror=\"this.style.display='none'\" loading=\"lazy\" \/>\n\t<\/figure>","protected":false},"excerpt":{"rendered":"<p>Contact Wedding Packages in New York City CompanyThis field is for validation purposes and should be left unchanged&#8230;.<\/p>","protected":false},"author":1,"featured_media":0,"parent":0,"menu_order":5,"comment_status":"closed","ping_status":"closed","template":"","meta":{"_acf_changed":false,"footnotes":""},"class_list":["post-21","page","type-page","status-publish","hentry","wpbf-post"],"acf":[],"_links":{"self":[{"href":"https:\/\/weddingpackagesnyc.com\/es\/wp-json\/wp\/v2\/pages\/21","targetHints":{"allow":["GET"]}}],"collection":[{"href":"https:\/\/weddingpackagesnyc.com\/es\/wp-json\/wp\/v2\/pages"}],"about":[{"href":"https:\/\/weddingpackagesnyc.com\/es\/wp-json\/wp\/v2\/types\/page"}],"author":[{"embeddable":true,"href":"https:\/\/weddingpackagesnyc.com\/es\/wp-json\/wp\/v2\/users\/1"}],"replies":[{"embeddable":true,"href":"https:\/\/weddingpackagesnyc.com\/es\/wp-json\/wp\/v2\/comments?post=21"}],"version-history":[{"count":20,"href":"https:\/\/weddingpackagesnyc.com\/es\/wp-json\/wp\/v2\/pages\/21\/revisions"}],"predecessor-version":[{"id":17297,"href":"https:\/\/weddingpackagesnyc.com\/es\/wp-json\/wp\/v2\/pages\/21\/revisions\/17297"}],"wp:attachment":[{"href":"https:\/\/weddingpackagesnyc.com\/es\/wp-json\/wp\/v2\/media?parent=21"}],"curies":[{"name":"wp","href":"https:\/\/api.w.org\/{rel}","templated":true}]}}