{"id":193,"date":"2020-06-08T18:51:06","date_gmt":"2020-06-08T18:51:06","guid":{"rendered":"https:\/\/weddingpackagesnyc.com\/my-account\/"},"modified":"2024-03-05T15:21:24","modified_gmt":"2024-03-05T20:21:24","slug":"my-account","status":"publish","type":"page","link":"https:\/\/weddingpackagesnyc.com\/es\/my-account\/","title":{"rendered":"My account"},"content":{"rendered":"<nav>\n\t<ul>\n\t\t\t\t\t<li>\n\t\t\t\t<a href=\"https:\/\/weddingpackagesnyc.com\/my-account\/\">Dashboard<\/a>\n\t\t\t<\/li>\n\t\t\t\t\t<li>\n\t\t\t\t<a href=\"https:\/\/weddingpackagesnyc.com\/my-account\/orders\/\">Orders<\/a>\n\t\t\t<\/li>\n\t\t\t\t\t<li>\n\t\t\t\t<a href=\"https:\/\/weddingpackagesnyc.com\/my-account\/edit-address\/\">Addresses<\/a>\n\t\t\t<\/li>\n\t\t\t\t\t<li>\n\t\t\t\t<a href=\"https:\/\/weddingpackagesnyc.com\/my-account\/edit-account\/\">Account details<\/a>\n\t\t\t<\/li>\n\t\t\t\t\t<li>\n\t\t\t\t<a href=\"https:\/\/weddingpackagesnyc.com\/my-account\/customer-logout\/?_wpnonce=b67bc819d5\">Cerrar Sesi\u00f3n<\/a>\n\t\t\t<\/li>\n\t\t\t<\/ul>\n<\/nav>\n\t<form method=\"post\" action=\"\">\n\t\t<h3>Shipping address<\/h3>\n\t\t\t\t<label for=\"1_first_name\">First name&nbsp;<abbr title=\"required\">*<\/abbr><\/label><input type=\"text\" name=\"1_first_name\" id=\"1_first_name\" placeholder=\"\" value=\"\" autocomplete=\"given-name\"><label for=\"1_last_name\">Last name&nbsp;<abbr title=\"required\">*<\/abbr><\/label><input type=\"text\" name=\"1_last_name\" id=\"1_last_name\" placeholder=\"\" value=\"\" autocomplete=\"family-name\"><label for=\"1_company\">Company name&nbsp;(optional)<\/label><input type=\"text\" name=\"1_company\" id=\"1_company\" placeholder=\"\" value=\"\" autocomplete=\"organization\"><label for=\"1_country\">Country \/ Region&nbsp;<abbr title=\"required\">*<\/abbr><\/label><select name=\"1_country\" id=\"1_country\" autocomplete=\"country\"><option value=\"\">Select a country \/ region\u2026<\/option><option value=\"AX\">\u00c5land Islands<\/option><option value=\"AF\">Afghanistan<\/option><option value=\"AL\">Albania<\/option><option value=\"DZ\">Algeria<\/option><option value=\"AS\">American Samoa<\/option><option value=\"AD\">Andorra<\/option><option value=\"AO\">Angola<\/option><option value=\"AI\">Anguilla<\/option><option value=\"AQ\">Antarctica<\/option><option value=\"AG\">Antigua and Barbuda<\/option><option value=\"AR\">Argentina<\/option><option value=\"AM\">Armenia<\/option><option value=\"AW\">Aruba<\/option><option value=\"AU\">Australia<\/option><option value=\"AT\">Austria<\/option><option value=\"AZ\">Azerbaijan<\/option><option value=\"BS\">Bahamas<\/option><option value=\"BH\">Bahrain<\/option><option value=\"BD\">Bangladesh<\/option><option value=\"BB\">Barbados<\/option><option value=\"BY\">Belarus<\/option><option value=\"PW\">Belau<\/option><option value=\"BE\">Belgium<\/option><option value=\"BZ\">Belize<\/option><option value=\"BJ\">Benin<\/option><option value=\"BM\">Bermuda<\/option><option value=\"BT\">Bhutan<\/option><option value=\"BO\">Bolivia<\/option><option value=\"BQ\">Bonaire, Saint Eustatius and Saba<\/option><option value=\"BA\">Bosnia and Herzegovina<\/option><option value=\"BW\">Botswana<\/option><option value=\"BV\">Bouvet Island<\/option><option value=\"BR\">Brazil<\/option><option value=\"IO\">British Indian Ocean Territory<\/option><option value=\"BN\">Brunei<\/option><option value=\"BG\">Bulgaria<\/option><option value=\"BF\">Burkina Faso<\/option><option value=\"BI\">Burundi<\/option><option value=\"KH\">Cambodia<\/option><option value=\"CM\">Cameroon<\/option><option value=\"CA\">Canada<\/option><option value=\"CV\">Cape Verde<\/option><option value=\"KY\">Cayman Islands<\/option><option value=\"CF\">Central African Republic<\/option><option value=\"TD\">Chad<\/option><option value=\"CL\">Chile<\/option><option value=\"CN\">China<\/option><option value=\"CX\">Christmas Island<\/option><option value=\"CC\">Cocos (Keeling) Islands<\/option><option value=\"CO\">Colombia<\/option><option value=\"KM\">Comoros<\/option><option value=\"CG\">Congo (Brazzaville)<\/option><option value=\"CD\">Congo (Kinshasa)<\/option><option value=\"CK\">Cook Islands<\/option><option value=\"CR\">Costa Rica<\/option><option value=\"HR\">Croatia<\/option><option value=\"CU\">Cuba<\/option><option value=\"CW\">Cura\u00e7ao<\/option><option value=\"CY\">Cyprus<\/option><option value=\"CZ\">Czech Republic<\/option><option value=\"DK\">Denmark<\/option><option value=\"DJ\">Djibouti<\/option><option value=\"DM\">Dominica<\/option><option value=\"DO\">Dominican Republic<\/option><option value=\"EC\">Ecuador<\/option><option value=\"EG\">Egypt<\/option><option value=\"SV\">El Salvador<\/option><option value=\"GQ\">Equatorial Guinea<\/option><option value=\"ER\">Eritrea<\/option><option value=\"EE\">Estonia<\/option><option value=\"ET\">Ethiopia<\/option><option value=\"FK\">Falkland Islands<\/option><option value=\"FO\">Faroe Islands<\/option><option value=\"FJ\">Fiji<\/option><option value=\"FI\">Finland<\/option><option value=\"FR\">France<\/option><option value=\"GF\">French Guiana<\/option><option value=\"PF\">French Polynesia<\/option><option value=\"TF\">French Southern Territories<\/option><option value=\"GA\">Gabon<\/option><option value=\"GM\">Gambia<\/option><option value=\"GE\">Georgia<\/option><option value=\"DE\">Germany<\/option><option value=\"GH\">Ghana<\/option><option value=\"GI\">Gibraltar<\/option><option value=\"GR\">Greece<\/option><option value=\"GL\">Greenland<\/option><option value=\"GD\">Grenada<\/option><option value=\"GP\">Guadeloupe<\/option><option value=\"GU\">Guam<\/option><option value=\"GT\">Guatemala<\/option><option value=\"GG\">Guernsey<\/option><option value=\"GN\">Guinea<\/option><option value=\"GW\">Guinea-Bissau<\/option><option value=\"GY\">Guyana<\/option><option value=\"HT\">Haiti<\/option><option value=\"HM\">Heard Island and McDonald Islands<\/option><option value=\"HN\">Honduras<\/option><option value=\"HK\">Hong Kong<\/option><option value=\"HU\">Hungary<\/option><option value=\"IS\">Iceland<\/option><option value=\"IN\">India<\/option><option value=\"ID\">Indonesia<\/option><option value=\"IR\">Iran<\/option><option value=\"IQ\">Iraq<\/option><option value=\"IE\">Ireland<\/option><option value=\"IM\">Isle of Man<\/option><option value=\"IL\">Israel<\/option><option value=\"IT\">Italy<\/option><option value=\"CI\">Ivory Coast<\/option><option value=\"JM\">Jamaica<\/option><option value=\"JP\">Japan<\/option><option value=\"JE\">Jersey<\/option><option value=\"JO\">Jordan<\/option><option value=\"KZ\">Kazakhstan<\/option><option value=\"KE\">Kenya<\/option><option value=\"KI\">Kiribati<\/option><option value=\"KW\">Kuwait<\/option><option value=\"KG\">Kyrgyzstan<\/option><option value=\"LA\">Laos<\/option><option value=\"LV\">Latvia<\/option><option value=\"LB\">Lebanon<\/option><option value=\"LS\">Lesotho<\/option><option value=\"LR\">Liberia<\/option><option value=\"LY\">Libya<\/option><option value=\"LI\">Liechtenstein<\/option><option value=\"LT\">Lithuania<\/option><option value=\"LU\">Luxembourg<\/option><option value=\"MO\">Macao<\/option><option value=\"MG\">Madagascar<\/option><option value=\"MW\">Malawi<\/option><option value=\"MY\">Malaysia<\/option><option value=\"MV\">Maldives<\/option><option value=\"ML\">Mali<\/option><option value=\"MT\">Malta<\/option><option value=\"MH\">Marshall Islands<\/option><option value=\"MQ\">Martinique<\/option><option value=\"MR\">Mauritania<\/option><option value=\"MU\">Mauritius<\/option><option value=\"YT\">Mayotte<\/option><option value=\"MX\">Mexico<\/option><option value=\"FM\">Micronesia<\/option><option value=\"MD\">Moldova<\/option><option value=\"MC\">Monaco<\/option><option value=\"MN\">Mongolia<\/option><option value=\"ME\">Montenegro<\/option><option value=\"MS\">Montserrat<\/option><option value=\"MA\">Morocco<\/option><option value=\"MZ\">Mozambique<\/option><option value=\"MM\">Myanmar<\/option><option value=\"NA\">Namibia<\/option><option value=\"NR\">Nauru<\/option><option value=\"NP\">Nepal<\/option><option value=\"NL\">Netherlands<\/option><option value=\"NC\">New Caledonia<\/option><option value=\"NZ\">New Zealand<\/option><option value=\"NI\">Nicaragua<\/option><option value=\"NE\">Niger<\/option><option value=\"NG\">Nigeria<\/option><option value=\"NU\">Niue<\/option><option value=\"NF\">Norfolk Island<\/option><option value=\"KP\">North Korea<\/option><option value=\"MK\">North Macedonia<\/option><option value=\"MP\">Northern Mariana Islands<\/option><option value=\"NO\">Norway<\/option><option value=\"OM\">Oman<\/option><option value=\"PK\">Pakistan<\/option><option value=\"PS\">Palestinian Territory<\/option><option value=\"PA\">Panama<\/option><option value=\"PG\">Papua New Guinea<\/option><option value=\"PY\">Paraguay<\/option><option value=\"PE\">Peru<\/option><option value=\"PH\">Philippines<\/option><option value=\"PN\">Pitcairn<\/option><option value=\"PL\">Poland<\/option><option value=\"PT\">Portugal<\/option><option value=\"PR\">Puerto Rico<\/option><option value=\"QA\">Qatar<\/option><option value=\"RE\">Reunion<\/option><option value=\"RO\">Romania<\/option><option value=\"RU\">Russia<\/option><option value=\"RW\">Rwanda<\/option><option value=\"ST\">S\u00e3o Tom\u00e9 and Pr\u00edncipe<\/option><option value=\"BL\">Saint Barth\u00e9lemy<\/option><option value=\"SH\">Saint Helena<\/option><option value=\"KN\">Saint Kitts and Nevis<\/option><option value=\"LC\">Saint Lucia<\/option><option value=\"SX\">Saint Martin (Dutch part)<\/option><option value=\"MF\">Saint Martin (French part)<\/option><option value=\"PM\">Saint Pierre and Miquelon<\/option><option value=\"VC\">Saint Vincent and the Grenadines<\/option><option value=\"WS\">Samoa<\/option><option value=\"SM\">San Marino<\/option><option value=\"SA\">Saudi Arabia<\/option><option value=\"SN\">Senegal<\/option><option value=\"RS\">Serbia<\/option><option value=\"SC\">Seychelles<\/option><option value=\"SL\">Sierra Leone<\/option><option value=\"SG\">Singapore<\/option><option value=\"SK\">Slovakia<\/option><option value=\"SI\">Slovenia<\/option><option value=\"SB\">Solomon Islands<\/option><option value=\"SO\">Somalia<\/option><option value=\"ZA\">South Africa<\/option><option value=\"GS\">South Georgia\/Sandwich Islands<\/option><option value=\"KR\">South Korea<\/option><option value=\"SS\">South Sudan<\/option><option value=\"ES\">Spain<\/option><option value=\"LK\">Sri Lanka<\/option><option value=\"SD\">Sudan<\/option><option value=\"SR\">Suriname<\/option><option value=\"SJ\">Svalbard and Jan Mayen<\/option><option value=\"SZ\">Swaziland<\/option><option value=\"SE\">Sweden<\/option><option value=\"CH\">Switzerland<\/option><option value=\"SY\">Syria<\/option><option value=\"TW\">Taiwan<\/option><option value=\"TJ\">Tajikistan<\/option><option value=\"TZ\">Tanzania<\/option><option value=\"TH\">Thailand<\/option><option value=\"TL\">Timor-Leste<\/option><option value=\"TG\">Togo<\/option><option value=\"TK\">Tokelau<\/option><option value=\"TO\">Tonga<\/option><option value=\"TT\">Trinidad and Tobago<\/option><option value=\"TN\">Tunisia<\/option><option value=\"TR\">Turkey<\/option><option value=\"TM\">Turkmenistan<\/option><option value=\"TC\">Turks and Caicos Islands<\/option><option value=\"TV\">Tuvalu<\/option><option value=\"UG\">Uganda<\/option><option value=\"UA\">Ukraine<\/option><option value=\"AE\">United Arab Emirates<\/option><option value=\"GB\">United Kingdom (UK)<\/option><option value=\"US\">United States (US)<\/option><option value=\"UM\">United States (US) Minor Outlying Islands<\/option><option value=\"UY\">Uruguay<\/option><option value=\"UZ\">Uzbekistan<\/option><option value=\"VU\">Vanuatu<\/option><option value=\"VA\">Vatican<\/option><option value=\"VE\">Venezuela<\/option><option value=\"VN\">Vietnam<\/option><option value=\"VG\">Virgin Islands (British)<\/option><option value=\"VI\">Virgin Islands (US)<\/option><option value=\"WF\">Wallis and Futuna<\/option><option value=\"EH\">Western Sahara<\/option><option value=\"YE\">Yemen<\/option><option value=\"ZM\">Zambia<\/option><option value=\"ZW\">Zimbabwe<\/option><\/select><button type=\"submit\" name=\"woocommerce_checkout_update_totals\" value=\"Update country \/ region\">Update country \/ region<\/button><label for=\"1_address_1\">Street address&nbsp;<abbr title=\"required\">*<\/abbr><\/label><input type=\"text\" name=\"1_address_1\" id=\"1_address_1\" placeholder=\"House number and street name\" value=\"\" autocomplete=\"address-line1\"><input type=\"text\" name=\"1_address_2\" id=\"1_address_2\" placeholder=\"Apartment, suite, unit, etc. (optional)\" value=\"\" autocomplete=\"address-line2\"><label for=\"1_city\">Town \/ City&nbsp;<abbr title=\"required\">*<\/abbr><\/label><input type=\"text\" name=\"1_city\" id=\"1_city\" placeholder=\"\" value=\"\" autocomplete=\"address-level2\"><label for=\"1_state\">State&nbsp;<abbr title=\"required\">*<\/abbr><\/label><select name=\"1_state\" id=\"1_state\" autocomplete=\"address-level1\" data-placeholder=\"Select an option\u2026\" data-input-classes=\"\">\n\t\t\t\t\t\t<option value=\"\">Select an option\u2026<\/option><option value=\"AL\">Alabama<\/option><option value=\"AK\">Alaska<\/option><option value=\"AZ\">Arizona<\/option><option value=\"AR\">Arkansas<\/option><option value=\"CA\">California<\/option><option value=\"CO\">Colorado<\/option><option value=\"CT\">Connecticut<\/option><option value=\"DE\">Delaware<\/option><option value=\"DC\">District Of Columbia<\/option><option value=\"FL\">Florida<\/option><option value=\"GA\">Georgia<\/option><option value=\"HI\">Hawaii<\/option><option value=\"ID\">Idaho<\/option><option value=\"IL\">Illinois<\/option><option value=\"IN\">Indiana<\/option><option value=\"IA\">Iowa<\/option><option value=\"KS\">Kansas<\/option><option value=\"KY\">Kentucky<\/option><option value=\"LA\">Louisiana<\/option><option value=\"ME\">Maine<\/option><option value=\"MD\">Maryland<\/option><option value=\"MA\">Massachusetts<\/option><option value=\"MI\">Michigan<\/option><option value=\"MN\">Minnesota<\/option><option value=\"MS\">Mississippi<\/option><option value=\"MO\">Missouri<\/option><option value=\"MT\">Montana<\/option><option value=\"NE\">Nebraska<\/option><option value=\"NV\">Nevada<\/option><option value=\"NH\">New Hampshire<\/option><option value=\"NJ\">New Jersey<\/option><option value=\"NM\">New Mexico<\/option><option value=\"NY\">New York<\/option><option value=\"NC\">North Carolina<\/option><option value=\"ND\">North Dakota<\/option><option value=\"OH\">Ohio<\/option><option value=\"OK\">Oklahoma<\/option><option value=\"OR\">Oregon<\/option><option value=\"PA\">Pennsylvania<\/option><option value=\"RI\">Rhode Island<\/option><option value=\"SC\">South Carolina<\/option><option value=\"SD\">South Dakota<\/option><option value=\"TN\">Tennessee<\/option><option value=\"TX\">Texas<\/option><option value=\"UT\">Utah<\/option><option value=\"VT\">Vermont<\/option><option value=\"VA\">Virginia<\/option><option value=\"WA\">Washington<\/option><option value=\"WV\">West Virginia<\/option><option value=\"WI\">Wisconsin<\/option><option value=\"WY\">Wyoming<\/option><option value=\"AA\">Armed Forces (AA)<\/option><option value=\"AE\">Armed Forces (AE)<\/option><option value=\"AP\">Armed Forces (AP)<\/option><\/select><label for=\"1_postcode\">ZIP&nbsp;<abbr title=\"required\">*<\/abbr><\/label><input type=\"text\" name=\"1_postcode\" id=\"1_postcode\" placeholder=\"\" value=\"\" autocomplete=\"postal-code\">\t\t\t\n\t\t\t\n\t\t\t\t<button type=\"submit\" name=\"save_address\" value=\"Save address\">Save address<\/button>\n\t\t\t\t<input type=\"hidden\" id=\"woocommerce-edit-address-nonce\" name=\"woocommerce-edit-address-nonce\" value=\"d4b9e57a50\"><input type=\"hidden\" name=\"_wp_http_referer\" value=\"\/?page_id=193&amp;fl_builder\">\t\t\t\t<input type=\"hidden\" name=\"action\" value=\"edit_address\">\n\t\t\t\n\t<input type=\"hidden\" name=\"trp-form-language\" value=\"es\"\/><\/form>","protected":false},"excerpt":{"rendered":"<p>Dashboard Orders Addresses Account details Logout Shipping address First name&nbsp;*Last name&nbsp;*Company name&nbsp;(optional)Country \/ Region&nbsp;*Select a country \/ region\u2026\u00c5land&#8230;<\/p>","protected":false},"author":1,"featured_media":0,"parent":0,"menu_order":0,"comment_status":"closed","ping_status":"closed","template":"","meta":{"_acf_changed":false,"footnotes":""},"class_list":["post-193","page","type-page","status-publish","hentry","wpbf-post"],"acf":[],"_links":{"self":[{"href":"https:\/\/weddingpackagesnyc.com\/es\/wp-json\/wp\/v2\/pages\/193","targetHints":{"allow":["GET"]}}],"collection":[{"href":"https:\/\/weddingpackagesnyc.com\/es\/wp-json\/wp\/v2\/pages"}],"about":[{"href":"https:\/\/weddingpackagesnyc.com\/es\/wp-json\/wp\/v2\/types\/page"}],"author":[{"embeddable":true,"href":"https:\/\/weddingpackagesnyc.com\/es\/wp-json\/wp\/v2\/users\/1"}],"replies":[{"embeddable":true,"href":"https:\/\/weddingpackagesnyc.com\/es\/wp-json\/wp\/v2\/comments?post=193"}],"version-history":[{"count":1,"href":"https:\/\/weddingpackagesnyc.com\/es\/wp-json\/wp\/v2\/pages\/193\/revisions"}],"predecessor-version":[{"id":16195,"href":"https:\/\/weddingpackagesnyc.com\/es\/wp-json\/wp\/v2\/pages\/193\/revisions\/16195"}],"wp:attachment":[{"href":"https:\/\/weddingpackagesnyc.com\/es\/wp-json\/wp\/v2\/media?parent=193"}],"curies":[{"name":"wp","href":"https:\/\/api.w.org\/{rel}","templated":true}]}}