{"id":17,"date":"2020-06-05T18:01:02","date_gmt":"2020-06-05T22:01:02","guid":{"rendered":"https:\/\/weddingpackagesnyc.com\/?page_id=17"},"modified":"2022-07-19T04:11:37","modified_gmt":"2022-07-19T08:11:37","slug":"about-old","status":"publish","type":"page","link":"https:\/\/weddingpackagesnyc.com\/es\/about-old\/","title":{"rendered":"About Old"},"content":{"rendered":"<h1>\n\t\tAbout Your Elopement Destination in NYC\n\t<\/h1>\n\t<h2><em>Here&#8217;s what our married couples say:<\/em><\/h2>\n\t\n            <div \n                class=\"elfsight-widget-youtube-gallery elfsight-widget\" \n                data-elfsight-youtube-gallery-options=\"%7B%22channel%22%3A%22https%3A%5C%2F%5C%2Fwww.youtube.com%5C%2Fchannel%5C%2FUCYN9lzyiNYHydJn7A_5KBdQ%22%2C%22sourceGroups%22%3A%5B%7B%22name%22%3A%22Testimonials%22%2C%22sources%22%3A%5B%22https%3A%5C%2F%5C%2Fwww.youtube.com%5C%2Fplaylist%3Flist%3DPLLoZXVBvUCXKZXQv7Dbo1i61heRKvg8jL%22%5D%7D%5D%2C%22headerVisible%22%3Afalse%2C%22headerLayout%22%3A%22minimal%22%2C%22headerInfo%22%3A%5B%22logo%22%2C%22banner%22%2C%22channelName%22%2C%22videosCounter%22%2C%22subscribersCounter%22%2C%22viewsCounter%22%2C%22subscribeButton%22%5D%2C%22headerChannelName%22%3Anull%2C%22headerChannelDescription%22%3Anull%2C%22headerChannelLogo%22%3Anull%2C%22headerChannelBanner%22%3Anull%2C%22contentColumns%22%3A3%2C%22contentRows%22%3A3%2C%22contentGutter%22%3A20%2C%22contentResponsive%22%3A%5B%7B%22minWidth%22%3A375%2C%22columns%22%3A1%2C%22rows%22%3A1%2C%22gutter%22%3A%2220%22%7D%2C%7B%22minWidth%22%3A768%2C%22columns%22%3A2%2C%22rows%22%3A1%2C%22gutter%22%3A%2220%22%7D%5D%2C%22width%22%3A%22auto%22%2C%22videoLayout%22%3A%22classic%22%2C%22videoInfo%22%3A%5B%22title%22%2C%22date%22%2C%22description%22%2C%22playIcon%22%5D%2C%22videoPlayMode%22%3A%22popup%22%2C%22popupInfo%22%3A%5B%5D%2C%22popupAutoplay%22%3Atrue%2C%22contentDirection%22%3A%22horizontal%22%2C%22contentArrowsControl%22%3Atrue%2C%22contentScrollControl%22%3Afalse%2C%22contentDragControl%22%3Afalse%2C%22contentPaginationControl%22%3Afalse%2C%22contentScrollbar%22%3Afalse%2C%22contentSearch%22%3Afalse%2C%22contentDivider1%22%3Anull%2C%22contentTransitionSpeed%22%3A600%2C%22contentTransitionEffect%22%3A%22fade%22%2C%22contentFreeMode%22%3Afalse%2C%22contentDivider2%22%3Anull%2C%22contentAuto%22%3A0%2C%22contentAutoPauseOnHover%22%3Atrue%2C%22colorScheme%22%3A%22custom%22%2C%22colorHeaderBg%22%3A%22rgb%28250%2C%20250%2C%20250%29%22%2C%22colorHeaderBannerOverlay%22%3A%22rgba%28255%2C%20255%2C%20255%2C%200.92%29%22%2C%22colorHeaderChannelName%22%3A%22rgb%2817%2C%2017%2C%2017%29%22%2C%22colorHeaderChannelNameHover%22%3A%22rgb%2817%2C%2017%2C%2017%29%22%2C%22colorHeaderChannelDescription%22%3A%22rgb%2817%2C%2017%2C%2017%29%22%2C%22colorHeaderAnchor%22%3A%22rgb%2817%2C%2017%2C%2017%29%22%2C%22colorHeaderAnchorHover%22%3A%22rgb%2817%2C%2017%2C%2017%29%22%2C%22colorHeaderCounters%22%3A%22rgba%2817%2C%2017%2C%2017%2C%200.7%29%22%2C%22colorGroupsBg%22%3A%22rgb%28255%2C%20255%2C%20255%29%22%2C%22colorGroupsLink%22%3A%22rgb%2817%2C%2017%2C%2017%2C%200.5%29%22%2C%22colorGroupsLinkHover%22%3A%22rgb%2817%2C%2017%2C%2017%29%22%2C%22colorGroupsLinkActive%22%3A%22rgb%2817%2C%2017%2C%2017%29%22%2C%22colorGroupsHighlightHover%22%3A%22rgb%2817%2C%2017%2C%2017%29%22%2C%22colorGroupsHighlightActive%22%3A%22rgb%2817%2C%2017%2C%2017%29%22%2C%22colorVideoBg%22%3A%22rgb%28255%2C%20255%2C%20255%29%22%2C%22colorVideoOverlay%22%3A%22rgb%28255%2C%20255%2C%20255%29%22%2C%22colorVideoPlayIcon%22%3A%22rgba%28116%2C%20185%2C%20169%2C%200.65%29%22%2C%22colorVideoPlayIconHover%22%3A%22rgba%28149%2C%20202%2C%20189%2C%200.7%29%22%2C%22colorVideoDuration%22%3A%22rgb%28255%2C%20255%2C%20255%29%22%2C%22colorVideoDurationBg%22%3A%22rgba%2834%2C%2034%2C%2034%2C%200.81%29%22%2C%22colorVideoTitle%22%3A%22rgb%2817%2C%2017%2C%2017%29%22%2C%22colorVideoTitleHover%22%3A%22rgb%2817%2C%2017%2C%2017%29%22%2C%22colorVideoDate%22%3A%22rgba%2817%2C%2017%2C%2017%2C%200.7%29%22%2C%22colorVideoDescription%22%3A%22rgb%2817%2C%2017%2C%2017%29%22%2C%22colorVideoAnchor%22%3A%22rgb%28116%2C%20185%2C%20169%29%22%2C%22colorVideoAnchorHover%22%3A%22rgb%28149%2C%20202%2C%20189%29%22%2C%22colorVideoCounters%22%3A%22rgba%2817%2C%2017%2C%2017%2C%200.7%29%22%2C%22colorPopupBg%22%3A%22rgb%28255%2C%20255%2C%20255%29%22%2C%22colorPopupAnchor%22%3A%22rgb%28116%2C%20185%2C%20169%29%22%2C%22colorPopupAnchorHover%22%3A%22rgb%28149%2C%20202%2C%20189%29%22%2C%22colorPopupOverlay%22%3A%22rgba%2811%2C%2011%2C%2011%2C%200.8%29%22%2C%22colorPopupTitle%22%3A%22rgb%2817%2C%2017%2C%2017%29%22%2C%22colorPopupChannelName%22%3A%22rgb%2817%2C%2017%2C%2017%29%22%2C%22colorPopupChannelNameHover%22%3A%22rgb%2817%2C%2017%2C%2017%29%22%2C%22colorPopupViewsCounter%22%3A%22rgba%2817%2C%2017%2C%2017%2C%200.7%29%22%2C%22colorPopupLikesRatio%22%3A%22rgb%28116%2C%20185%2C%20169%29%22%2C%22colorPopupDislikesRatio%22%3A%22rgb%28207%2C%20207%2C%20207%29%22%2C%22colorPopupLikesCounter%22%3A%22rgba%2817%2C%2017%2C%2017%2C%200.5%29%22%2C%22colorPopupDislikesCounter%22%3A%22rgba%2817%2C%2017%2C%2017%2C%200.5%29%22%2C%22colorPopupShare%22%3A%22rgba%2817%2C%2017%2C%2017%2C%200.5%29%22%2C%22colorPopupDate%22%3A%22rgba%2817%2C%2017%2C%2017%2C%200.7%29%22%2C%22colorPopupDescription%22%3A%22rgb%2817%2C%2017%2C%2017%29%22%2C%22colorPopupDescriptionMoreButton%22%3A%22rgba%2817%2C%2017%2C%2017%2C%200.5%29%22%2C%22colorPopupDescriptionMoreButtonHover%22%3A%22rgba%2817%2C%2017%2C%2017%2C%200.7%29%22%2C%22colorPopupCommentsUsername%22%3A%22rgb%2817%2C%2017%2C%2017%29%22%2C%22colorPopupCommentsUsernameHover%22%3A%22rgb%2817%2C%2017%2C%2017%29%22%2C%22colorPopupCommentsPassedTime%22%3A%22rgba%2817%2C%2017%2C%2017%2C%200.7%29%22%2C%22colorPopupCommentsLikes%22%3A%22rgba%2817%2C%2017%2C%2017%2C%200.5%29%22%2C%22colorPopupCommentsText%22%3A%22rgb%2817%2C%2017%2C%2017%29%22%2C%22colorPopupControls%22%3A%22rgb%28160%2C%20160%2C%20160%29%22%2C%22colorPopupControlsHover%22%3A%22rgb%28220%2C%20220%2C%20220%29%22%2C%22colorPopupControlsMobile%22%3A%22rgb%28220%2C%20220%2C%20220%29%22%2C%22colorPopupControlsMobileBg%22%3A%22rgba%28255%2C%20255%2C%20255%2C%200%29%22%2C%22colorContentBg%22%3A%22rgb%28255%2C%20255%2C%20255%29%22%2C%22colorContentArrows%22%3A%22rgb%28255%2C%20255%2C%20255%29%22%2C%22colorContentArrowsHover%22%3A%22rgb%28255%2C%20255%2C%20255%29%22%2C%22colorContentArrowsBg%22%3A%22rgba%28149%2C%20202%2C%20189%2C%200.65%29%22%2C%22colorContentArrowsBgHover%22%3A%22rgba%28149%2C%20202%2C%20189%2C%200.65%29%22%2C%22colorContentScrollbarBg%22%3A%22rgb%28255%2C%20255%2C%20255%29%22%2C%22colorContentScrollbarSliderBg%22%3A%22rgba%280%2C%200%2C%200%2C%200.4%29%22%2C%22lang%22%3A%22en%22%2C%22adsClient%22%3Anull%2C%22adsSlotsContent%22%3Anull%2C%22adsSlotsPopup%22%3Anull%2C%22noCookies%22%3Atrue%2C%22key%22%3A%22AIzaSyDairRBIsaQ0h2QIVe7eso3AvSeGJPghVk%22%2C%22apiUrl%22%3A%22https%3A%5C%2F%5C%2Fweddingpackagesnyc.com%5C%2Fes%5C%2Fwp-json%5C%2Felfsight-youtube-gallery%5C%2Fapi%22%2C%22widgetId%22%3A%221%22%7D\" \n                data-elfsight-youtube-gallery-version=\"3.5.0\"\n                data-elfsight-widget-id=\"elfsight-youtube-gallery-1\">\n            <\/div>\n            \n<h1>\n\t\tPuede leer m\u00e1s testimonios de nuestros clientes en Google.\n\t<\/h1>\n\t<h2><strong><em><a href=\"https:\/\/www.google.com\/search?q=wedding+packages+nyc&amp;lrd=0x89c25858ead641e7:0x4dc148e77e46d31d,1&amp;cad=h\" target=\"_blank\" rel=\"noopener\">Leer M\u00e1s Comentarios en Google<\/a><\/em><\/strong><\/h2>\n<h3>\n\t\tPaquetes de boda hechos para usted para fugas y ceremonias \u00edntimas. Mire el video para comenzar.\n\t<\/h3>\n\t<iframe allowfullscreen allow=\"autoplay\" src=\"https:\/\/www.youtube-nocookie.com\/embed\/hX41I3A41cc?feature=oembed&amp;start&amp;end&amp;wmode=opaque&amp;loop=0&amp;controls=1&amp;mute=0&amp;rel=0&amp;modestbranding=1\"><\/iframe>\t\n\t<h2><em>Le haremos olvidar que se est\u00e1 fugando. Se sentir\u00e1 mimado en todo momento.<\/em><\/h2>\n\t\t\t<a href=\"tel:(646) 592-0125\" target=\"_self\" role=\"button\" rel=\"noopener\">\n\t\t\t\t\t\t\t\u00bfLista para empezar? <br \/>ll\u00e1manos al (917) 300-3034\n\t\t\t\t\t<\/a>\n\t<h3><strong>Vis\u00edtanos en las NOTICIAS:\u00a0<\/strong><\/h3>\n\t\t\t\t<a href=\"https:\/\/nypost.com\/2021\/02\/06\/las-vegas-style-quickie-wedding-chapel-opens-in-manhattan\/\" target=\"_blank\" rel=\"noopener\" itemprop=\"url\">\n\t\t\t\t<img loading=\"lazy\" decoding=\"async\" src=\"https:\/\/weddingpackagesnyc.com\/wp-content\/uploads\/2021\/02\/New-York-Post-150x150.jpg\" alt=\"New-York-Post\" itemprop=\"image\" height=\"150\" width=\"150\" title=\"New-York-Post\" onerror=\"this.style.display='none'\"  \/>\n\t\t\t\t<\/a>\n\t\t\t\t<a href=\"https:\/\/youtu.be\/EJn6bd6FZtA\" target=\"_blank\" rel=\"noopener\" itemprop=\"url\">\n\t\t\t\t<img loading=\"lazy\" decoding=\"async\" src=\"https:\/\/weddingpackagesnyc.com\/wp-content\/uploads\/2021\/02\/nbc-news-logo-150x150.jpg\" alt=\"nbc-news-logo\" itemprop=\"image\" height=\"150\" width=\"150\" title=\"nbc-news-logo\" onerror=\"this.style.display='none'\"  \/>\n\t\t\t\t<\/a>\n\t\t\t\t<a href=\"https:\/\/youtu.be\/VTu-N32nzeQ\" target=\"_self\" itemprop=\"url\" rel=\"noopener\">\n\t\t\t\t<img loading=\"lazy\" decoding=\"async\" src=\"https:\/\/weddingpackagesnyc.com\/wp-content\/uploads\/2020\/06\/fox.png\" alt=\"fox\" itemprop=\"image\" height=\"146\" width=\"146\" title=\"fox\" onerror=\"this.style.display='none'\"  \/>\n\t\t\t\t<\/a>\n\t\t\t\t<a href=\"https:\/\/www.cosmopolitan.com\/sex-love\/a29786633\/christmas-proposal-ideas\/\" target=\"_blank\" rel=\"noopener\" itemprop=\"url\">\n\t\t\t\t<img loading=\"lazy\" decoding=\"async\" src=\"https:\/\/weddingpackagesnyc.com\/wp-content\/uploads\/2020\/06\/cosmo.png\" alt=\"cosmo\" itemprop=\"image\" height=\"146\" width=\"146\" title=\"cosmo\" onerror=\"this.style.display='none'\"  \/>\n\t\t\t\t<\/a>\n\t\t\t\t<a href=\"https:\/\/youtu.be\/8hY3hehgYyU\" target=\"_blank\" rel=\"noopener\" itemprop=\"url\">\n\t\t\t\t<img loading=\"lazy\" decoding=\"async\" src=\"https:\/\/weddingpackagesnyc.com\/wp-content\/uploads\/2021\/02\/download-150x150.png\" alt=\"download\" itemprop=\"image\" height=\"150\" width=\"150\" title=\"download\" onerror=\"this.style.display='none'\"  \/>\n\t\t\t\t<\/a>\n\t\t\t\t<a href=\"https:\/\/www.theamericanreporter.com\/love-in-the-time-of-covid-19-with-wedding-packages-nyc\/\" target=\"_blank\" rel=\"noopener\" itemprop=\"url\">\n\t\t\t\t<img loading=\"lazy\" decoding=\"async\" src=\"https:\/\/weddingpackagesnyc.com\/wp-content\/uploads\/2021\/02\/Reporter_logo_social_1200x630-150x150.jpg\" alt=\"Reporter_logo_social_1200x630\" itemprop=\"image\" height=\"150\" width=\"150\" title=\"Reporter_logo_social_1200x630\" onerror=\"this.style.display='none'\"  \/>\n\t\t\t\t<\/a>\n<h2>\n\t\tOfrecemos Paquetes de Fugas con Todo Incluido en la Ciudad de Nueva York\n\t<\/h2>\n<h2>\n\t\tPaquetes de fuga con todo incluido\n\t<\/h2>\n\t<p>There&#8217;s no place like New York City &#8211; and\u00a0<strong>New York&#8217;s\u00a0<a href=\"https:\/\/weddingpackagesnyc.com\/central-park-weddings-nyc\/\">Parque Central<\/a><\/strong>\u00a0&#8211; for your proposal, elopement, and wedding! You can simply relax, and enjoy your wedding day while every little detail is taken care of for you. Whether you choose a\u00a0<strong><a href=\"https:\/\/weddingpackagesnyc.com\/just-the-ceremony-manhattan-wedding\/\">una boda peque\u00f1a,<\/a><\/strong>, a\u00a0<strong><a href=\"https:\/\/weddingpackagesnyc.com\/times-square-billboard-marriage-proposal-nyc\/\">una propuesta de matrimonio en Times Square<\/a><\/strong>o un<strong><a href=\"https:\/\/weddingpackagesnyc.com\/elopement-packages-nyc\/\">\u00a0paquete de fuga<\/a><\/strong>, \u00a0Wedding Packages NYC takes care of all the details with a package that fits your budget, so you can focus on enjoying your special day.<\/p>\n<h2>\n\t\tCasarse en Nueva York!\n\t<\/h2>\n<h4>\n\t\tNuestros paquetes de boda con todo incluido capturan toda la magia y el encanto de una boda en Nueva York, sin el precio de Manhattan. Lo mejor de todo es que, como su coordinador personal de bodas, Wedding Packages NYC se encargar\u00e1 de todo el papeleo y la log\u00edstica necesarios mientras usted, su familia y sus amigos disfrutan de nuestra bella ciudad y su experiencia de boda perfecta.\n\t<\/h4>\n\t\t\t\t<img loading=\"lazy\" decoding=\"async\" src=\"https:\/\/weddingpackagesnyc.com\/wp-content\/uploads\/2020\/07\/wedding-packages-nyc-central-park-about-us.jpg\" alt=\"wedding-packages-nyc-central-park-about-us\" itemprop=\"image\" height=\"406\" width=\"600\" title=\"wedding-packages-nyc-central-park-about-us\" onerror=\"this.style.display='none'\"  \/>\n\t<p>Wedding Packages NYC fue fundada en 2015 por <a href=\"https:\/\/weddingpackagesnyc.com\/contact-us-central-park-wedding-in-new-york-city\/\"><strong>Veronica Moya, <\/strong><\/a>una oficiante biling\u00fce y organizadora de bodas con m\u00e1s de 10 a\u00f1os de experiencia en la industria de las bodas. <\/p>\n<p>Su meta era ofrecer <a href=\"https:\/\/weddingpackagesnyc.com\/central-park-weddings-nyc\/\"><strong>paquetes de boda<\/strong><\/a>\u00a0y\u00a0<a href=\"https:\/\/weddingpackagesnyc.com\/elopement-packages-nyc\/\"><strong>de fuga<\/strong>\u00a0<strong>econ\u00f3micos<\/strong><\/a> para las parejas que quieren todo el glamour de una boda en Nueva York sin la planificaci\u00f3n de un a\u00f1o o los gastos de una boda tradicional. Ella ha creado <em>personalmente<\/em>\u00a0una variedad de\u00a0<a href=\"https:\/\/weddingpackagesnyc.com\/elopement-packages-nyc\/\"><strong>paquetes de fuga muy econ\u00f3micos con todo incluido<\/strong><\/a> packages for Couples who don&#8217;t want to spend a fortune on their special day but still deserve to have intimate experience and beautiful memories on their wedding day.<\/p>\n<p>The Weddings Packages NYC team of wedding coordinators provide that personal touch, which guarantees that your wedding, elopement, or proposal will be everything you&#8217;ve ever dreamed of and more.<\/p>\n<p>And if you haven&#8217;t popped the question yet, we have a number of original ideas for your Magical marriage proposal, from Helicopter rides around Manhattan to a <a href=\"https:\/\/weddingpackagesnyc.com\/times-square-billboard-marriage-proposal-nyc\/\"><strong>propuesta de matrimonio en una valla publicitaria en Times Square<\/strong><\/a>. Creamos, organizamos y supervisamos personalmente cada paquete que ofrecemos.<\/p>\n<h1>\n\t\tNuestros recursos y experiencia en Nueva York\n\t<\/h1>\n\t<p>Con m\u00e1s de 10 a\u00f1os de experiencia en la organizaci\u00f3n de bodas en la ciudad de Nueva York, le ofrecemos una biblioteca de recursos y algunas de las muchas historias de bodas de las que hemos formado parte. Vea nuestras historias m\u00e1s recientes a continuaci\u00f3n o vaya a nuestra\u00a0<a href=\"https:\/\/weddingpackagesnyc.com\/wedding-resources\/\">p\u00e1gina de recursos<\/a>\u00a0aqu\u00ed.<\/p>\n\t\t\t<a href=\"https:\/\/weddingpackagesnyc.com\/wedding-resources\/\" target=\"_self\" role=\"button\" rel=\"noopener\">\n\t\t\t\t\t\t\tVER M\u00c1S RECURSOS\n\t\t\t\t\t<\/a>\n<h1>\n\t\t<a href=\"https:\/\/weddingpackagesnyc.com\/central-park-wedding-packages\/\" title=\"Parque Central &lt;br class=&quot;wpbf-hidden-small&quot; \/&gt;Central Park\" target=\"_self\" rel=\"noopener\">\n\t\tParque Central <br \/>Central Park\n\t\t<\/a>\n\t<\/h1>\n<h1>\n\t\tOtras ubicaciones<br \/> de Nueva York\n\t<\/h1>","protected":false},"excerpt":{"rendered":"<p>About Your Elopement Destination in NYC Here&#8217;s what our married couples say: Check out some of our 5-star&#8230;<\/p>","protected":false},"author":1,"featured_media":0,"parent":0,"menu_order":1,"comment_status":"closed","ping_status":"closed","template":"","meta":{"_acf_changed":false,"footnotes":""},"class_list":["post-17","page","type-page","status-publish","hentry","wpbf-post"],"acf":[],"_links":{"self":[{"href":"https:\/\/weddingpackagesnyc.com\/es\/wp-json\/wp\/v2\/pages\/17","targetHints":{"allow":["GET"]}}],"collection":[{"href":"https:\/\/weddingpackagesnyc.com\/es\/wp-json\/wp\/v2\/pages"}],"about":[{"href":"https:\/\/weddingpackagesnyc.com\/es\/wp-json\/wp\/v2\/types\/page"}],"author":[{"embeddable":true,"href":"https:\/\/weddingpackagesnyc.com\/es\/wp-json\/wp\/v2\/users\/1"}],"replies":[{"embeddable":true,"href":"https:\/\/weddingpackagesnyc.com\/es\/wp-json\/wp\/v2\/comments?post=17"}],"version-history":[{"count":0,"href":"https:\/\/weddingpackagesnyc.com\/es\/wp-json\/wp\/v2\/pages\/17\/revisions"}],"wp:attachment":[{"href":"https:\/\/weddingpackagesnyc.com\/es\/wp-json\/wp\/v2\/media?parent=17"}],"curies":[{"name":"wp","href":"https:\/\/api.w.org\/{rel}","templated":true}]}}