{"id":16087,"date":"2024-01-25T11:12:47","date_gmt":"2024-01-25T16:12:47","guid":{"rendered":"https:\/\/weddingpackagesnyc.com\/?page_id=16087"},"modified":"2026-04-25T15:22:20","modified_gmt":"2026-04-25T19:22:20","slug":"central-park-weddings-nyc","status":"publish","type":"page","link":"https:\/\/weddingpackagesnyc.com\/es\/central-park-weddings-nyc\/","title":{"rendered":"Paquetes de Boda en el Parque Central"},"content":{"rendered":"<h1>\n\t\t\tPaquetes de Boda en el Parque Central\t<\/h1>\n<h2>\n\t\t\tIncluye permisos del parque. Ceremonias Legales\t<\/h2>\n\tOfrecemos <strong data-start=\"338\" data-end=\"378\">Central Park wedding packages in NYC<\/strong> Para parejas que desean una ceremonia al aire libre sencilla y legal sin tener que lidiar con el papeleo. <strong data-start=\"465\" data-end=\"518\">Nosotros nos encargamos de obtener el permiso para su boda en Central Park.<\/strong>, provide a <strong data-start=\"530\" data-end=\"564\">licensed NYC wedding officiant<\/strong>, and handle the ceremony details so everything is done properly.\nWe do elopements, micro-weddings, or big weddings in Central Park. You decide. We get it done.\n\t<p>C\u00e1sate en Central Park con un paquete de bodas que incluye el permiso. Oficiante de bodas con licencia de Nueva York, ceremonia corta y personalizada y tr\u00e1mites legales. Cualquier d\u00eda, a cualquier hora.<\/p>\n\t<strong>&#8220;We do not limit to the number of guests that you can have<\/strong>.&#8221;<br>\nY le ofrecemos una ubicaci\u00f3n alternativa por si prefiere guardarlo en el interior.\n<h2>\n\t\t\tWhat&#8217;s Included in Our Central Park Wedding Packages:\t<\/h2>\n\t<h3 data-start=\"1230\" data-end=\"1276\"><strong data-start=\"1230\" data-end=\"1276\">Los Paquetes del Parque central Incluyen:<\/strong><\/h3>\n<ul>\n<li>Oficiante legal de matrimonios<\/li>\n<li>Guion de ceremonia personalizado (corto, emotivo y significativo)<\/li>\n<li>Nosotros nos encargaremos de obtener los permisos para su boda en Central Park.<\/li>\n<li>Recomendaciones de lugares dentro de Central Park.<\/li>\n<li>Soporte de l\u00ednea de tiempo para que todo funcione sin problemas.<\/li>\n<li>Presentaci\u00f3n de los documentos matrimoniales despu\u00e9s de la ceremonia.<\/li>\n<\/ul>\nWe don&#8217;t limit the number of guests that you can have at your Central Park Wedding.<br>\nPuedes invitar a tantas personas como quieras. El parque est\u00e1 abierto para todo el mundo.\n\t\t<iframe loading=\"lazy\" width=\"560\" height=\"315\" src=\"https:\/\/www.youtube.com\/embed\/s6Sj-DVxiyI\" title=\"YouTube video player\" frameborder=\"0\" allow=\"accelerometer; autoplay; clipboard-write; encrypted-media; gyroscope; picture-in-picture\" allowfullscreen=\"\"><\/iframe>\t\n\t<h2 data-start=\"1655\" data-end=\"1698\">\u00bfPara qui\u00e9nes est\u00e1n dise\u00f1ados estos paquetes de bodas en Central Park?<\/h2>\nNuestros servicios son ideales si:\n<ul>\n<li data-start=\"2515\" data-end=\"2566\">\u00bfQuieres casarte al aire libre en Nueva York sin necesidad de un lugar espec\u00edfico?<\/li>\n<li data-start=\"2515\" data-end=\"2566\">Prefieres una ceremonia \u00edntima a un evento multitudinario.<\/li>\n<li data-start=\"2515\" data-end=\"2566\">Are visiting New York and need a clear, legal process<\/li>\n<li data-start=\"2515\" data-end=\"2566\">Want an experienced officiant who knows Central Park logistics<\/li>\n<li data-start=\"2515\" data-end=\"2566\">Value calm guidance and direct communication<\/li>\n<\/ul>\nIf you&#8217;re planning a large production with d\u00e9cor installations, this is not the right fit, and that&#8217;s intentional.\n\t<h2 data-start=\"1655\" data-end=\"1698\">Parque Central Bodas y <a href=\"https:\/\/weddingpackagesnyc.com\/elopement-packages-nyc\/\">escapadas<\/a> Options<\/h2>\nNos especializamos en <strong data-start=\"1717\" data-end=\"1753\">intimate Central Park ceremonies<\/strong>, including:\n<ul data-start=\"1767\" data-end=\"1940\">\n<li data-start=\"1767\" data-end=\"1796\">\n<strong data-start=\"1769\" data-end=\"1796\">Central Park Elopements<\/strong>\n<\/li>\n<li data-start=\"1797\" data-end=\"1831\">\n<strong data-start=\"1799\" data-end=\"1831\">Small Weddings (0-25 guests)<\/strong>\n<\/li>\n<li data-start=\"1832\" data-end=\"1870\">\n<strong data-start=\"1834\" data-end=\"1870\">Same-Day or Last-Minute Weddings<\/strong>\n<\/li>\n<li data-start=\"1871\" data-end=\"1905\">\n<strong data-start=\"1873\" data-end=\"1905\">Vow Renewals in Central Park<\/strong>\n<\/li>\n<li data-start=\"1906\" data-end=\"1940\">\n<strong data-start=\"1908\" data-end=\"1940\">Weekday &amp; Weekend Ceremonies<\/strong>\n<\/li>\n<\/ul>\nIf you want something simple, legal, and beautiful, this is exactly what we do.\n<h2>\n\t\t\tSee what our couples are saying about us:\t<\/h2>\n\t\t<iframe loading=\"lazy\" width=\"560\" height=\"315\" src=\"https:\/\/www.youtube.com\/embed\/lxp8CA9JdCw\" title=\"YouTube video player\" frameborder=\"0\" allow=\"accelerometer; autoplay; clipboard-write; encrypted-media; gyroscope; picture-in-picture\" allowfullscreen=\"\"><\/iframe>\t\n\t\t<iframe loading=\"lazy\" width=\"560\" height=\"315\" src=\"https:\/\/www.youtube.com\/embed\/o06FtAAPaZQ\" title=\"YouTube video player\" frameborder=\"0\" allow=\"accelerometer; autoplay; clipboard-write; encrypted-media; gyroscope; picture-in-picture\" allowfullscreen=\"\"><\/iframe>\t\n\t\t<iframe loading=\"lazy\" width=\"560\" height=\"315\" src=\"https:\/\/www.youtube.com\/embed\/Sp-Uf_k29hM\" title=\"YouTube video player\" frameborder=\"0\" allow=\"accelerometer; autoplay; clipboard-write; encrypted-media; gyroscope; picture-in-picture\" allowfullscreen=\"\"><\/iframe>\t\n\t\t\t<a href=\"https:\/\/youtube.com\/playlist?list=PLLoZXVBvUCXKZXQv7Dbo1i61heRKvg8jL\" target=\"_blank\" rel=\"noopener\">\n\t\t\t\t\t\t\tTestimoniales de nuestras parejas\n\t\t\t\t\t<\/a>\n<h2>\n\t\t\tBest Central Park Wedding Locations:\t<\/h2>\n\tCentral Park has multiple ceremony-friendly areas. We help you choose the right spot based on crowd flow, accessibility, and timing.\n<h3>Popular locations include:<\/h3>\nBethesda Terrace (and nearby areas), Wagner Cove, Bow Bridge, Ladies Pavilion, Gapstow Bridge\n<p><strong>We do not promise<\/strong> empty parks, we promise smart planning, and monitoring the area if you book our on-site wedding coordinator. Click below to see more details for each location:<\/p>\n\t<h3 data-start=\"1143\" data-end=\"1200\"><strong data-start=\"1143\" data-end=\"1200\">Why a Central Park Wedding Is a Popular Choice in NYC<\/strong><\/h3>\nCentral Park is one of the most popular locations for micro-weddings and elopements in New York City. It offers a unique combination of natural scenery and iconic city views, making it ideal for couples who want an outdoor ceremony without booking a traditional venue.\nWith a variety of ceremony locations throughout the park, couples can choose settings that feel romantic, cinematic, or quiet and intimate. Central Park works well for both elopements and small weddings with guests, while keeping costs lower than many private venues.\n<h3 data-start=\"1741\" data-end=\"1791\">Stress-Free Location in the Heart of Manhattan<\/h3>\nCentral Park&#8217;s central Manhattan location makes it easy for couples and guests to access the ceremony. Many couples choose nearby restaurants for a post-ceremony brunch, lunch, or dinner, which keeps the day simple and flexible without extensive planning.\n\t\t\t\t<img decoding=\"async\" src=\"https:\/\/weddingpackagesnyc.com\/wp-content\/uploads\/2026\/01\/Bethesda-Fountain-wedding-NYC-scaled.jpg\" alt=\"Elopement wedding ceremony in Central Park NYC\" itemprop=\"image\" height=\"2560\" width=\"1707\" title=\"Bethesda-Fountain-wedding-NYC\" onerror=\"this.style.display='none'\" loading=\"lazy\">\n\t\t\t\t<img decoding=\"async\" src=\"https:\/\/weddingpackagesnyc.com\/wp-content\/uploads\/2026\/01\/Central-Park-Wedding-at-Bethesda-scaled.jpg\" alt=\"Central Park wedding ceremony with licensed NYC officiant\" itemprop=\"image\" height=\"2560\" width=\"1707\" title=\"Central-Park-Wedding-at-Bethesda\" onerror=\"this.style.display='none'\" loading=\"lazy\">\n\t\t\t\t<img decoding=\"async\" src=\"https:\/\/weddingpackagesnyc.com\/wp-content\/uploads\/2024\/11\/Halloween-Wedding-Shakespare-Gardens.jpg\" alt=\"Central Park wedding package ceremony in New York City\" itemprop=\"image\" height=\"1536\" width=\"1024\" title=\"Wedding-Shakespare-Gardens\" onerror=\"this.style.display='none'\" loading=\"lazy\">\n\t<h3>Frequently Asked Questions:<\/h3>\n<h3 data-start=\"3014\" data-end=\"3123\">What is included in a Central Park wedding package?<\/h3>\n<p>Central Park wedding packages include a licensed NYC wedding officiant, the required Central Park wedding permit, a short personalized ceremony, and proper filing of marriage paperwork after the ceremony.<\/p>\n<h3>Do you need a permit to get married in Central Park?<\/h3>\n<p>Yes. A wedding ceremony in Central Park legally requires a permit issued by NYC Parks. We obtain the Central Park wedding permit for you as part of every package.<\/p>\n<h3>Can you get married in Central Park any day of the year?<\/h3>\n<p>Yes. Central Park weddings can take place year-round, including weekends and holidays, as long as a valid NYC marriage license and permit are in place.<\/p>\n<h3>Is our Central Park wedding legally binding?<\/h3>\n<p>Yes. All ceremonies are performed by licensed NYC wedding officiants and are legally filed with the city.<\/p>\n<h3>How long does a Central Park wedding ceremony last?<\/h3>\n<p>Most ceremonies last between 5 and 15 minutes, depending on personalization.<\/p>\n<h3>Can we get married in Central Park with guests?<\/h3>\n<p>Yes. Central Park weddings can include guests, depending on the permit guidelines and chosen location.<\/p>\n\t\t\t\t<img decoding=\"async\" src=\"https:\/\/weddingpackagesnyc.com\/wp-content\/uploads\/2024\/10\/Rose-petals-dene-summerhouse.jpg\" alt=\"Dene Summerhouse for dreaming NYC\" itemprop=\"image\" height=\"683\" width=\"1024\" title=\"Rose-petals-Dene-summerhouse\" onerror=\"this.style.display='none'\" loading=\"lazy\">\n\t\t\t\t<img decoding=\"async\" src=\"https:\/\/weddingpackagesnyc.com\/wp-content\/uploads\/2024\/08\/Runner-petals-2.jpg\" alt=\"Central Park wedding at Cop Cot in New York City\" itemprop=\"image\" height=\"2500\" width=\"1667\" title=\"Runner &amp; petals\" onerror=\"this.style.display='none'\" loading=\"lazy\">\n\t\t\t\t<img decoding=\"async\" src=\"https:\/\/weddingpackagesnyc.com\/wp-content\/uploads\/2024\/08\/Bethesda-Fountain-2.jpg\" alt=\"Intimate Central Park wedding with officiant\" itemprop=\"image\" height=\"1536\" width=\"1024\" title=\"Bethesda Fountain\" onerror=\"this.style.display='none'\" loading=\"lazy\">\n\t\t\t\t<img decoding=\"async\" src=\"https:\/\/weddingpackagesnyc.com\/wp-content\/uploads\/2024\/01\/231208_wedding_packages_nyc_eleanor_daniel_087.jpg\" alt=\"Couple getting married in Central Park New York City\" itemprop=\"image\" height=\"1334\" width=\"2000\" title=\"231208_wedding_packages_nyc_eleanor_daniel_087\" onerror=\"this.style.display='none'\" loading=\"lazy\">\n\t\t\t\t<img decoding=\"async\" src=\"https:\/\/weddingpackagesnyc.com\/wp-content\/uploads\/2023\/07\/GF1_5555-min-scaled.jpg\" alt=\"Bethesda Terrace Central Park wedding ceremony\" itemprop=\"image\" height=\"2560\" width=\"1707\" title=\"Bethesda-Terrace\" onerror=\"this.style.display='none'\" loading=\"lazy\">\n\t<p>\u00a1Tener la boda de sus sue\u00f1os se volvi\u00f3 s\u00faper f\u00e1cil! Lo hicimos <br>todo el trabajo pesado para usted. Todo lo que tiene que hacer ahora es:<\/p>\n\t<a href=\"https:\/\/weddingpackagesnyc.com\/wedding-packages-nyc\/\">\n    Elige su <br>Paquete\n<\/a>\n\t<p>Utilice nuestro formulario de contacto, ll\u00e1manos (917)-300-3034, o seleccione <a href=\"\/packages\">un paquete en esta p\u00e1gina.<\/a><\/p>\n\t<a href=\"https:\/\/weddingpackagesnyc.com\/product\/just-the-ceremony\/#booknow\/\">\n    Haga su<br> Reserva\n<\/a>\n\t<p>\u00a1Es hora de planificar la boda de sus sue\u00f1os! Seleccione uno de nuestros paquetes, \u00a1podemos crear uno nuevo solo para usted!<\/p>\n\t<a href=\"https:\/\/weddingpackagesnyc.com\/about\/\">\n    Ser <br>Mimada\n<\/a>\n\t<p>\u00a1Abre el champagne y disfruta de uno de los d\u00edas m\u00e1s memorables de su vida mientras nosotros nos ocupamos de todos los detalles!<\/p>\n\n\n\n<p><\/p>","protected":false},"excerpt":{"rendered":"<p>Central Park Wedding Packages Permits Included, Legal NYC Ceremonies We offer Central Park wedding packages in NYC for&#8230;<\/p>","protected":false},"author":9,"featured_media":13393,"parent":0,"menu_order":0,"comment_status":"closed","ping_status":"closed","template":"","meta":{"_acf_changed":false,"footnotes":""},"class_list":["post-16087","page","type-page","status-publish","has-post-thumbnail","hentry","wpbf-post"],"acf":[],"_links":{"self":[{"href":"https:\/\/weddingpackagesnyc.com\/es\/wp-json\/wp\/v2\/pages\/16087","targetHints":{"allow":["GET"]}}],"collection":[{"href":"https:\/\/weddingpackagesnyc.com\/es\/wp-json\/wp\/v2\/pages"}],"about":[{"href":"https:\/\/weddingpackagesnyc.com\/es\/wp-json\/wp\/v2\/types\/page"}],"author":[{"embeddable":true,"href":"https:\/\/weddingpackagesnyc.com\/es\/wp-json\/wp\/v2\/users\/9"}],"replies":[{"embeddable":true,"href":"https:\/\/weddingpackagesnyc.com\/es\/wp-json\/wp\/v2\/comments?post=16087"}],"version-history":[{"count":12,"href":"https:\/\/weddingpackagesnyc.com\/es\/wp-json\/wp\/v2\/pages\/16087\/revisions"}],"predecessor-version":[{"id":17205,"href":"https:\/\/weddingpackagesnyc.com\/es\/wp-json\/wp\/v2\/pages\/16087\/revisions\/17205"}],"wp:featuredmedia":[{"embeddable":true,"href":"https:\/\/weddingpackagesnyc.com\/es\/wp-json\/wp\/v2\/media\/13393"}],"wp:attachment":[{"href":"https:\/\/weddingpackagesnyc.com\/es\/wp-json\/wp\/v2\/media?parent=16087"}],"curies":[{"name":"wp","href":"https:\/\/api.w.org\/{rel}","templated":true}]}}