{"id":16072,"date":"2024-01-21T11:22:51","date_gmt":"2024-01-21T16:22:51","guid":{"rendered":"https:\/\/weddingpackagesnyc.com\/?page_id=16072"},"modified":"2026-01-18T09:44:15","modified_gmt":"2026-01-18T14:44:15","slug":"central-park-wedding-packages-home","status":"publish","type":"page","link":"https:\/\/weddingpackagesnyc.com\/es\/","title":{"rendered":"Central Park Wedding Packages Home"},"content":{"rendered":"<h1>\n\t\t<a href=\"https:\/\/weddingpackagesnyc.com\/central-park-weddings-nyc\/\" title=\"NYC Elopement Packages!\"  target=\"_blank\"  rel=\"noopener\">\n\t\t\tNYC Elopement Packages!\t\t<\/a>\n\t<\/h1>\n<h2>\n\t\t<a href=\"https:\/\/weddingpackagesnyc.com\/central-park-weddings-nyc\/\" title=\"Micro-Wedding Planners in NYC\"  target=\"_blank\"  rel=\"noopener\">\n\t\t\tMicro-Wedding Planners in NYC\t\t<\/a>\n\t<\/h2>\n<h3>\n\t\t<a href=\"https:\/\/weddingpackagesnyc.com\/product\/just-the-ceremony-package\/\" title=\"Affordable Wedding Packages in NYC\"  target=\"_blank\"  rel=\"noopener\">\n\t\t\tAffordable Wedding Packages in NYC\t\t<\/a>\n\t<\/h3>\n\t<strong>Every package is designed to remove guesswork and last-minute stress.<\/strong>\n<strong data-start=\"1001\" data-end=\"1033\">Included services may cover:<\/strong>\n<ul data-start=\"1034\" data-end=\"1384\">\n<li data-start=\"1034\" data-end=\"1070\">\nLicensed <strong data-start=\"1045\" data-end=\"1070\">NYC wedding officiant<\/strong>\n<\/li>\n<li data-start=\"1071\" data-end=\"1122\">\nPersonalized ceremony script (short &amp; meaningful)\n<\/li>\n<li data-start=\"1123\" data-end=\"1174\">\nGuidance on <strong data-start=\"1137\" data-end=\"1174\">NYC marriage license requirements<\/strong>\n<\/li>\n<li data-start=\"1175\" data-end=\"1266\">\nAll the essential ceremony vendors (photographer, flowers, musician, hair &amp; makeup, and more)\n<\/li>\n<li data-start=\"1267\" data-end=\"1314\">\nSimple planning timeline so nothing is missed\n<\/li>\n<li data-start=\"1315\" data-end=\"1384\">\nOptional free add-ons such as vows customization or bilingual ceremonies.\n<\/li>\n<\/ul>\nNo upsells you don&#8217;t need. No unnecessary complexity.\n\t<h2 data-start=\"1446\" data-end=\"1486\">Wedding &amp; Elopement Options Available:<\/h2>\nNos especializamos en <strong data-start=\"1505\" data-end=\"1541\">intimate weddings and elopements<\/strong>, including:\n<ul data-start=\"1555\" data-end=\"1715\">\n<li data-start=\"1555\" data-end=\"1590\">\n<strong data-start=\"1557\" data-end=\"1590\">Paquetes de Boda en el Parque Central<\/strong>\n<\/li>\n<li data-start=\"1591\" data-end=\"1619\">\n<strong data-start=\"1593\" data-end=\"1619\">NYC Elopement Packages<\/strong>\n<\/li>\n<li data-start=\"1620\" data-end=\"1654\">\n<strong data-start=\"1622\" data-end=\"1654\">Same-Day Marriage Ceremonies<\/strong>\n<\/li>\n<li data-start=\"1655\" data-end=\"1689\">\n<strong data-start=\"1657\" data-end=\"1689\">Micro-weddings (0-25 guests)<\/strong>\n<\/li>\n<li data-start=\"1690\" data-end=\"1715\">\n<strong data-start=\"1692\" data-end=\"1715\">Vow Renewals in NYC<\/strong>\n<\/li>\n<\/ul>\nIf you want something simple, legal, and meaningful, this is what we do best.\n<h3>\n\t\t\tDejanos mimarte:\t<\/h3>\n\t\t\t<a href=\"https:\/\/weddingpackagesnyc.com\/central-park-weddings-nyc\/\" target=\"_blank\" rel=\"noopener\">\n\t\t\t\t\t\t\tElije tu Paquete\n\t\t\t\t\t<\/a>\n\t\t\t <p><a href=\"https:\/\/weddingpackagesnyc.com\/product\/just-the-ceremony-package\/\"><img loading=\"lazy\" decoding=\"async\" src=\"https:\/\/weddingpackagesnyc.com\/wp-content\/uploads\/2025\/05\/1-300x300.png\" alt=\"\" width=\"300\" height=\"300\" title=\"\"><\/a><\/p>\t\t\n\t\t\t <p><a href=\"https:\/\/weddingpackagesnyc.com\/product\/perfect-pair\/\"><img loading=\"lazy\" decoding=\"async\" src=\"https:\/\/weddingpackagesnyc.com\/wp-content\/uploads\/2025\/05\/2-300x300.png\" alt=\"\" width=\"300\" height=\"300\" title=\"\"><\/a><\/p>\t\t\n\t\t\t <p><a href=\"https:\/\/weddingpackagesnyc.com\/product\/silver-package\/\"><img loading=\"lazy\" decoding=\"async\" src=\"https:\/\/weddingpackagesnyc.com\/wp-content\/uploads\/2025\/05\/3-300x300.png\" alt=\"\" width=\"300\" height=\"300\" title=\"\"><\/a><\/p>\t\t\n\t<h3>\n\t\t\tNosotros podemos hacer las siguientes garant\u00edas:\t<\/h3>\n\t\t\t<section> <p>We can make your wedding happen with ONLY 3-day&#8217;s notice.\u00a0\u00a0<\/p><\/section>\t\t\n\t\t\t<section> <p>Le garantizamos que tendr\u00e1 su licencia de matrimonio a tiempo para su boda.<\/p>\n<\/section>\t\t\n\t\t\t<section> <p>You can bring your ceremony indoors if you want to.<\/p><\/section>\t\t\n\t\t<iframe loading=\"lazy\" title=\"Central Park Love Chapel in New York City on NBC news- Wedding Packages NYC\" width=\"1200\" height=\"675\" src=\"https:\/\/www.youtube.com\/embed\/EJn6bd6FZtA?feature=oembed\" frameborder=\"0\" allow=\"accelerometer; autoplay; clipboard-write; encrypted-media; gyroscope; picture-in-picture; web-share\" referrerpolicy=\"strict-origin-when-cross-origin\" allowfullscreen><\/iframe>\t\n\t\t<iframe loading=\"lazy\" title=\"Central Park Love Chapel in Fox 5 news- Wedding Packages NYC\" width=\"1200\" height=\"675\" src=\"https:\/\/www.youtube.com\/embed\/VTu-N32nzeQ?feature=oembed\" frameborder=\"0\" allow=\"accelerometer; autoplay; clipboard-write; encrypted-media; gyroscope; picture-in-picture; web-share\" referrerpolicy=\"strict-origin-when-cross-origin\" allowfullscreen><\/iframe>\t\n\t\t<iframe loading=\"lazy\" title=\"Testimonial for Wedding Packages NYC | Central Park Wedding\" width=\"1200\" height=\"675\" src=\"https:\/\/www.youtube.com\/embed\/kw8Sq_egB_8?feature=oembed\" frameborder=\"0\" allow=\"accelerometer; autoplay; clipboard-write; encrypted-media; gyroscope; picture-in-picture\" allowfullscreen><\/iframe>\t\n\t\t<iframe loading=\"lazy\" title=\"Testimonial from one of our very happy couples.\" width=\"1200\" height=\"675\" src=\"https:\/\/www.youtube.com\/embed\/PkXTY9xAFeI?feature=oembed\" frameborder=\"0\" allow=\"accelerometer; autoplay; clipboard-write; encrypted-media; gyroscope; picture-in-picture\" allowfullscreen><\/iframe>\t\n\t\t<iframe loading=\"lazy\" title=\"Testimonial for our Wedding Package | 620 Loft &amp; Garden\" width=\"1200\" height=\"675\" src=\"https:\/\/www.youtube.com\/embed\/ZQyZ9UG7RJE?feature=oembed\" frameborder=\"0\" allow=\"accelerometer; autoplay; clipboard-write; encrypted-media; gyroscope; picture-in-picture\" allowfullscreen><\/iframe>\t\n<h2>\n\t\t\tPaquetes populares\t<\/h2>\n\t\t\t\t<a href=\"https:\/\/weddingpackagesnyc.com\/central-park-weddings-nyc\/\"  target=\"_blank\" rel=\"noopener\"  itemprop=\"url\">\n\t\t\t\t<img decoding=\"async\" src=\"https:\/\/weddingpackagesnyc.com\/wp-content\/uploads\/2023\/07\/GF1_5122-min-scaled.jpg\" alt=\"Wedding at Ladies Pavilion\" itemprop=\"image\" height=\"1707\" width=\"2560\" title=\"GF1_5122-min\" onerror=\"this.style.display='none'\" loading=\"lazy\" \/>\n\t\t\t\t<\/a>\n\t<h2><a href=\"https:\/\/weddingpackagesnyc.com\/product\/silver-package\/\" target=\"_blank\" rel=\"noopener\"><strong>Parque Central<\/strong><\/a><\/h2>\n\t\t\t\t<a href=\"https:\/\/weddingpackagesnyc.com\/product\/top-of-the-rock-wedding\/\"  target=\"_blank\" rel=\"noopener\"  itemprop=\"url\">\n\t\t\t\t<img decoding=\"async\" src=\"https:\/\/weddingpackagesnyc.com\/wp-content\/uploads\/2023\/10\/Wedding-Packages-NYC-Top-of-the-Rock-wedding-scaled.jpg\" alt=\"Top of the Rock in New York City\" itemprop=\"image\" height=\"1703\" width=\"2560\" title=\"Wedding-Packages-NYC-Top-of-the-Rock-wedding\" onerror=\"this.style.display='none'\" loading=\"lazy\" \/>\n\t\t\t\t<\/a>\n\t<h2><strong><a href=\"https:\/\/weddingpackagesnyc.com\/product\/top-of-the-rock-wedding\/\" target=\"_blank\" rel=\"noopener\">Top of the Rock<\/a>\u00a0<\/strong><\/h2>\n\t\t\t<a href=\"https:\/\/weddingpackagesnyc.com\/central-park-weddings-nyc\/\" target=\"_blank\" rel=\"noopener\">\n\t\t\t\t\t\t\tTodos Nuestros Paquetes\n\t\t\t\t\t<\/a>\n<h3>\n\t\t\tThere is no place like New York City &#8211; and Central Park &#8211; for your elopement, or micro-wedding!\t<\/h3>\n\t<p>New York &#8211; you might think oh that is too expensive, too much work. You&#8217;d be better off with something less ambitious&#8230; but wait it&#8217;s one of the most important days in your life!<\/p>\n<p>And by the way, it doesn&#8217;t have to be expensive, stressful nor take a long time to get married in New York City! We have more than 14 years of experience and connections in the field.<\/p>\n<p>Conocemos todos los lugares y ubicaciones en Central Park que vale la pena visitar. Sabemos lo que les importa a nuestras parejas y lo tenemos todo resuelto para usted, por lo que todo lo que tiene que pensar es llegar a tiempo y disfrutar de la dicha y la alegr\u00eda de su uni\u00f3n matrimonial.<\/p>\n\t<p>Explora nuestros <a href=\"https:\/\/weddingpackagesnyc.com\/central-park-weddings-nyc\/\"><strong>Paquetes de Boda en el Parque Central<\/strong><\/a> encuentra el <strong><a href=\"https:\/\/weddingpackagesnyc.com\/central-park-weddings-nyc\/#centralparklocations\">lugar ideal en el parque<\/a><\/strong> o si est\u00e1 interesado en otros lugares de la ciudad de Nueva York, consulte los paquetes de bodas para conocer otros <a href=\"https:\/\/weddingpackagesnyc.com\/elopement-packages-nyc\/\"><strong>popular locations<\/strong><\/a> in Manhattan.<\/p>\n\t<a href=\"https:\/\/weddingpackagesnyc.com\/central-park-weddings-nyc\/\">\n    Elije tu <br \/>paquetes de boda <br \/>Paquete\n<\/a>\n\t<p>Puede contactarnos usando nuestro formulario en l\u00ednea, llamarnos al 646-592-0125 o seleccionar <a href=\"\/packages\">un paquete en esta p\u00e1gina.<\/a><\/p>\n\t<a href=\"https:\/\/weddingpackagesnyc.com\/central-park-weddings-nyc\/#centralparklocations\">\n    Encuentra tu<br \/> lugar ideal\n<\/a>\n\t<p>\u00a1Es hora de planificar la boda de sus sue\u00f1os! Seleccione uno de nuestros paquetes, \u00a1podemos crear uno nuevo solo para usted!<\/p>\n\t<a href=\"https:\/\/weddingpackagesnyc.com\/elopement-packages-nyc\/\">\n    Check out <br \/>Popular NY<br \/> de Nueva York\n<\/a>\n\t<p>\u00a1Abre el champagne y disfruta de uno de los d\u00edas m\u00e1s memorables de su vida mientras nosotros nos ocupamos de todos los detalles!<\/p>\n\t\t\t<a href=\"https:\/\/www.youtube.com\/c\/Weddingpackagesnycelopements\" target=\"_blank\" rel=\"noopener\">\n\t\t\t\t\t\t\tVisit our wedding channel\n\t\t\t<\/a>\n\t\t\t\t<a href=\"https:\/\/www.youtube.com\/c\/Weddingpackagesnycelopements\" target=\"_blank\" rel=\"noopener\" itemprop=\"url\">\n\t\t\t\t<img decoding=\"async\" src=\"https:\/\/weddingpackagesnyc.com\/wp-content\/uploads\/2021\/10\/Untitled-design-150x150.png\" alt=\"Wedding Packages NYC\" itemprop=\"image\" height=\"150\" width=\"150\" title=\"Untitled design\" onerror=\"this.style.display='none'\" loading=\"lazy\" \/>\n\t\t\t\t<\/a>\n\t\t\t\t<a href=\"https:\/\/www.amazon.com\/dp\/B09XM2KH3H?ref_=pe_3052080_397514860\" target=\"_blank\" rel=\"noopener\" itemprop=\"url\">\n\t\t\t\t<img decoding=\"async\" src=\"https:\/\/weddingpackagesnyc.com\/wp-content\/uploads\/2022\/03\/how-to-elope-in-nyc-veronica-moya-3D-book-cover-sml.png\" alt=\"Guide to Micro-Weddings in New York City . Elopement packages weddings in New York City\" itemprop=\"image\" height=\"859\" width=\"650\" title=\"how-to-elope-in-nyc-veronica-moya-3D-book-cover-sml\" onerror=\"this.style.display='none'\" loading=\"lazy\" \/>\n\t\t\t\t<\/a>\n\n\t<h3><strong>How to Elope in NYC<\/strong><\/h3>\nLearn from the wedding guru herself and get <b>the MOST COMPREHENSIVE GUIDE<\/b> on how to have a glamorous wedding in New York City for the fraction of the price you think it costs.\n<h3>\n\t\t\tEverything you need to know about tying the knot in New York City\t<\/h3>\n\t<p>Con m\u00e1s de 10 a\u00f1os de experiencia en la organizaci\u00f3n de bodas en la ciudad de Nueva York, le ofrecemos una biblioteca de recursos y algunas de las muchas historias de bodas de las que hemos formado parte. Vea nuestras historias m\u00e1s recientes a continuaci\u00f3n o vaya a nuestra\u00a0<a href=\"https:\/\/weddingpackagesnyc.com\/wedding-resources\/\">p\u00e1gina de recursos<\/a>\u00a0aqu\u00ed.<\/p>\n\t\t\t<a href=\"https:\/\/weddingpackagesnyc.com\/wedding-resources\/\" target=\"_self\">\n\t\t\t\t\t\t\tWedding Resources\n\t\t\t\t\t<\/a>\n\t\t\t\t<a href=\"https:\/\/weddingpackagesnyc.com\/wedding-resources\/\" target=\"_self\" itemprop=\"url\">\n\t\t\t\t<img decoding=\"async\" src=\"https:\/\/weddingpackagesnyc.com\/wp-content\/uploads\/2020\/07\/Freedom-Tower-wedding-2-scaled.jpg\" alt=\"Rose petals little girl, wedding at Freedom Tower\" itemprop=\"image\" height=\"1703\" width=\"2560\" title=\"Freedom-Tower-wedding-2\" onerror=\"this.style.display='none'\" loading=\"lazy\" \/>\n\t\t\t\t<\/a>","protected":false},"excerpt":{"rendered":"<p>NYC Elopement Packages! Micro-Wedding Planners in NYC Affordable Wedding Packages in NYC Every package is designed to remove&#8230;<\/p>","protected":false},"author":5,"featured_media":0,"parent":0,"menu_order":0,"comment_status":"closed","ping_status":"closed","template":"","meta":{"_acf_changed":false,"footnotes":""},"class_list":["post-16072","page","type-page","status-publish","hentry","wpbf-post"],"acf":[],"_links":{"self":[{"href":"https:\/\/weddingpackagesnyc.com\/es\/wp-json\/wp\/v2\/pages\/16072","targetHints":{"allow":["GET"]}}],"collection":[{"href":"https:\/\/weddingpackagesnyc.com\/es\/wp-json\/wp\/v2\/pages"}],"about":[{"href":"https:\/\/weddingpackagesnyc.com\/es\/wp-json\/wp\/v2\/types\/page"}],"author":[{"embeddable":true,"href":"https:\/\/weddingpackagesnyc.com\/es\/wp-json\/wp\/v2\/users\/5"}],"replies":[{"embeddable":true,"href":"https:\/\/weddingpackagesnyc.com\/es\/wp-json\/wp\/v2\/comments?post=16072"}],"version-history":[{"count":11,"href":"https:\/\/weddingpackagesnyc.com\/es\/wp-json\/wp\/v2\/pages\/16072\/revisions"}],"predecessor-version":[{"id":16814,"href":"https:\/\/weddingpackagesnyc.com\/es\/wp-json\/wp\/v2\/pages\/16072\/revisions\/16814"}],"wp:attachment":[{"href":"https:\/\/weddingpackagesnyc.com\/es\/wp-json\/wp\/v2\/media?parent=16072"}],"curies":[{"name":"wp","href":"https:\/\/api.w.org\/{rel}","templated":true}]}}