{"id":14782,"date":"2022-07-14T07:31:13","date_gmt":"2022-07-14T11:31:13","guid":{"rendered":"https:\/\/weddingpackagesnyc.com\/?page_id=14782"},"modified":"2024-05-02T17:44:53","modified_gmt":"2024-05-02T21:44:53","slug":"home","status":"publish","type":"page","link":"https:\/\/weddingpackagesnyc.com\/es\/home\/","title":{"rendered":"INICIO"},"content":{"rendered":"<h1>\n\t\t<a href=\"https:\/\/weddingpackagesnyc.com\/central-park-weddings-nyc\/\" title=\"Bodas en Central Park\" target=\"_blank\" rel=\"noopener\">\n\t\tBodas en Central Park\n\t\t<\/a>\n\t<\/h1>\n<h1>\n\t\tCentral Park Weddings with a BACK UP location!\n\t<\/h1>\n<h2>\n\t\t<a href=\"https:\/\/lovechapelnyc.com\/\" title=\"You can use our Wedding Chapel for FREE.\" target=\"_blank\" rel=\"noopener\">\n\t\tYou can use our Wedding Chapel for FREE.\n\t\t<\/a>\n\t<\/h2>\n\t<iframe allowfullscreen allow=\"autoplay\" data-src=\"https:\/\/www.youtube-nocookie.com\/embed\/Hz8GMtbd8bc?feature=oembed&amp;autoplay=1&amp;playlist=Hz8GMtbd8bc&amp;start&amp;end&amp;wmode=opaque&amp;loop=1&amp;controls=0&amp;mute=0&amp;rel=0&amp;modestbranding=1\"><\/iframe>\t\t\n\t\t\t\t\tPlay Video\n\t\t\t<a href=\"https:\/\/weddingpackagesnyc.com\/central-park-weddings-nyc\/\" target=\"_blank\" rel=\"noopener\">\n\t\t\t\t\t\t\tCall: 917-300-3034 <br \/>or Click \n\t\t\t\t\t<\/a>\n\t<iframe loading=\"lazy\" title=\"Testimonial for Wedding Packages NYC | Central Park Wedding\" width=\"1200\" height=\"675\" src=\"https:\/\/www.youtube.com\/embed\/kw8Sq_egB_8?feature=oembed\" frameborder=\"0\" allow=\"accelerometer; autoplay; clipboard-write; encrypted-media; gyroscope; picture-in-picture\" allowfullscreen><\/iframe>\n\t<iframe loading=\"lazy\" title=\"Testimonial from one of our very happy couples.\" width=\"1200\" height=\"675\" src=\"https:\/\/www.youtube.com\/embed\/PkXTY9xAFeI?feature=oembed\" frameborder=\"0\" allow=\"accelerometer; autoplay; clipboard-write; encrypted-media; gyroscope; picture-in-picture\" allowfullscreen><\/iframe>\n\t<iframe loading=\"lazy\" title=\"Testimonial for our Wedding Package | 620 Loft &amp; Garden\" width=\"1200\" height=\"675\" src=\"https:\/\/www.youtube.com\/embed\/ZQyZ9UG7RJE?feature=oembed\" frameborder=\"0\" allow=\"accelerometer; autoplay; clipboard-write; encrypted-media; gyroscope; picture-in-picture\" allowfullscreen><\/iframe>\n<h3>\n\t\tPorque Nosotros?\n\t<\/h3>\n\t<p><strong>Cuando usted nos contrata a nosostros,<\/strong>, our wedding coordinator will provide that personal touch, which guarantees that your wedding, or elopement will be everything you&#8217;ve ever dreamed of and more. We&#8217;ve made it real easy for you to pick a package that includes your needs, which makes the whole process more affordable and makes room for enjoyment and ease.<\/p>\n<p><strong>Paquetes de boda - Todo incluido<\/strong> Nuestro precio comienza a $750. Tenga una boda con todo el glamour de Nueva York, pero sin los altos precios de Manhattan.<\/p>\n<h3>\n\t\tEstos son algunos de los Beneficios que usted tiene al contratarnos:\n\t<\/h3>\n\t\t\t <p>Podemos hacer su boda inmediatamente! Sin espera.<\/p>\t\t\n\t\t\t <p>Disfrute de calidad, exclusividad y gran velocidad!<\/p>\n\t\t\t <p>Tenga acceso a los Mejores fotografos de la ciudad<\/p>\t\t\n\t\t\t <p>Pague una fraccion del precio que le costaria haciendolo solos.<\/p>\t\t\n\t<h3>\n\t\tNosotros podemos hacer las siguientes garant\u00edas:\n\t<\/h3>\n\t\t\t<section> <p>We can make your wedding happen with ONLY one week&#8217;s notice.<\/p>\n<\/section>\t\t\n\t\t\t<section> <p>Le garantizamos que tendr\u00e1 su licencia de matrimonio a tiempo para su boda.<\/p>\n<\/section>\t\t\n\t\t\t<section> <p>You can bring your ceremony indoors if the weather doesn&#8217;t cooperate!<\/p><\/section>\t\t\n\t<h4>\n\t\tSo let&#8217;s get to it, pick the package that fits your needs, and get ready to enjoy your special day celebrations!\n\t<\/h4>\n\t\t\t<a href=\"https:\/\/weddingpackagesnyc.com\/wedding-packages-nyc\/\" target=\"_self\" rel=\"noopener\">\n\t\t\t\t\t\t\tDon&#8217;t delay any further, book today!\n\t\t\t\t\t<\/a>\n<h2>\n\t\tPaquetes populares\n\t<\/h2>\n\t\t\t\t<a href=\"https:\/\/weddingpackagesnyc.com\/product\/silver-package\/\" target=\"_blank\" rel=\"noopener\" itemprop=\"url\">\n\t\t\t\t<img loading=\"lazy\" decoding=\"async\" src=\"https:\/\/weddingpackagesnyc.com\/wp-content\/uploads\/2021\/06\/Champagnetoast-wecompress.com_-scaled.jpg\" alt=\"Wedding Packages NYC\" itemprop=\"image\" height=\"1707\" width=\"2560\" title=\"Champagne+toast\" onerror=\"this.style.display='none'\"  \/>\n\t\t\t\t<\/a>\n\t<p>Paquete en el Parque Central<\/p>\n<h4>\n\t\t<a href=\"https:\/\/weddingpackagesnyc.com\/product\/silver-package\/\" title=\"Paquete Deluxe\" target=\"_blank\" rel=\"noopener\">\n\t\tPaquete Deluxe\n\t\t<\/a>\n\t<\/h4>\n\t\t\t\t<a href=\"https:\/\/weddingpackagesnyc.com\/product\/janes-carousel-wedding-nyc\/\" target=\"_blank\" rel=\"noopener\" itemprop=\"url\">\n\t\t\t\t<img loading=\"lazy\" decoding=\"async\" src=\"https:\/\/weddingpackagesnyc.com\/wp-content\/uploads\/2023\/01\/Jane-Carousel-Brooklyn-Bridge-Park-scaled.jpg\" alt=\"Jane carousel in Brooklyn, NYC\" itemprop=\"image\" height=\"1707\" width=\"2560\" title=\"Jane-Carousel-Brooklyn Bridge-Park\" onerror=\"this.style.display='none'\"  \/>\n\t\t\t\t<\/a>\n\t<p>Paquetes en Nueva York<\/p>\n<h4>\n\t\t<a href=\"https:\/\/weddingpackagesnyc.com\/product\/janes-carousel-wedding-nyc\/\" title=\"Jane Carousel-Brooklyn Bridge\" target=\"_blank\" rel=\"noopener\">\n\t\tJane Carousel-Brooklyn Bridge\n\t\t<\/a>\n\t<\/h4>\n\t\t\t<a href=\"https:\/\/weddingpackagesnyc.com\/wedding-packages-nyc\/\" target=\"_self\" rel=\"noopener\">\n\t\t\t\t\t\t\tTodos Nuestros Paquetes\n\t\t\t\t\t<\/a>\n<h3>\n\t\tThere is no place like New York City &#8211; and Central Park &#8211; for your elopement, or micro-wedding!\n\t<\/h3>\n\t<p>New York &#8211; you might think oh that is too expensive, too much work. You&#8217;d be better off with something less ambitious&#8230; but wait it&#8217;s one of the most important days in your life!<\/p>\n<p>And by the way, it doesn&#8217;t have to be expensive, stressful nor take a long time to get married in New York City! We have more than 14 years of experience and connections in the field.<\/p>\n<p>Conocemos todos los lugares y ubicaciones en Central Park que vale la pena visitar. Sabemos lo que les importa a nuestras parejas y lo tenemos todo resuelto para usted, por lo que todo lo que tiene que pensar es llegar a tiempo y disfrutar de la dicha y la alegr\u00eda de su uni\u00f3n matrimonial.<\/p>\n\t<p>Explora nuestros <a href=\"https:\/\/weddingpackagesnyc.com\/central-park-weddings-nyc\/\"><strong>Paquetes de Boda en el Parque Central<\/strong><\/a> encuentra el <strong><a href=\"https:\/\/weddingpackagesnyc.com\/central-park-weddings-nyc\/#centralparklocations\">lugar ideal en el parque<\/a><\/strong> o si est\u00e1 interesado en otros lugares de la ciudad de Nueva York, consulte los paquetes de bodas para conocer otros <a href=\"https:\/\/weddingpackagesnyc.com\/elopement-packages-nyc\/\"><strong>popular locations<\/strong><\/a> in Manhattan.<\/p>\n\t<a href=\"https:\/\/weddingpackagesnyc.com\/wedding-packages-nyc\/\">\n    Elije tu <br \/>paquetes de boda <br \/>Paquete\n<\/a>\n\t<p>Puede contactarnos usando nuestro formulario en l\u00ednea, llamarnos al 646-592-0125 o seleccionar <a href=\"\/packages\">un paquete en esta p\u00e1gina.<\/a><\/p>\n\t<a href=\"https:\/\/weddingpackagesnyc.com\/central-park-weddings-nyc\/#centralparklocations\">\n    Encuentra tu<br \/> lugar ideal\n<\/a>\n\t<p>\u00a1Es hora de planificar la boda de sus sue\u00f1os! Seleccione uno de nuestros paquetes, \u00a1podemos crear uno nuevo solo para usted!<\/p>\n\t<a href=\"https:\/\/weddingpackagesnyc.com\/elopement-packages-nyc\/\">\n    Check out <br \/>Popular NY<br \/> de Nueva York\n<\/a>\n\t<p>\u00a1Abre el champagne y disfruta de uno de los d\u00edas m\u00e1s memorables de su vida mientras nosotros nos ocupamos de todos los detalles!<\/p>\n\t\t\t<a href=\"https:\/\/www.youtube.com\/c\/Weddingpackagesnycelopements\" target=\"_blank\" rel=\"noopener\">\n\t\t\t\t\t\t\tVisit our wedding channel\n\t\t\t<\/a>\n\t\t\t\t<a href=\"https:\/\/www.youtube.com\/c\/Weddingpackagesnycelopements\" target=\"_blank\" rel=\"noopener\" itemprop=\"url\">\n\t\t\t\t<img loading=\"lazy\" decoding=\"async\" src=\"https:\/\/weddingpackagesnyc.com\/wp-content\/uploads\/2021\/10\/Untitled-design-150x150.png\" alt=\"Wedding Packages NYC\" itemprop=\"image\" height=\"150\" width=\"150\" title=\"Untitled design\" onerror=\"this.style.display='none'\"  \/>\n\t\t\t\t<\/a>\n\t\t\t\t<a href=\"https:\/\/www.amazon.com\/dp\/B09XM2KH3H?ref_=pe_3052080_397514860\" target=\"_blank\" rel=\"noopener\" itemprop=\"url\">\n\t\t\t\t<img loading=\"lazy\" decoding=\"async\" src=\"https:\/\/weddingpackagesnyc.com\/wp-content\/uploads\/2022\/03\/how-to-elope-in-nyc-veronica-moya-3D-book-cover-sml.png\" alt=\"Guide to Micro-Weddings in New York City . Elopement packages weddings in New York City\" itemprop=\"image\" height=\"859\" width=\"650\" title=\"how-to-elope-in-nyc-veronica-moya-3D-book-cover-sml\" onerror=\"this.style.display='none'\"  \/>\n\t\t\t\t<\/a>\n\n\t<h3><strong>How to Elope in NYC<\/strong><\/h3>\nLearn from the wedding guru herself and get <b>the MOST COMPREHENSIVE GUIDE<\/b> on how to have a glamorous wedding in New York City for the fraction of the price you think it costs.\n<h3>\n\t\tEverything you need to know about tying the knot in New York City\n\t<\/h3>\n\t<p>Con m\u00e1s de 10 a\u00f1os de experiencia en la organizaci\u00f3n de bodas en la ciudad de Nueva York, le ofrecemos una biblioteca de recursos y algunas de las muchas historias de bodas de las que hemos formado parte. Vea nuestras historias m\u00e1s recientes a continuaci\u00f3n o vaya a nuestra\u00a0<a href=\"https:\/\/weddingpackagesnyc.com\/wedding-resources\/\">p\u00e1gina de recursos<\/a>\u00a0aqu\u00ed.<\/p>\n\t\t\t<a href=\"https:\/\/weddingpackagesnyc.com\/wedding-resources\/\" target=\"_self\" rel=\"noopener\">\n\t\t\t\t\t\t\tWedding Resources\n\t\t\t\t\t<\/a>\n\t\t\t\t<a href=\"https:\/\/weddingpackagesnyc.com\/wedding-resources\/\" target=\"_self\" itemprop=\"url\" rel=\"noopener\">\n\t\t\t\t<img loading=\"lazy\" decoding=\"async\" src=\"https:\/\/weddingpackagesnyc.com\/wp-content\/uploads\/2020\/07\/Freedom-Tower-wedding-2-scaled.jpg\" alt=\"Rose petals little girl, wedding at Freedom Tower\" itemprop=\"image\" height=\"1703\" width=\"2560\" title=\"Freedom-Tower-wedding-2\" onerror=\"this.style.display='none'\"  \/>\n\t\t\t\t<\/a>","protected":false},"excerpt":{"rendered":"<p>Central Park Weddings Central Park Weddings with a BACK UP location! You can use our Wedding Chapel for&#8230;<\/p>","protected":false},"author":9,"featured_media":0,"parent":0,"menu_order":0,"comment_status":"closed","ping_status":"closed","template":"","meta":{"_acf_changed":false,"footnotes":""},"class_list":["post-14782","page","type-page","status-publish","hentry","wpbf-post"],"acf":[],"_links":{"self":[{"href":"https:\/\/weddingpackagesnyc.com\/es\/wp-json\/wp\/v2\/pages\/14782","targetHints":{"allow":["GET"]}}],"collection":[{"href":"https:\/\/weddingpackagesnyc.com\/es\/wp-json\/wp\/v2\/pages"}],"about":[{"href":"https:\/\/weddingpackagesnyc.com\/es\/wp-json\/wp\/v2\/types\/page"}],"author":[{"embeddable":true,"href":"https:\/\/weddingpackagesnyc.com\/es\/wp-json\/wp\/v2\/users\/9"}],"replies":[{"embeddable":true,"href":"https:\/\/weddingpackagesnyc.com\/es\/wp-json\/wp\/v2\/comments?post=14782"}],"version-history":[{"count":47,"href":"https:\/\/weddingpackagesnyc.com\/es\/wp-json\/wp\/v2\/pages\/14782\/revisions"}],"predecessor-version":[{"id":16067,"href":"https:\/\/weddingpackagesnyc.com\/es\/wp-json\/wp\/v2\/pages\/14782\/revisions\/16067"}],"wp:attachment":[{"href":"https:\/\/weddingpackagesnyc.com\/es\/wp-json\/wp\/v2\/media?parent=14782"}],"curies":[{"name":"wp","href":"https:\/\/api.w.org\/{rel}","templated":true}]}}