{"id":14761,"date":"2022-07-14T06:21:26","date_gmt":"2022-07-14T10:21:26","guid":{"rendered":"https:\/\/weddingpackagesnyc.com\/?page_id=14761"},"modified":"2024-10-09T07:54:51","modified_gmt":"2024-10-09T11:54:51","slug":"about","status":"publish","type":"page","link":"https:\/\/weddingpackagesnyc.com\/es\/about\/","title":{"rendered":"ACERCA"},"content":{"rendered":"<h1>\n\t\tNueva York: El destino ideal para su boda so\u00f1ada\n\t<\/h1>\n\t<p>\u00a1Weddings Packages NYC est\u00e1 aqu\u00ed para hacerte la vida m\u00e1s f\u00e1cil! Somos expertos en bodas desde 2008. Nosotros <strong>know<\/strong> Sabemos c\u00f3mo hacer que el d\u00eda de su boda sea una experiencia tranquila y agradable.<\/p>\n<p>Cuando usted contrata <strong>cualquier<\/strong> nuestros paquetes, usted se garantiza el servicio de <strong>de una maquina precisa.<\/strong>un grupo de profesionales que trabajan en armonia <strong>synergy<\/strong> para brindarles una experiencia sin igual.<\/p>\n<ol>\n<li><strong>Primero: revise nuestros paquetes y lea las descripciones.<\/strong> Elija su paquete <a href=\"https:\/\/weddingpackagesnyc.com\/wedding-packages-nyc\/\" target=\"_blank\" rel=\"noopener\"><strong>Aqui.<\/strong><\/a><\/li>\n<li>Dentro de las 2 horas posteriores a la reserva, su administrador de eventos se comunicar\u00e1 con usted. Ella ser\u00e1 tu mejor amiga y tu aliada durante el resto de tu viaje nupcial.<\/li>\n<li>Puedes preguntarle cualquier cosa que se te ocurra. Le dar\u00e1n indicaciones, recomendaciones de restaurantes e incluso consejos personales. Ella estar\u00e1 a su entera disposici\u00f3n las 24 horas del d\u00eda, los 7 d\u00edas de la semana.<\/li>\n<li>If you don&#8217;t like the weather, you can call us (the morning of the wedding) and ask to move the ceremony to our chapel. <strong>For No Additional Charge<\/strong>!<\/li>\n<li>EL D\u00cdA DE LA BODA: Espere la perfecci\u00f3n. Tu equipo de bodas te atender\u00e1 y te har\u00e1 sentir como una celebridad por un d\u00eda.<\/li>\n<\/ol>\n\t\t\t<a href=\"https:\/\/weddingpackagesnyc.com\/central-park-weddings-nyc\/\" target=\"_blank\" rel=\"noopener\">\n\t\t\t\t\t\t\tSee our Packages\n\t\t\t\t\t<\/a>\n<h3>\n\t\tNuestra Garantia:\n\t<\/h3>\n\t\t\t<section> <p>We can make your wedding happen with ONLY 3 days&#8217; notice.<\/p><\/section>\t\t\n\t\t\t<section> <p>Le garantizamos que tendr\u00e1 su licencia de matrimonio a tiempo para su boda.<\/p>\n<\/section>\t\t\n\t\t\t<section> <p>Los servicios de acompa\u00f1amiento, asesoramiento sobre bodas, ubicaci\u00f3n de respaldo y conserjer\u00eda para bodas son parte de <strong>cada paquete.<\/strong>.<\/p><\/section>\t\t\n\t<h2>Our Couples LOVE us:<\/h2>\n\t\n            <div \n                class=\"elfsight-widget-youtube-gallery elfsight-widget\" \n                data-elfsight-youtube-gallery-options=\"%7B%22channel%22%3A%22https%3A%5C%2F%5C%2Fwww.youtube.com%5C%2Fchannel%5C%2FUCYN9lzyiNYHydJn7A_5KBdQ%22%2C%22sourceGroups%22%3A%5B%7B%22name%22%3A%22Testimonials%22%2C%22sources%22%3A%5B%22https%3A%5C%2F%5C%2Fwww.youtube.com%5C%2Fplaylist%3Flist%3DPLLoZXVBvUCXKZXQv7Dbo1i61heRKvg8jL%22%5D%7D%5D%2C%22headerVisible%22%3Afalse%2C%22headerLayout%22%3A%22minimal%22%2C%22headerInfo%22%3A%5B%22logo%22%2C%22banner%22%2C%22channelName%22%2C%22videosCounter%22%2C%22subscribersCounter%22%2C%22viewsCounter%22%2C%22subscribeButton%22%5D%2C%22headerChannelName%22%3Anull%2C%22headerChannelDescription%22%3Anull%2C%22headerChannelLogo%22%3Anull%2C%22headerChannelBanner%22%3Anull%2C%22contentColumns%22%3A3%2C%22contentRows%22%3A3%2C%22contentGutter%22%3A20%2C%22contentResponsive%22%3A%5B%7B%22minWidth%22%3A375%2C%22columns%22%3A1%2C%22rows%22%3A1%2C%22gutter%22%3A%2220%22%7D%2C%7B%22minWidth%22%3A768%2C%22columns%22%3A2%2C%22rows%22%3A1%2C%22gutter%22%3A%2220%22%7D%5D%2C%22width%22%3A%22auto%22%2C%22videoLayout%22%3A%22classic%22%2C%22videoInfo%22%3A%5B%22title%22%2C%22date%22%2C%22description%22%2C%22playIcon%22%5D%2C%22videoPlayMode%22%3A%22popup%22%2C%22popupInfo%22%3A%5B%5D%2C%22popupAutoplay%22%3Atrue%2C%22contentDirection%22%3A%22horizontal%22%2C%22contentArrowsControl%22%3Atrue%2C%22contentScrollControl%22%3Afalse%2C%22contentDragControl%22%3Afalse%2C%22contentPaginationControl%22%3Afalse%2C%22contentScrollbar%22%3Afalse%2C%22contentSearch%22%3Afalse%2C%22contentDivider1%22%3Anull%2C%22contentTransitionSpeed%22%3A600%2C%22contentTransitionEffect%22%3A%22fade%22%2C%22contentFreeMode%22%3Afalse%2C%22contentDivider2%22%3Anull%2C%22contentAuto%22%3A0%2C%22contentAutoPauseOnHover%22%3Atrue%2C%22colorScheme%22%3A%22custom%22%2C%22colorHeaderBg%22%3A%22rgb%28250%2C%20250%2C%20250%29%22%2C%22colorHeaderBannerOverlay%22%3A%22rgba%28255%2C%20255%2C%20255%2C%200.92%29%22%2C%22colorHeaderChannelName%22%3A%22rgb%2817%2C%2017%2C%2017%29%22%2C%22colorHeaderChannelNameHover%22%3A%22rgb%2817%2C%2017%2C%2017%29%22%2C%22colorHeaderChannelDescription%22%3A%22rgb%2817%2C%2017%2C%2017%29%22%2C%22colorHeaderAnchor%22%3A%22rgb%2817%2C%2017%2C%2017%29%22%2C%22colorHeaderAnchorHover%22%3A%22rgb%2817%2C%2017%2C%2017%29%22%2C%22colorHeaderCounters%22%3A%22rgba%2817%2C%2017%2C%2017%2C%200.7%29%22%2C%22colorGroupsBg%22%3A%22rgb%28255%2C%20255%2C%20255%29%22%2C%22colorGroupsLink%22%3A%22rgb%2817%2C%2017%2C%2017%2C%200.5%29%22%2C%22colorGroupsLinkHover%22%3A%22rgb%2817%2C%2017%2C%2017%29%22%2C%22colorGroupsLinkActive%22%3A%22rgb%2817%2C%2017%2C%2017%29%22%2C%22colorGroupsHighlightHover%22%3A%22rgb%2817%2C%2017%2C%2017%29%22%2C%22colorGroupsHighlightActive%22%3A%22rgb%2817%2C%2017%2C%2017%29%22%2C%22colorVideoBg%22%3A%22rgb%28255%2C%20255%2C%20255%29%22%2C%22colorVideoOverlay%22%3A%22rgb%28255%2C%20255%2C%20255%29%22%2C%22colorVideoPlayIcon%22%3A%22rgba%28116%2C%20185%2C%20169%2C%200.65%29%22%2C%22colorVideoPlayIconHover%22%3A%22rgba%28149%2C%20202%2C%20189%2C%200.7%29%22%2C%22colorVideoDuration%22%3A%22rgb%28255%2C%20255%2C%20255%29%22%2C%22colorVideoDurationBg%22%3A%22rgba%2834%2C%2034%2C%2034%2C%200.81%29%22%2C%22colorVideoTitle%22%3A%22rgb%2817%2C%2017%2C%2017%29%22%2C%22colorVideoTitleHover%22%3A%22rgb%2817%2C%2017%2C%2017%29%22%2C%22colorVideoDate%22%3A%22rgba%2817%2C%2017%2C%2017%2C%200.7%29%22%2C%22colorVideoDescription%22%3A%22rgb%2817%2C%2017%2C%2017%29%22%2C%22colorVideoAnchor%22%3A%22rgb%28116%2C%20185%2C%20169%29%22%2C%22colorVideoAnchorHover%22%3A%22rgb%28149%2C%20202%2C%20189%29%22%2C%22colorVideoCounters%22%3A%22rgba%2817%2C%2017%2C%2017%2C%200.7%29%22%2C%22colorPopupBg%22%3A%22rgb%28255%2C%20255%2C%20255%29%22%2C%22colorPopupAnchor%22%3A%22rgb%28116%2C%20185%2C%20169%29%22%2C%22colorPopupAnchorHover%22%3A%22rgb%28149%2C%20202%2C%20189%29%22%2C%22colorPopupOverlay%22%3A%22rgba%2811%2C%2011%2C%2011%2C%200.8%29%22%2C%22colorPopupTitle%22%3A%22rgb%2817%2C%2017%2C%2017%29%22%2C%22colorPopupChannelName%22%3A%22rgb%2817%2C%2017%2C%2017%29%22%2C%22colorPopupChannelNameHover%22%3A%22rgb%2817%2C%2017%2C%2017%29%22%2C%22colorPopupViewsCounter%22%3A%22rgba%2817%2C%2017%2C%2017%2C%200.7%29%22%2C%22colorPopupLikesRatio%22%3A%22rgb%28116%2C%20185%2C%20169%29%22%2C%22colorPopupDislikesRatio%22%3A%22rgb%28207%2C%20207%2C%20207%29%22%2C%22colorPopupLikesCounter%22%3A%22rgba%2817%2C%2017%2C%2017%2C%200.5%29%22%2C%22colorPopupDislikesCounter%22%3A%22rgba%2817%2C%2017%2C%2017%2C%200.5%29%22%2C%22colorPopupShare%22%3A%22rgba%2817%2C%2017%2C%2017%2C%200.5%29%22%2C%22colorPopupDate%22%3A%22rgba%2817%2C%2017%2C%2017%2C%200.7%29%22%2C%22colorPopupDescription%22%3A%22rgb%2817%2C%2017%2C%2017%29%22%2C%22colorPopupDescriptionMoreButton%22%3A%22rgba%2817%2C%2017%2C%2017%2C%200.5%29%22%2C%22colorPopupDescriptionMoreButtonHover%22%3A%22rgba%2817%2C%2017%2C%2017%2C%200.7%29%22%2C%22colorPopupCommentsUsername%22%3A%22rgb%2817%2C%2017%2C%2017%29%22%2C%22colorPopupCommentsUsernameHover%22%3A%22rgb%2817%2C%2017%2C%2017%29%22%2C%22colorPopupCommentsPassedTime%22%3A%22rgba%2817%2C%2017%2C%2017%2C%200.7%29%22%2C%22colorPopupCommentsLikes%22%3A%22rgba%2817%2C%2017%2C%2017%2C%200.5%29%22%2C%22colorPopupCommentsText%22%3A%22rgb%2817%2C%2017%2C%2017%29%22%2C%22colorPopupControls%22%3A%22rgb%28160%2C%20160%2C%20160%29%22%2C%22colorPopupControlsHover%22%3A%22rgb%28220%2C%20220%2C%20220%29%22%2C%22colorPopupControlsMobile%22%3A%22rgb%28220%2C%20220%2C%20220%29%22%2C%22colorPopupControlsMobileBg%22%3A%22rgba%28255%2C%20255%2C%20255%2C%200%29%22%2C%22colorContentBg%22%3A%22rgb%28255%2C%20255%2C%20255%29%22%2C%22colorContentArrows%22%3A%22rgb%28255%2C%20255%2C%20255%29%22%2C%22colorContentArrowsHover%22%3A%22rgb%28255%2C%20255%2C%20255%29%22%2C%22colorContentArrowsBg%22%3A%22rgba%28149%2C%20202%2C%20189%2C%200.65%29%22%2C%22colorContentArrowsBgHover%22%3A%22rgba%28149%2C%20202%2C%20189%2C%200.65%29%22%2C%22colorContentScrollbarBg%22%3A%22rgb%28255%2C%20255%2C%20255%29%22%2C%22colorContentScrollbarSliderBg%22%3A%22rgba%280%2C%200%2C%200%2C%200.4%29%22%2C%22lang%22%3A%22en%22%2C%22adsClient%22%3Anull%2C%22adsSlotsContent%22%3Anull%2C%22adsSlotsPopup%22%3Anull%2C%22noCookies%22%3Atrue%2C%22key%22%3A%22AIzaSyDairRBIsaQ0h2QIVe7eso3AvSeGJPghVk%22%2C%22apiUrl%22%3A%22https%3A%5C%2F%5C%2Fweddingpackagesnyc.com%5C%2Fes%5C%2Fwp-json%5C%2Felfsight-youtube-gallery%5C%2Fapi%22%2C%22widgetId%22%3A%221%22%7D\" \n                data-elfsight-youtube-gallery-version=\"3.5.0\"\n                data-elfsight-widget-id=\"elfsight-youtube-gallery-1\">\n            <\/div>\n            \n<h1>\n\t\tPuede leer m\u00e1s testimonios de nuestros clientes en Google.\n\t<\/h1>\n\t<h2><strong><em><a href=\"https:\/\/www.google.com\/search?q=wedding+packages+nyc&amp;lrd=0x89c25858ead641e7:0x4dc148e77e46d31d,1&amp;cad=h\" target=\"_blank\" rel=\"noopener\">Leer M\u00e1s Comentarios en Google<\/a><\/em><\/strong><\/h2>\n<h2>\n\t\tOur Mission\n\t<\/h2>\n\t<p>Wedding Packages NYC was founded in 2015 by Veronica Moya, a bilingual wedding officiant and planner with over 14 years of experience in the wedding industry.<\/p>\n<p>Her goal was to provide affordable wedding and elopement packages for couples that want all the glamour of a New York City wedding without the year-long planning or expense of a traditional wedding. She has personally designed and created a number of very affordable all-inclusive elopement packages for Couples who don&#8217;t want to spend a fortune on their special day but still deserve to have intimate experience and beautiful memories on their wedding day.<\/p>\n<p>We want everyone to be able to have a beautiful and stylish wedding regardless of where they come from.<\/p>\n\t<p><img loading=\"lazy\" decoding=\"async\" src=\"https:\/\/weddingpackagesnyc.com\/wp-content\/uploads\/2022\/03\/how-to-elope-in-nyc-veronica-moya-3D-book-cover-sml-227x300.png\" alt=\"\" width=\"336\" height=\"444\" title=\"\"><\/p>\n<p>We believe everyone deserves a beautiful, classy wedding and we pride ourselves in knowing how to give it to you. And it&#8217;s our mission to be there for you, all the way.<\/p>\n\t\t\t<a href=\"https:\/\/weddingpackagesnyc.com\/wedding-packages-nyc\/\" target=\"_blank\" rel=\"noopener\">\n\t\t\t\t\t\t\tSee our Packages\n\t\t\t\t\t<\/a>\n<h3>\n\t\tIntroducing our customizable wedding packages for elopements and micro-weddings in New York City.\n\t<\/h3>\n\t<iframe allowfullscreen allow=\"autoplay\" data-src=\"https:\/\/www.youtube-nocookie.com\/embed\/hX41I3A41cc?feature=oembed&amp;start&amp;end&amp;wmode=opaque&amp;loop=0&amp;controls=1&amp;mute=0&amp;rel=0&amp;modestbranding=1\"><\/iframe>\t\t\n\t\t\t\t\tPlay Video\n<h3>\n\t\tEverything you need to know about tying the knot in New York City\n\t<\/h3>\n\t<p>Con m\u00e1s de 10 a\u00f1os de experiencia en la organizaci\u00f3n de bodas en la ciudad de Nueva York, le ofrecemos una biblioteca de recursos y algunas de las muchas historias de bodas de las que hemos formado parte. Vea nuestras historias m\u00e1s recientes a continuaci\u00f3n o vaya a nuestra\u00a0<a href=\"https:\/\/weddingpackagesnyc.com\/wedding-resources\/\">p\u00e1gina de recursos<\/a>\u00a0aqu\u00ed.<\/p>\n\t\t\t<a href=\"https:\/\/weddingpackagesnyc.com\/wedding-resources\/\" target=\"_self\" rel=\"noopener\">\n\t\t\t\t\t\t\tWedding Resources \n\t\t\t\t\t<\/a>\n\t\t\t\t<a href=\"https:\/\/weddingpackagesnyc.com\/wedding-resources\/\" target=\"_self\" itemprop=\"url\" rel=\"noopener\">\n\t\t\t\t<img loading=\"lazy\" decoding=\"async\" src=\"https:\/\/weddingpackagesnyc.com\/wp-content\/uploads\/2020\/07\/FreedomTowerWeddingPackagesinNYC-scaled.jpg\" alt=\"Freedom Tower couple marriage ceremony with beautiful skyline\" itemprop=\"image\" height=\"1703\" width=\"2560\" title=\"Freedom+Tower+Wedding+Packages+in+NYC\" onerror=\"this.style.display='none'\"  \/>\n\t\t\t\t<\/a>\n\t<h2><em>Le haremos olvidar que se est\u00e1 fugando. Se sentir\u00e1 mimado en todo momento.<\/em><\/h2>\n\t\t\t<a href=\"tel:(646)%20592-0125\" target=\"_self\" rel=\"noopener\">\n\t\t\t\t\t\t\t\u00bfLista para empezar? <br \/>ll\u00e1manos al (917) 300-3034\n\t\t\t\t\t<\/a>\n\t<p>Explora nuestros <a href=\"https:\/\/weddingpackagesnyc.com\/central-park-weddings-nyc\/\"><strong>Paquetes de Boda en el Parque Central<\/strong><\/a> encuentra el <strong><a href=\"https:\/\/weddingpackagesnyc.com\/central-park-weddings-nyc\/#centralparklocations\">lugar ideal en el parque<\/a><\/strong> o si est\u00e1 interesado en otros lugares de la ciudad de Nueva York, consulte los paquetes de bodas para conocer otros <a href=\"https:\/\/weddingpackagesnyc.com\/elopement-packages-nyc\/\"><strong>popular locations<\/strong><\/a> in Manhattan.<\/p>\n\t<a href=\"https:\/\/weddingpackagesnyc.com\/wedding-packages-nyc\/\">\n    Elije tu <br \/>paquetes de boda <br \/>Paquete\n<\/a>\n\t<p>Puede contactarnos usando nuestro formulario en l\u00ednea, llamarnos al 646-592-0125 o seleccionar <a href=\"\/packages\">un paquete en esta p\u00e1gina.<\/a><\/p>\n\t<a href=\"https:\/\/weddingpackagesnyc.com\/central-park-weddings-nyc\/#centralparklocations\">\n    Encuentra tu<br \/> lugar ideal\n<\/a>\n\t<p>\u00a1Es hora de planificar la boda de sus sue\u00f1os! Seleccione uno de nuestros paquetes, \u00a1podemos crear uno nuevo solo para usted!<\/p>\n\t<a href=\"https:\/\/weddingpackagesnyc.com\/elopement-packages-nyc\/\">\n    Check out <br \/>Popular NY<br \/> de Nueva York\n<\/a>\n\t<p>\u00a1Abre el champagne y disfruta de uno de los d\u00edas m\u00e1s memorables de su vida mientras nosotros nos ocupamos de todos los detalles!<\/p>","protected":false},"excerpt":{"rendered":"<p>Your Elopement Destination in NYC Weddings Packages NYC is here to make your life easier! We are the&#8230;<\/p>","protected":false},"author":9,"featured_media":0,"parent":0,"menu_order":1,"comment_status":"closed","ping_status":"closed","template":"","meta":{"_acf_changed":false,"footnotes":""},"class_list":["post-14761","page","type-page","status-publish","hentry","wpbf-post"],"acf":[],"_links":{"self":[{"href":"https:\/\/weddingpackagesnyc.com\/es\/wp-json\/wp\/v2\/pages\/14761","targetHints":{"allow":["GET"]}}],"collection":[{"href":"https:\/\/weddingpackagesnyc.com\/es\/wp-json\/wp\/v2\/pages"}],"about":[{"href":"https:\/\/weddingpackagesnyc.com\/es\/wp-json\/wp\/v2\/types\/page"}],"author":[{"embeddable":true,"href":"https:\/\/weddingpackagesnyc.com\/es\/wp-json\/wp\/v2\/users\/9"}],"replies":[{"embeddable":true,"href":"https:\/\/weddingpackagesnyc.com\/es\/wp-json\/wp\/v2\/comments?post=14761"}],"version-history":[{"count":7,"href":"https:\/\/weddingpackagesnyc.com\/es\/wp-json\/wp\/v2\/pages\/14761\/revisions"}],"predecessor-version":[{"id":17226,"href":"https:\/\/weddingpackagesnyc.com\/es\/wp-json\/wp\/v2\/pages\/14761\/revisions\/17226"}],"wp:attachment":[{"href":"https:\/\/weddingpackagesnyc.com\/es\/wp-json\/wp\/v2\/media?parent=14761"}],"curies":[{"name":"wp","href":"https:\/\/api.w.org\/{rel}","templated":true}]}}